{"id":11502,"date":"2026-03-19T08:52:49","date_gmt":"2026-03-19T07:52:49","guid":{"rendered":"https:\/\/nextgen-workforce.ch\/?page_id=11502"},"modified":"2026-03-24T21:36:55","modified_gmt":"2026-03-24T20:36:55","slug":"allgemeine-geschaeftsbedingungen-agb-nextgen-workforce","status":"publish","type":"page","link":"https:\/\/nextgen-workforce.ch\/de\/allgemeine-geschaeftsbedingungen-agb-nextgen-workforce\/","title":{"rendered":"AGB"},"content":{"rendered":"\t\t<div data-elementor-type=\"wp-page\" data-elementor-id=\"11502\" class=\"elementor elementor-11502\">\n\t\t\t\t<div class=\"elementor-element elementor-element-2e8668f e-flex e-con-boxed e-con e-parent\" data-id=\"2e8668f\" data-element_type=\"container\" data-e-type=\"container\">\n\t\t\t\t\t<div class=\"e-con-inner\">\n\t\t\t\t<div class=\"elementor-element elementor-element-a9c24f0 elementor-widget elementor-widget-heading\" data-id=\"a9c24f0\" data-element_type=\"widget\" data-e-type=\"widget\" data-widget_type=\"heading.default\">\n\t\t\t\t\t<h1 class=\"elementor-heading-title elementor-size-default\">Allgemeine Gesch\u00e4ftsbedingungen (AGB)<\/h1>\t\t\t\t<\/div>\n\t\t\t\t<div class=\"elementor-element elementor-element-ec8c031 elementor-widget elementor-widget-text-editor\" data-id=\"ec8c031\" data-element_type=\"widget\" data-e-type=\"widget\" data-widget_type=\"text-editor.default\">\n\t\t\t\t\t\t\t\t\t<h2>Allgemeines<\/h2><p>NextGen Workforce arbeitet ausschliesslich mit Gesch\u00e4ftskunden (B2B) und erbringt Leistungen im Bereich IT <a href=\"https:\/\/de.wikipedia.org\/wiki\/Nearshoring\">Nearshoring<\/a> f\u00fcr Schweizer Unternehmen.<\/p><p>Der konkrete Leistungsumfang, Preise sowie vertragliche Details werden individuell im Rahmen von Angeboten und Vertr\u00e4gen vereinbart.<\/p><p>Die folgenden Informationen dienen der allgemeinen Beschreibung der Zusammenarbeit und stellen keine rechtlich verbindlichen Allgemeinen Gesch\u00e4ftsbedingungen dar.<\/p><h2>Leistungsmodell<\/h2><p>Unsere Spezialisten arbeiten als integrierte Erweiterung bestehender <a href=\"\/modell-nearshoring-schweiz\/\">IT-Organisationen<\/a>.<\/p><p>Die Zusammenarbeit erfolgt in enger Abstimmung mit den verantwortlichen <a href=\"\/beratung-nearshoring-schweiz\/\">Ansprechpartnern<\/a> des Kunden und orientiert sich an bestehenden Strukturen, Prozessen und Arbeitsweisen.<\/p><h2>Zusammenarbeit<\/h2><ul><li>Klare Verantwortlichkeiten<\/li><li>Transparente Kommunikation<\/li><li>Langfristige Partnerschaften<\/li><li>Stabile und planbare Zusammenarbeit<\/li><\/ul><p>Unsere <a href=\"\/modell-nearshoring-schweiz\/\">Teams<\/a> arbeiten in der Regel remote aus Portugal und sind vollst\u00e4ndig in den operativen IT-Alltag unserer Kunden eingebunden.<\/p><h2>Verf\u00fcgbarkeit &amp; Organisation<\/h2><p>Arbeitszeiten, Verf\u00fcgbarkeit sowie organisatorische Rahmenbedingungen richten sich nach den individuellen Anforderungen des Kunden und werden projektbezogen vereinbart.<\/p><h2>Datenschutz &amp; Vertraulichkeit<\/h2><p>Der Schutz sensibler Informationen hat h\u00f6chste Priorit\u00e4t.<\/p><p>Alle Leistungen erfolgen unter Einhaltung der geltenden Datenschutzgesetze (DSGVO \/ DSG) sowie vertraglich vereinbarter Vertraulichkeitsregelungen.<\/p><h2>Vertragsgrundlagen<\/h2><p>Alle Details zur Zusammenarbeit, insbesondere Leistungsumfang, Preise, Laufzeiten, K\u00fcndigungsregelungen und Haftung, werden individuell und transparent im jeweiligen Vertrag geregelt.<\/p>\t\t\t\t\t\t\t\t<\/div>\n\t\t\t\t\t<\/div>\n\t\t\t\t<\/div>\n\t\t\t\t<\/div>\n\t\t","protected":false},"excerpt":{"rendered":"<p>Allgemeine Gesch\u00e4ftsbedingungen (AGB) Allgemeines NextGen Workforce arbeitet ausschliesslich mit Gesch\u00e4ftskunden (B2B) und erbringt Leistungen im Bereich IT Nearshoring f\u00fcr Schweizer Unternehmen. Der konkrete Leistungsumfang, Preise sowie vertragliche Details werden individuell im Rahmen von Angeboten und Vertr\u00e4gen vereinbart. Die folgenden Informationen dienen&#8230;<\/p>\n","protected":false},"author":1,"featured_media":0,"parent":0,"menu_order":0,"comment_status":"closed","ping_status":"closed","template":"","meta":{"footnotes":""},"class_list":["post-11502","page","type-page","status-publish","hentry"],"yoast_head":"<!-- This site is optimized with the Yoast SEO plugin v27.5 - https:\/\/yoast.com\/product\/yoast-seo-wordpress\/ -->\n<title>Allgemeine Gesch\u00e4ftsbedingungen (AGB) NextGen Workforce<\/title>\n<meta name=\"description\" content=\"Allgemeine Gesch\u00e4ftsbedingungen (AGB) von NextGen Workforce IT Nearshoring Dienstleistungen Transparente Vertragsbedingungen f\u00fcr Unternehmen\" \/>\n<meta name=\"robots\" content=\"noindex, follow\" \/>\n<meta property=\"og:locale\" content=\"de_DE\" \/>\n<meta property=\"og:type\" content=\"article\" \/>\n<meta property=\"og:title\" content=\"AGB NextGen Workforce\" \/>\n<meta property=\"og:description\" content=\"AGB von NextGen Workforce IT Nearshoring Dienstleistungen zwischen Schweiz und Portugal. Transparente Vertragsbedingungen f\u00fcr Unternehmen\" \/>\n<meta property=\"og:url\" content=\"https:\/\/nextgen-workforce.ch\/de\/allgemeine-geschaeftsbedingungen-agb-nextgen-workforce\/\" \/>\n<meta property=\"og:site_name\" content=\"NextGen WorkForce\" \/>\n<meta property=\"article:modified_time\" content=\"2026-03-24T20:36:55+00:00\" \/>\n<meta property=\"og:image\" content=\"https:\/\/nextgen-workforce.ch\/wp-content\/uploads\/2026\/03\/014f1bdc-02f6-4612-8ca8-cf42e8c5b05e.png\" \/>\n\t<meta property=\"og:image:width\" content=\"1024\" \/>\n\t<meta property=\"og:image:height\" content=\"1024\" \/>\n\t<meta property=\"og:image:type\" content=\"image\/png\" \/>\n<meta name=\"twitter:card\" content=\"summary_large_image\" \/>\n<meta name=\"twitter:title\" content=\"AGB NextGen Workforce\" \/>\n<meta name=\"twitter:description\" content=\"AGB von NextGen Workforce IT Nearshoring Dienstleistungen zwischen Schweiz und Portugal. Transparente Vertragsbedingungen f\u00fcr Unternehmen\" \/>\n<meta name=\"twitter:site\" content=\"@nextgenWor\" \/>\n<meta name=\"twitter:label1\" content=\"Gesch\u00e4tzte Lesezeit\" \/>\n\t<meta name=\"twitter:data1\" content=\"1\u00a0Minute\" \/>\n<script type=\"application\/ld+json\" class=\"yoast-schema-graph\">{\"@context\":\"https:\\\/\\\/schema.org\",\"@graph\":[{\"@type\":\"WebPage\",\"@id\":\"https:\\\/\\\/nextgen-workforce.ch\\\/de\\\/allgemeine-geschaeftsbedingungen-agb-nextgen-workforce\\\/\",\"url\":\"https:\\\/\\\/nextgen-workforce.ch\\\/de\\\/allgemeine-geschaeftsbedingungen-agb-nextgen-workforce\\\/\",\"name\":\"Allgemeine Gesch\u00e4ftsbedingungen (AGB) NextGen Workforce\",\"isPartOf\":{\"@id\":\"https:\\\/\\\/nextgen-workforce.ch\\\/de\\\/#website\"},\"datePublished\":\"2026-03-19T07:52:49+00:00\",\"dateModified\":\"2026-03-24T20:36:55+00:00\",\"description\":\"Allgemeine Gesch\u00e4ftsbedingungen (AGB) von NextGen Workforce IT Nearshoring Dienstleistungen Transparente Vertragsbedingungen f\u00fcr Unternehmen\",\"breadcrumb\":{\"@id\":\"https:\\\/\\\/nextgen-workforce.ch\\\/de\\\/allgemeine-geschaeftsbedingungen-agb-nextgen-workforce\\\/#breadcrumb\"},\"inLanguage\":\"de\",\"potentialAction\":[{\"@type\":\"ReadAction\",\"target\":[\"https:\\\/\\\/nextgen-workforce.ch\\\/de\\\/allgemeine-geschaeftsbedingungen-agb-nextgen-workforce\\\/\"]}]},{\"@type\":\"BreadcrumbList\",\"@id\":\"https:\\\/\\\/nextgen-workforce.ch\\\/de\\\/allgemeine-geschaeftsbedingungen-agb-nextgen-workforce\\\/#breadcrumb\",\"itemListElement\":[{\"@type\":\"ListItem\",\"position\":1,\"name\":\"Start\",\"item\":\"https:\\\/\\\/nextgen-workforce.ch\\\/de\\\/\"},{\"@type\":\"ListItem\",\"position\":2,\"name\":\"AGB\"}]},{\"@type\":\"WebSite\",\"@id\":\"https:\\\/\\\/nextgen-workforce.ch\\\/de\\\/#website\",\"url\":\"https:\\\/\\\/nextgen-workforce.ch\\\/de\\\/\",\"name\":\"NextGen Workforce\",\"description\":\"Nearshoring f\u00fcr Schweizer Unternehmen \u2013 dedizierte IT-Teams aus Portugal unter Schweizer F\u00fchrung\",\"publisher\":{\"@id\":\"https:\\\/\\\/nextgen-workforce.ch\\\/de\\\/#organization\"},\"alternateName\":\"NextGen\",\"potentialAction\":[{\"@type\":\"SearchAction\",\"target\":{\"@type\":\"EntryPoint\",\"urlTemplate\":\"https:\\\/\\\/nextgen-workforce.ch\\\/de\\\/?s={search_term_string}\"},\"query-input\":{\"@type\":\"PropertyValueSpecification\",\"valueRequired\":true,\"valueName\":\"search_term_string\"}}],\"inLanguage\":\"de\"},{\"@type\":\"Organization\",\"@id\":\"https:\\\/\\\/nextgen-workforce.ch\\\/de\\\/#organization\",\"name\":\"NextGen Workforce\",\"alternateName\":\"NextGen\",\"url\":\"https:\\\/\\\/nextgen-workforce.ch\\\/de\\\/\",\"logo\":{\"@type\":\"ImageObject\",\"inLanguage\":\"de\",\"@id\":\"https:\\\/\\\/nextgen-workforce.ch\\\/de\\\/#\\\/schema\\\/logo\\\/image\\\/\",\"url\":\"https:\\\/\\\/nextgen-workforce.ch\\\/wp-content\\\/uploads\\\/2026\\\/03\\\/nextgen-workforce-logo.png\",\"contentUrl\":\"https:\\\/\\\/nextgen-workforce.ch\\\/wp-content\\\/uploads\\\/2026\\\/03\\\/nextgen-workforce-logo.png\",\"width\":1024,\"height\":1024,\"caption\":\"NextGen Workforce\"},\"image\":{\"@id\":\"https:\\\/\\\/nextgen-workforce.ch\\\/de\\\/#\\\/schema\\\/logo\\\/image\\\/\"},\"sameAs\":[\"https:\\\/\\\/x.com\\\/nextgenWor\",\"https:\\\/\\\/www.linkedin.com\\\/in\\\/nextgen-workforce\\\/\"]}]}<\/script>\n<!-- \/ Yoast SEO plugin. -->","yoast_head_json":{"title":"Allgemeine Gesch\u00e4ftsbedingungen (AGB) NextGen Workforce","description":"Allgemeine Gesch\u00e4ftsbedingungen (AGB) von NextGen Workforce IT Nearshoring Dienstleistungen Transparente Vertragsbedingungen f\u00fcr Unternehmen","robots":{"index":"noindex","follow":"follow"},"og_locale":"de_DE","og_type":"article","og_title":"AGB NextGen Workforce","og_description":"AGB von NextGen Workforce IT Nearshoring Dienstleistungen zwischen Schweiz und Portugal. Transparente Vertragsbedingungen f\u00fcr Unternehmen","og_url":"https:\/\/nextgen-workforce.ch\/de\/allgemeine-geschaeftsbedingungen-agb-nextgen-workforce\/","og_site_name":"NextGen WorkForce","article_modified_time":"2026-03-24T20:36:55+00:00","og_image":[{"width":1024,"height":1024,"url":"https:\/\/nextgen-workforce.ch\/wp-content\/uploads\/2026\/03\/014f1bdc-02f6-4612-8ca8-cf42e8c5b05e.png","type":"image\/png"}],"twitter_card":"summary_large_image","twitter_title":"AGB NextGen Workforce","twitter_description":"AGB von NextGen Workforce IT Nearshoring Dienstleistungen zwischen Schweiz und Portugal. Transparente Vertragsbedingungen f\u00fcr Unternehmen","twitter_site":"@nextgenWor","twitter_misc":{"Gesch\u00e4tzte Lesezeit":"1\u00a0Minute"},"schema":{"@context":"https:\/\/schema.org","@graph":[{"@type":"WebPage","@id":"https:\/\/nextgen-workforce.ch\/de\/allgemeine-geschaeftsbedingungen-agb-nextgen-workforce\/","url":"https:\/\/nextgen-workforce.ch\/de\/allgemeine-geschaeftsbedingungen-agb-nextgen-workforce\/","name":"Allgemeine Gesch\u00e4ftsbedingungen (AGB) NextGen Workforce","isPartOf":{"@id":"https:\/\/nextgen-workforce.ch\/de\/#website"},"datePublished":"2026-03-19T07:52:49+00:00","dateModified":"2026-03-24T20:36:55+00:00","description":"Allgemeine Gesch\u00e4ftsbedingungen (AGB) von NextGen Workforce IT Nearshoring Dienstleistungen Transparente Vertragsbedingungen f\u00fcr Unternehmen","breadcrumb":{"@id":"https:\/\/nextgen-workforce.ch\/de\/allgemeine-geschaeftsbedingungen-agb-nextgen-workforce\/#breadcrumb"},"inLanguage":"de","potentialAction":[{"@type":"ReadAction","target":["https:\/\/nextgen-workforce.ch\/de\/allgemeine-geschaeftsbedingungen-agb-nextgen-workforce\/"]}]},{"@type":"BreadcrumbList","@id":"https:\/\/nextgen-workforce.ch\/de\/allgemeine-geschaeftsbedingungen-agb-nextgen-workforce\/#breadcrumb","itemListElement":[{"@type":"ListItem","position":1,"name":"Start","item":"https:\/\/nextgen-workforce.ch\/de\/"},{"@type":"ListItem","position":2,"name":"AGB"}]},{"@type":"WebSite","@id":"https:\/\/nextgen-workforce.ch\/de\/#website","url":"https:\/\/nextgen-workforce.ch\/de\/","name":"NextGen Workforce","description":"Nearshoring f\u00fcr Schweizer Unternehmen \u2013 dedizierte IT-Teams aus Portugal unter Schweizer F\u00fchrung","publisher":{"@id":"https:\/\/nextgen-workforce.ch\/de\/#organization"},"alternateName":"NextGen","potentialAction":[{"@type":"SearchAction","target":{"@type":"EntryPoint","urlTemplate":"https:\/\/nextgen-workforce.ch\/de\/?s={search_term_string}"},"query-input":{"@type":"PropertyValueSpecification","valueRequired":true,"valueName":"search_term_string"}}],"inLanguage":"de"},{"@type":"Organization","@id":"https:\/\/nextgen-workforce.ch\/de\/#organization","name":"NextGen Workforce","alternateName":"NextGen","url":"https:\/\/nextgen-workforce.ch\/de\/","logo":{"@type":"ImageObject","inLanguage":"de","@id":"https:\/\/nextgen-workforce.ch\/de\/#\/schema\/logo\/image\/","url":"https:\/\/nextgen-workforce.ch\/wp-content\/uploads\/2026\/03\/nextgen-workforce-logo.png","contentUrl":"https:\/\/nextgen-workforce.ch\/wp-content\/uploads\/2026\/03\/nextgen-workforce-logo.png","width":1024,"height":1024,"caption":"NextGen Workforce"},"image":{"@id":"https:\/\/nextgen-workforce.ch\/de\/#\/schema\/logo\/image\/"},"sameAs":["https:\/\/x.com\/nextgenWor","https:\/\/www.linkedin.com\/in\/nextgen-workforce\/"]}]}},"_links":{"self":[{"href":"https:\/\/nextgen-workforce.ch\/de\/wp-json\/wp\/v2\/pages\/11502","targetHints":{"allow":["GET"]}}],"collection":[{"href":"https:\/\/nextgen-workforce.ch\/de\/wp-json\/wp\/v2\/pages"}],"about":[{"href":"https:\/\/nextgen-workforce.ch\/de\/wp-json\/wp\/v2\/types\/page"}],"author":[{"embeddable":true,"href":"https:\/\/nextgen-workforce.ch\/de\/wp-json\/wp\/v2\/users\/1"}],"replies":[{"embeddable":true,"href":"https:\/\/nextgen-workforce.ch\/de\/wp-json\/wp\/v2\/comments?post=11502"}],"version-history":[{"count":31,"href":"https:\/\/nextgen-workforce.ch\/de\/wp-json\/wp\/v2\/pages\/11502\/revisions"}],"predecessor-version":[{"id":12139,"href":"https:\/\/nextgen-workforce.ch\/de\/wp-json\/wp\/v2\/pages\/11502\/revisions\/12139"}],"wp:attachment":[{"href":"https:\/\/nextgen-workforce.ch\/de\/wp-json\/wp\/v2\/media?parent=11502"}],"curies":[{"name":"wp","href":"https:\/\/api.w.org\/{rel}","templated":true}]}}