{"id":11516,"date":"2026-03-19T09:14:07","date_gmt":"2026-03-19T08:14:07","guid":{"rendered":"https:\/\/nextgen-workforce.ch\/?page_id=11516"},"modified":"2026-03-24T21:37:33","modified_gmt":"2026-03-24T20:37:33","slug":"impressum-nextgen-workforce","status":"publish","type":"page","link":"https:\/\/nextgen-workforce.ch\/de\/impressum-nextgen-workforce\/","title":{"rendered":"Impressum"},"content":{"rendered":"\t\t<div data-elementor-type=\"wp-page\" data-elementor-id=\"11516\" class=\"elementor elementor-11516\">\n\t\t\t\t<div class=\"elementor-element elementor-element-d365d53 e-flex e-con-boxed e-con e-parent\" data-id=\"d365d53\" data-element_type=\"container\" data-e-type=\"container\">\n\t\t\t\t\t<div class=\"e-con-inner\">\n\t\t\t\t<div class=\"elementor-element elementor-element-d5dae94 elementor-widget elementor-widget-heading\" data-id=\"d5dae94\" data-element_type=\"widget\" data-e-type=\"widget\" data-widget_type=\"heading.default\">\n\t\t\t\t\t<h1 class=\"elementor-heading-title elementor-size-default\">Impressum<\/h1>\t\t\t\t<\/div>\n\t\t\t\t<div class=\"elementor-element elementor-element-2b3bc9c elementor-widget elementor-widget-text-editor\" data-id=\"2b3bc9c\" data-element_type=\"widget\" data-e-type=\"widget\" data-widget_type=\"text-editor.default\">\n\t\t\t\t\t\t\t\t\t<p>Angaben gem\u00e4ss geltendem EU- und portugiesischem Recht<\/p>\t\t\t\t\t\t\t\t<\/div>\n\t\t\t\t<div class=\"elementor-element elementor-element-ed4fe79 elementor-widget elementor-widget-text-editor\" data-id=\"ed4fe79\" data-element_type=\"widget\" data-e-type=\"widget\" data-widget_type=\"text-editor.default\">\n\t\t\t\t\t\t\t\t\t<h2>Unternehmen<\/h2><p><strong>NextGen Workforce Lda<\/strong><br \/>R. Jo\u00e3o Chagas no 10B Direito<br \/>1500-493 Lisboa<br \/>Portugal<\/p><p>&#8212;<\/p><h2>Kontakt<\/h2><p>E-Mail: info@nextgen-workforce.ch<br \/>Web: https:\/\/nextgen-workforce.ch<\/p><p>&#8212;<\/p><h2>Handelsregister &amp; Gesellschaftsform<\/h2><p>Rechtsform: Sociedade por Quotas (Lda)<br \/>Handelsregister: Conservat\u00f3ria do Registo Comercial Lisboa<br \/>Registernummer: [XXXX]<\/p><p>&#8212;<\/p><h2>Umsatzsteuer-Identifikationsnummer<\/h2><p>USt-IdNr. gem\u00e4ss Art. 36.\u00ba CIVA:<br \/>[XXXX]<\/p><p>&#8212;<\/p><h2>Verantwortlich f\u00fcr den Inhalt<\/h2><p>NextGen Workforce Lda<br \/>Adresse wie oben<\/p><p>&#8212;<\/p><h2>Haftungsausschluss<\/h2><h3>Haftung f\u00fcr Inhalte<\/h3><p>Die Inhalte unserer Website wurden mit gr\u00f6sster Sorgfalt erstellt.<br \/>F\u00fcr die Richtigkeit, Vollst\u00e4ndigkeit und Aktualit\u00e4t der Inhalte k\u00f6nnen wir jedoch keine Gew\u00e4hr \u00fcbernehmen.<\/p><p>Als <a href=\"\/modell-nearshoring-schweiz\/\">Diensteanbieter<\/a> sind wir gem\u00e4ss den anwendbaren gesetzlichen Bestimmungen f\u00fcr eigene Inhalte auf diesen Seiten verantwortlich.<\/p><p>&#8212;<\/p><h3>Haftung f\u00fcr externe Links<\/h3><p>Unsere Website enth\u00e4lt Links zu externen Websites Dritter, auf deren Inhalte wir keinen Einfluss haben.<\/p><p>Deshalb k\u00f6nnen wir f\u00fcr diese fremden Inhalte auch keine Gew\u00e4hr \u00fcbernehmen.<br \/>F\u00fcr die Inhalte der verlinkten Seiten ist stets der jeweilige Anbieter oder Betreiber verantwortlich.<\/p><p>&#8212;<\/p><h2>Urheberrecht<\/h2><p>Die durch den Seitenbetreiber erstellten Inhalte und Werke auf diesen Seiten unterliegen dem portugiesischen und europ\u00e4ischen Urheberrecht.<\/p><p>Jede Art der Verwertung ausserhalb der Grenzen des Urheberrechts bedarf der vorherigen schriftlichen Zustimmung des jeweiligen Rechteinhabers.<\/p><p>&#8212;<\/p><h2>Anwendbares Recht &amp; Gerichtsstand<\/h2><p>Es gilt ausschliesslich portugiesisches Recht unter Ausschluss des Kollisionsrechts.<\/p><p>Gerichtsstand ist \u2013 soweit gesetzlich zul\u00e4ssig \u2013 Lissabon, Portugal.<\/p>\t\t\t\t\t\t\t\t<\/div>\n\t\t\t\t\t<\/div>\n\t\t\t\t<\/div>\n\t\t\t\t<\/div>\n\t\t","protected":false},"excerpt":{"rendered":"<p>Impressum Angaben gem\u00e4ss geltendem EU- und portugiesischem Recht Unternehmen NextGen Workforce LdaR. Jo\u00e3o Chagas no 10B Direito1500-493 LisboaPortugal &#8212; Kontakt E-Mail: info@nextgen-workforce.chWeb: https:\/\/nextgen-workforce.ch &#8212; Handelsregister &amp; Gesellschaftsform Rechtsform: Sociedade por Quotas (Lda)Handelsregister: Conservat\u00f3ria do Registo Comercial LisboaRegisternummer: [XXXX] &#8212; Umsatzsteuer-Identifikationsnummer USt-IdNr&#8230;.<\/p>\n","protected":false},"author":1,"featured_media":0,"parent":0,"menu_order":0,"comment_status":"closed","ping_status":"closed","template":"","meta":{"footnotes":""},"class_list":["post-11516","page","type-page","status-publish","hentry"],"yoast_head":"<!-- This site is optimized with the Yoast SEO plugin v27.5 - https:\/\/yoast.com\/product\/yoast-seo-wordpress\/ -->\n<title>Impressum | NextGen Workforce<\/title>\n<meta name=\"description\" content=\"Impressum von NextGen Workforce mit allen rechtlichen Angaben und Kontaktinformationen f\u00fcr Kunden in der Schweiz und Europa.\" \/>\n<meta name=\"robots\" content=\"noindex, follow\" \/>\n<meta property=\"og:locale\" content=\"de_DE\" \/>\n<meta property=\"og:type\" content=\"article\" \/>\n<meta property=\"og:title\" content=\"Impressum | NextGen Workforce\" \/>\n<meta property=\"og:description\" content=\"Impressum von NextGen Workforce mit allen rechtlichen Angaben und Kontaktinformationen f\u00fcr Kunden in der Schweiz und Europa.\" \/>\n<meta property=\"og:url\" content=\"https:\/\/nextgen-workforce.ch\/de\/impressum-nextgen-workforce\/\" \/>\n<meta property=\"og:site_name\" content=\"NextGen WorkForce\" \/>\n<meta property=\"article:modified_time\" content=\"2026-03-24T20:37:33+00:00\" \/>\n<meta property=\"og:image\" content=\"https:\/\/nextgen-workforce.ch\/wp-content\/uploads\/2026\/03\/f106b090-678d-4fad-bdef-ee16c8f0104f.png\" \/>\n\t<meta property=\"og:image:width\" content=\"1024\" \/>\n\t<meta property=\"og:image:height\" content=\"1536\" \/>\n\t<meta property=\"og:image:type\" content=\"image\/png\" \/>\n<meta name=\"twitter:card\" content=\"summary_large_image\" \/>\n<meta name=\"twitter:title\" content=\"Impressum | NextGen Workforce\" \/>\n<meta name=\"twitter:description\" content=\"Impressum von NextGen Workforce mit allen rechtlichen Angaben und Kontaktinformationen f\u00fcr Kunden in der Schweiz und Europa.\" \/>\n<meta name=\"twitter:image\" content=\"https:\/\/nextgen-workforce.ch\/wp-content\/uploads\/2026\/03\/f106b090-678d-4fad-bdef-ee16c8f0104f.png\" \/>\n<meta name=\"twitter:site\" content=\"@nextgenWor\" \/>\n<meta name=\"twitter:label1\" content=\"Gesch\u00e4tzte Lesezeit\" \/>\n\t<meta name=\"twitter:data1\" content=\"2\u00a0Minuten\" \/>\n<script type=\"application\/ld+json\" class=\"yoast-schema-graph\">{\"@context\":\"https:\\\/\\\/schema.org\",\"@graph\":[{\"@type\":\"WebPage\",\"@id\":\"https:\\\/\\\/nextgen-workforce.ch\\\/de\\\/impressum-nextgen-workforce\\\/\",\"url\":\"https:\\\/\\\/nextgen-workforce.ch\\\/de\\\/impressum-nextgen-workforce\\\/\",\"name\":\"Impressum | NextGen Workforce\",\"isPartOf\":{\"@id\":\"https:\\\/\\\/nextgen-workforce.ch\\\/de\\\/#website\"},\"datePublished\":\"2026-03-19T08:14:07+00:00\",\"dateModified\":\"2026-03-24T20:37:33+00:00\",\"description\":\"Impressum von NextGen Workforce mit allen rechtlichen Angaben und Kontaktinformationen f\u00fcr Kunden in der Schweiz und Europa.\",\"breadcrumb\":{\"@id\":\"https:\\\/\\\/nextgen-workforce.ch\\\/de\\\/impressum-nextgen-workforce\\\/#breadcrumb\"},\"inLanguage\":\"de\",\"potentialAction\":[{\"@type\":\"ReadAction\",\"target\":[\"https:\\\/\\\/nextgen-workforce.ch\\\/de\\\/impressum-nextgen-workforce\\\/\"]}]},{\"@type\":\"BreadcrumbList\",\"@id\":\"https:\\\/\\\/nextgen-workforce.ch\\\/de\\\/impressum-nextgen-workforce\\\/#breadcrumb\",\"itemListElement\":[{\"@type\":\"ListItem\",\"position\":1,\"name\":\"Start\",\"item\":\"https:\\\/\\\/nextgen-workforce.ch\\\/de\\\/\"},{\"@type\":\"ListItem\",\"position\":2,\"name\":\"Impressum\"}]},{\"@type\":\"WebSite\",\"@id\":\"https:\\\/\\\/nextgen-workforce.ch\\\/de\\\/#website\",\"url\":\"https:\\\/\\\/nextgen-workforce.ch\\\/de\\\/\",\"name\":\"NextGen Workforce\",\"description\":\"Nearshoring f\u00fcr Schweizer Unternehmen \u2013 dedizierte IT-Teams aus Portugal unter Schweizer F\u00fchrung\",\"publisher\":{\"@id\":\"https:\\\/\\\/nextgen-workforce.ch\\\/de\\\/#organization\"},\"alternateName\":\"NextGen\",\"potentialAction\":[{\"@type\":\"SearchAction\",\"target\":{\"@type\":\"EntryPoint\",\"urlTemplate\":\"https:\\\/\\\/nextgen-workforce.ch\\\/de\\\/?s={search_term_string}\"},\"query-input\":{\"@type\":\"PropertyValueSpecification\",\"valueRequired\":true,\"valueName\":\"search_term_string\"}}],\"inLanguage\":\"de\"},{\"@type\":\"Organization\",\"@id\":\"https:\\\/\\\/nextgen-workforce.ch\\\/de\\\/#organization\",\"name\":\"NextGen Workforce\",\"alternateName\":\"NextGen\",\"url\":\"https:\\\/\\\/nextgen-workforce.ch\\\/de\\\/\",\"logo\":{\"@type\":\"ImageObject\",\"inLanguage\":\"de\",\"@id\":\"https:\\\/\\\/nextgen-workforce.ch\\\/de\\\/#\\\/schema\\\/logo\\\/image\\\/\",\"url\":\"https:\\\/\\\/nextgen-workforce.ch\\\/wp-content\\\/uploads\\\/2026\\\/03\\\/nextgen-workforce-logo.png\",\"contentUrl\":\"https:\\\/\\\/nextgen-workforce.ch\\\/wp-content\\\/uploads\\\/2026\\\/03\\\/nextgen-workforce-logo.png\",\"width\":1024,\"height\":1024,\"caption\":\"NextGen Workforce\"},\"image\":{\"@id\":\"https:\\\/\\\/nextgen-workforce.ch\\\/de\\\/#\\\/schema\\\/logo\\\/image\\\/\"},\"sameAs\":[\"https:\\\/\\\/x.com\\\/nextgenWor\",\"https:\\\/\\\/www.linkedin.com\\\/in\\\/nextgen-workforce\\\/\"]}]}<\/script>\n<!-- \/ Yoast SEO plugin. -->","yoast_head_json":{"title":"Impressum | NextGen Workforce","description":"Impressum von NextGen Workforce mit allen rechtlichen Angaben und Kontaktinformationen f\u00fcr Kunden in der Schweiz und Europa.","robots":{"index":"noindex","follow":"follow"},"og_locale":"de_DE","og_type":"article","og_title":"Impressum | NextGen Workforce","og_description":"Impressum von NextGen Workforce mit allen rechtlichen Angaben und Kontaktinformationen f\u00fcr Kunden in der Schweiz und Europa.","og_url":"https:\/\/nextgen-workforce.ch\/de\/impressum-nextgen-workforce\/","og_site_name":"NextGen WorkForce","article_modified_time":"2026-03-24T20:37:33+00:00","og_image":[{"width":1024,"height":1536,"url":"https:\/\/nextgen-workforce.ch\/wp-content\/uploads\/2026\/03\/f106b090-678d-4fad-bdef-ee16c8f0104f.png","type":"image\/png"}],"twitter_card":"summary_large_image","twitter_title":"Impressum | NextGen Workforce","twitter_description":"Impressum von NextGen Workforce mit allen rechtlichen Angaben und Kontaktinformationen f\u00fcr Kunden in der Schweiz und Europa.","twitter_image":"https:\/\/nextgen-workforce.ch\/wp-content\/uploads\/2026\/03\/f106b090-678d-4fad-bdef-ee16c8f0104f.png","twitter_site":"@nextgenWor","twitter_misc":{"Gesch\u00e4tzte Lesezeit":"2\u00a0Minuten"},"schema":{"@context":"https:\/\/schema.org","@graph":[{"@type":"WebPage","@id":"https:\/\/nextgen-workforce.ch\/de\/impressum-nextgen-workforce\/","url":"https:\/\/nextgen-workforce.ch\/de\/impressum-nextgen-workforce\/","name":"Impressum | NextGen Workforce","isPartOf":{"@id":"https:\/\/nextgen-workforce.ch\/de\/#website"},"datePublished":"2026-03-19T08:14:07+00:00","dateModified":"2026-03-24T20:37:33+00:00","description":"Impressum von NextGen Workforce mit allen rechtlichen Angaben und Kontaktinformationen f\u00fcr Kunden in der Schweiz und Europa.","breadcrumb":{"@id":"https:\/\/nextgen-workforce.ch\/de\/impressum-nextgen-workforce\/#breadcrumb"},"inLanguage":"de","potentialAction":[{"@type":"ReadAction","target":["https:\/\/nextgen-workforce.ch\/de\/impressum-nextgen-workforce\/"]}]},{"@type":"BreadcrumbList","@id":"https:\/\/nextgen-workforce.ch\/de\/impressum-nextgen-workforce\/#breadcrumb","itemListElement":[{"@type":"ListItem","position":1,"name":"Start","item":"https:\/\/nextgen-workforce.ch\/de\/"},{"@type":"ListItem","position":2,"name":"Impressum"}]},{"@type":"WebSite","@id":"https:\/\/nextgen-workforce.ch\/de\/#website","url":"https:\/\/nextgen-workforce.ch\/de\/","name":"NextGen Workforce","description":"Nearshoring f\u00fcr Schweizer Unternehmen \u2013 dedizierte IT-Teams aus Portugal unter Schweizer F\u00fchrung","publisher":{"@id":"https:\/\/nextgen-workforce.ch\/de\/#organization"},"alternateName":"NextGen","potentialAction":[{"@type":"SearchAction","target":{"@type":"EntryPoint","urlTemplate":"https:\/\/nextgen-workforce.ch\/de\/?s={search_term_string}"},"query-input":{"@type":"PropertyValueSpecification","valueRequired":true,"valueName":"search_term_string"}}],"inLanguage":"de"},{"@type":"Organization","@id":"https:\/\/nextgen-workforce.ch\/de\/#organization","name":"NextGen Workforce","alternateName":"NextGen","url":"https:\/\/nextgen-workforce.ch\/de\/","logo":{"@type":"ImageObject","inLanguage":"de","@id":"https:\/\/nextgen-workforce.ch\/de\/#\/schema\/logo\/image\/","url":"https:\/\/nextgen-workforce.ch\/wp-content\/uploads\/2026\/03\/nextgen-workforce-logo.png","contentUrl":"https:\/\/nextgen-workforce.ch\/wp-content\/uploads\/2026\/03\/nextgen-workforce-logo.png","width":1024,"height":1024,"caption":"NextGen Workforce"},"image":{"@id":"https:\/\/nextgen-workforce.ch\/de\/#\/schema\/logo\/image\/"},"sameAs":["https:\/\/x.com\/nextgenWor","https:\/\/www.linkedin.com\/in\/nextgen-workforce\/"]}]}},"_links":{"self":[{"href":"https:\/\/nextgen-workforce.ch\/de\/wp-json\/wp\/v2\/pages\/11516","targetHints":{"allow":["GET"]}}],"collection":[{"href":"https:\/\/nextgen-workforce.ch\/de\/wp-json\/wp\/v2\/pages"}],"about":[{"href":"https:\/\/nextgen-workforce.ch\/de\/wp-json\/wp\/v2\/types\/page"}],"author":[{"embeddable":true,"href":"https:\/\/nextgen-workforce.ch\/de\/wp-json\/wp\/v2\/users\/1"}],"replies":[{"embeddable":true,"href":"https:\/\/nextgen-workforce.ch\/de\/wp-json\/wp\/v2\/comments?post=11516"}],"version-history":[{"count":23,"href":"https:\/\/nextgen-workforce.ch\/de\/wp-json\/wp\/v2\/pages\/11516\/revisions"}],"predecessor-version":[{"id":12248,"href":"https:\/\/nextgen-workforce.ch\/de\/wp-json\/wp\/v2\/pages\/11516\/revisions\/12248"}],"wp:attachment":[{"href":"https:\/\/nextgen-workforce.ch\/de\/wp-json\/wp\/v2\/media?parent=11516"}],"curies":[{"name":"wp","href":"https:\/\/api.w.org\/{rel}","templated":true}]}}