{"id":12297,"date":"2026-03-22T08:46:24","date_gmt":"2026-03-22T07:46:24","guid":{"rendered":"https:\/\/nextgen-workforce.ch\/?page_id=12297"},"modified":"2026-03-24T21:37:08","modified_gmt":"2026-03-24T20:37:08","slug":"bewerbungsformular","status":"publish","type":"page","link":"https:\/\/nextgen-workforce.ch\/de\/bewerbungsformular\/","title":{"rendered":"bewerbungsformular"},"content":{"rendered":"\t\t<div data-elementor-type=\"wp-page\" data-elementor-id=\"12297\" class=\"elementor elementor-12297\">\n\t\t\t\t<div class=\"elementor-element elementor-element-52bb5f2 e-flex e-con-boxed e-con e-parent\" data-id=\"52bb5f2\" data-element_type=\"container\" data-e-type=\"container\">\n\t\t\t\t\t<div class=\"e-con-inner\">\n\t\t<div class=\"elementor-element elementor-element-85f9d16 e-con-full e-flex e-con e-child\" data-id=\"85f9d16\" data-element_type=\"container\" data-e-type=\"container\">\n\t\t<div class=\"elementor-element elementor-element-6ebef65 e-con-full e-flex e-con e-child\" data-id=\"6ebef65\" data-element_type=\"container\" data-e-type=\"container\">\n\t\t\t\t<div class=\"elementor-element elementor-element-8eb7409 elementor-widget elementor-widget-html\" data-id=\"8eb7409\" data-element_type=\"widget\" data-e-type=\"widget\" data-widget_type=\"html.default\">\n\t\t\t\t\t<div class=\"ngw-job-apply-header\">\r\n  <div class=\"ngw-job-apply-label\">Bewerbung f\u00fcr<\/div>\r\n  <h1 id=\"ngw-job-title-display\">Position wird geladen \u2026<\/h1>\r\n<\/div>\t\t\t\t<\/div>\n\t\t\t\t<\/div>\n\t\t\t\t<\/div>\n\t\t\t\t<div class=\"elementor-element elementor-element-eac4a2b elementor-widget-widescreen__width-initial elementor-widget elementor-widget-shortcode\" data-id=\"eac4a2b\" data-element_type=\"widget\" data-e-type=\"widget\" data-widget_type=\"shortcode.default\">\n\t\t\t\t\t\t\t<div class=\"elementor-shortcode\">\n<div class=\"wpcf7 no-js\" id=\"wpcf7-f12296-o1\" lang=\"de-DE\" dir=\"ltr\" data-wpcf7-id=\"12296\">\n<div class=\"screen-reader-response\"><p role=\"status\" aria-live=\"polite\" aria-atomic=\"true\"><\/p> <ul><\/ul><\/div>\n<form action=\"\/de\/wp-json\/wp\/v2\/pages\/12297#wpcf7-f12296-o1\" method=\"post\" class=\"wpcf7-form init wpcf7-acceptance-as-validation\" aria-label=\"Kontaktformular\" enctype=\"multipart\/form-data\" novalidate=\"novalidate\" data-status=\"init\">\n<fieldset class=\"hidden-fields-container\"><input type=\"hidden\" name=\"_wpcf7\" value=\"12296\" \/><input type=\"hidden\" name=\"_wpcf7_version\" value=\"6.1.5\" \/><input type=\"hidden\" name=\"_wpcf7_locale\" value=\"de_DE\" \/><input type=\"hidden\" name=\"_wpcf7_unit_tag\" value=\"wpcf7-f12296-o1\" \/><input type=\"hidden\" name=\"_wpcf7_container_post\" value=\"0\" \/><input type=\"hidden\" name=\"_wpcf7_posted_data_hash\" value=\"\" \/>\n<\/fieldset>\n<input class=\"wpcf7-form-control wpcf7-hidden\" id=\"job-title-field\" value=\"\" type=\"hidden\" name=\"job-title\" \/>\n<div style=\"display:none;\">\n\t<p><span class=\"wpcf7-form-control-wrap\" data-name=\"company\"><input size=\"40\" maxlength=\"400\" class=\"wpcf7-form-control wpcf7-text\" aria-invalid=\"false\" value=\"\" type=\"text\" name=\"company\" \/><\/span>\n\t<\/p>\n<\/div>\n<h3>Pers\u00f6nliche Angaben\n<\/h3>\n<p><label>Anrede*<br \/>\n<span class=\"wpcf7-form-control-wrap\" data-name=\"salutation\"><select class=\"wpcf7-form-control wpcf7-select wpcf7-validates-as-required\" aria-required=\"true\" aria-invalid=\"false\" name=\"salutation\"><option value=\"\">Bitte ausw\u00e4hlen<\/option><option value=\"Herr\">Herr<\/option><option value=\"Frau\">Frau<\/option><\/select><\/span><\/label>\n<\/p>\n<p><label>Titel<br \/>\n<span class=\"wpcf7-form-control-wrap\" data-name=\"title\"><select class=\"wpcf7-form-control wpcf7-select\" aria-invalid=\"false\" name=\"title\"><option value=\"\">Bitte ausw\u00e4hlen<\/option><option value=\"Dr.\">Dr.<\/option><option value=\"Prof.\">Prof.<\/option><\/select><\/span><\/label>\n<\/p>\n<p><label>Vorname*<br \/>\n<span class=\"wpcf7-form-control-wrap\" data-name=\"first-name\"><input size=\"40\" maxlength=\"400\" class=\"wpcf7-form-control wpcf7-text wpcf7-validates-as-required\" aria-required=\"true\" aria-invalid=\"false\" value=\"\" type=\"text\" name=\"first-name\" \/><\/span><\/label>\n<\/p>\n<p><label>Nachname*<br \/>\n<span class=\"wpcf7-form-control-wrap\" data-name=\"last-name\"><input size=\"40\" maxlength=\"400\" class=\"wpcf7-form-control wpcf7-text wpcf7-validates-as-required\" aria-required=\"true\" aria-invalid=\"false\" value=\"\" type=\"text\" name=\"last-name\" \/><\/span><\/label>\n<\/p>\n<p><label>E-Mail*<br \/>\n<span class=\"wpcf7-form-control-wrap\" data-name=\"email\"><input size=\"40\" maxlength=\"400\" class=\"wpcf7-form-control wpcf7-email wpcf7-validates-as-required wpcf7-text wpcf7-validates-as-email\" aria-required=\"true\" aria-invalid=\"false\" value=\"\" type=\"email\" name=\"email\" \/><\/span><\/label>\n<\/p>\n<p><label>Telefon*<br \/>\n<span class=\"wpcf7-form-control-wrap\" data-name=\"phone\"><input size=\"40\" maxlength=\"400\" class=\"wpcf7-form-control wpcf7-tel wpcf7-validates-as-required wpcf7-text wpcf7-validates-as-tel\" aria-required=\"true\" aria-invalid=\"false\" value=\"\" type=\"tel\" name=\"phone\" \/><\/span><\/label>\n<\/p>\n<p><label>Strasse \/ Nr.*<br \/>\n<span class=\"wpcf7-form-control-wrap\" data-name=\"street\"><input size=\"40\" maxlength=\"400\" class=\"wpcf7-form-control wpcf7-text wpcf7-validates-as-required\" aria-required=\"true\" aria-invalid=\"false\" value=\"\" type=\"text\" name=\"street\" \/><\/span><\/label>\n<\/p>\n<p><label>PLZ*<br \/>\n<span class=\"wpcf7-form-control-wrap\" data-name=\"postal-code\"><input size=\"40\" maxlength=\"400\" class=\"wpcf7-form-control wpcf7-text wpcf7-validates-as-required\" aria-required=\"true\" aria-invalid=\"false\" value=\"\" type=\"text\" name=\"postal-code\" \/><\/span><\/label>\n<\/p>\n<p><label>Ort*<br \/>\n<span class=\"wpcf7-form-control-wrap\" data-name=\"city\"><input size=\"40\" maxlength=\"400\" class=\"wpcf7-form-control wpcf7-text wpcf7-validates-as-required\" aria-required=\"true\" aria-invalid=\"false\" value=\"\" type=\"text\" name=\"city\" \/><\/span><\/label>\n<\/p>\n<p><label>Land*<br \/>\n<span class=\"wpcf7-form-control-wrap\" data-name=\"country\"><select class=\"wpcf7-form-control wpcf7-select wpcf7-validates-as-required\" aria-required=\"true\" aria-invalid=\"false\" name=\"country\"><option value=\"\">Land w\u00e4hlen<\/option><option value=\"Schweiz\">Schweiz<\/option><option value=\"Deutschland\">Deutschland<\/option><option value=\"\u00d6sterreich\">\u00d6sterreich<\/option><option value=\"Portugal\">Portugal<\/option><option value=\"Frankreich\">Frankreich<\/option><option value=\"Italien\">Italien<\/option><option value=\"Spanien\">Spanien<\/option><option value=\"Sonstiges\">Sonstiges<\/option><\/select><\/span><\/label>\n<\/p>\n<p><label>Geburtsdatum*<br \/>\n<span class=\"wpcf7-form-control-wrap\" data-name=\"birth-date\"><input class=\"wpcf7-form-control wpcf7-date wpcf7-validates-as-required wpcf7-validates-as-date\" aria-required=\"true\" aria-invalid=\"false\" value=\"\" type=\"date\" name=\"birth-date\" \/><\/span><\/label>\n<\/p>\n<h3>Gehaltsvorstellung\n<\/h3>\n<p><label>Gew\u00fcnschtes Jahresgehalt (\u20ac)*<br \/>\n<span class=\"wpcf7-form-control-wrap\" data-name=\"salary\"><input class=\"wpcf7-form-control wpcf7-number wpcf7-validates-as-required wpcf7-validates-as-number\" min=\"30000\" max=\"300000\" step=\"1000\" aria-required=\"true\" aria-invalid=\"false\" value=\"\" type=\"number\" name=\"salary\" \/><\/span><\/label>\n<\/p>\n<h3>Bewerbungsunterlagen\n<\/h3>\n<p><label>Lebenslauf (PDF)*<br \/>\n<span class=\"wpcf7-form-control-wrap\" data-name=\"cv\"><input size=\"40\" class=\"wpcf7-form-control wpcf7-file wpcf7-validates-as-required\" accept=\".pdf\" aria-required=\"true\" aria-invalid=\"false\" type=\"file\" name=\"cv\" \/><\/span><\/label>\n<\/p>\n<p><label>Motivationsschreiben (PDF)<br \/>\n<span class=\"wpcf7-form-control-wrap\" data-name=\"motivation\"><input size=\"40\" class=\"wpcf7-form-control wpcf7-file\" accept=\".pdf\" aria-invalid=\"false\" type=\"file\" name=\"motivation\" \/><\/span><\/label>\n<\/p>\n<p><label>Zertifikate (PDF)<br \/>\n<span class=\"wpcf7-form-control-wrap\" data-name=\"certificate\"><input size=\"40\" class=\"wpcf7-form-control wpcf7-file\" accept=\".pdf\" aria-invalid=\"false\" type=\"file\" name=\"certificate\" \/><\/span><\/label>\n<\/p>\n<p><label>Arbeitszeugnisse (PDF)<br \/>\n<span class=\"wpcf7-form-control-wrap\" data-name=\"employment-references\"><input size=\"40\" class=\"wpcf7-form-control wpcf7-file\" accept=\".pdf\" aria-invalid=\"false\" type=\"file\" name=\"employment-references\" \/><\/span><\/label>\n<\/p>\n<h3>Datenschutz\n<\/h3>\n<p><span class=\"wpcf7-form-control-wrap\" data-name=\"privacy\"><span class=\"wpcf7-form-control wpcf7-acceptance\"><span class=\"wpcf7-list-item\"><label><input type=\"checkbox\" name=\"privacy\" value=\"1\" aria-invalid=\"false\" \/><span class=\"wpcf7-list-item-label\">Ich stimme der Verarbeitung meiner personenbezogenen Daten gem\u00e4ss der <a href=\"\/datenschutzerklaerung-nextgen-workforce\/\" target=\"_blank\">Datenschutzerkl\u00e4rung<\/a> zu.<\/span><\/label><\/span><\/span><\/span>\n<\/p>\n<p><input class=\"wpcf7-form-control wpcf7-submit has-spinner\" type=\"submit\" value=\"Bewerbung absenden\" \/>\n<\/p><div class=\"wpcf7-response-output\" aria-hidden=\"true\"><\/div>\n<\/form>\n<\/div>\n<\/div>\n\t\t\t\t\t\t<\/div>\n\t\t\t\t<div class=\"elementor-element elementor-element-d6dbfd8 elementor-widget elementor-widget-html\" data-id=\"d6dbfd8\" data-element_type=\"widget\" data-e-type=\"widget\" data-widget_type=\"html.default\">\n\t\t\t\t\t<script>\r\ndocument.addEventListener('DOMContentLoaded', function () {\r\n    const fileRules = {\r\n        cv: 2 * 1024 * 1024,\r\n        motivation: 2 * 1024 * 1024,\r\n        certificate: 5 * 1024 * 1024,\r\n        'employment-references': 5 * 1024 * 1024\r\n    };\r\n\r\n    function removeExistingError(field) {\r\n        const wrap = field.closest('.wpcf7-form-control-wrap');\r\n        if (!wrap) return;\r\n\r\n        wrap.querySelectorAll('.ngw-file-error').forEach(function (el) {\r\n            el.remove();\r\n        });\r\n\r\n        field.classList.remove('ngw-file-invalid');\r\n    }\r\n\r\n    function showError(field, message) {\r\n        const wrap = field.closest('.wpcf7-form-control-wrap');\r\n        if (!wrap) return;\r\n\r\n        removeExistingError(field);\r\n\r\n        field.classList.add('ngw-file-invalid');\r\n\r\n        const error = document.createElement('span');\r\n        error.className = 'ngw-file-error';\r\n        error.textContent = message;\r\n\r\n        wrap.appendChild(error);\r\n    }\r\n\r\n    function bindSingleInput(input) {\r\n        if (!input) return;\r\n\r\n        input.addEventListener('change', function () {\r\n            removeExistingError(input);\r\n\r\n            const fieldName = input.getAttribute('name');\r\n            const maxSize = fileRules[fieldName];\r\n\r\n            if (!maxSize) return;\r\n            if (!input.files || !input.files.length) return;\r\n\r\n            const file = input.files[0];\r\n\r\n            if (file.size > maxSize) {\r\n                const maxMb = Math.round(maxSize \/ 1024 \/ 1024);\r\n\r\n                try {\r\n                    input.value = '';\r\n                } catch (e) {\r\n                    const newInput = input.cloneNode(true);\r\n                    input.parentNode.replaceChild(newInput, input);\r\n                    bindSingleInput(newInput);\r\n                    input = newInput;\r\n                }\r\n\r\n                showError(input, 'Datei zu gross. Maximal ' + maxMb + ' MB erlaubt.');\r\n            }\r\n        });\r\n    }\r\n\r\n    document.querySelectorAll('.wpcf7 input[type=\"file\"]').forEach(function (input) {\r\n        bindSingleInput(input);\r\n    });\r\n\r\n    document.addEventListener('wpcf7reset', function () {\r\n        document.querySelectorAll('.ngw-file-error').forEach(function (el) {\r\n            el.remove();\r\n        });\r\n\r\n        document.querySelectorAll('.wpcf7 input[type=\"file\"]').forEach(function (input) {\r\n            input.classList.remove('ngw-file-invalid');\r\n        });\r\n    });\r\n});\r\n<\/script>\r\n\r\n<script>\r\ndocument.addEventListener('DOMContentLoaded', function () {\r\n    const storedJobTitle = localStorage.getItem('ngw_job_title');\r\n    const titleDisplay = document.getElementById('ngw-job-title-display');\r\n\r\n    if (titleDisplay) {\r\n        if (storedJobTitle && storedJobTitle.trim() !== '') {\r\n            titleDisplay.textContent = storedJobTitle.trim();\r\n        } else {\r\n            titleDisplay.textContent = 'Offene Position';\r\n        }\r\n    }\r\n});\r\n<\/script>\t\t\t\t<\/div>\n\t\t\t\t\t<\/div>\n\t\t\t\t<\/div>\n\t\t\t\t<\/div>\n\t\t","protected":false},"excerpt":{"rendered":"<p>Bewerbung f\u00fcr Position wird geladen \u2026<\/p>\n","protected":false},"author":1,"featured_media":0,"parent":0,"menu_order":0,"comment_status":"closed","ping_status":"closed","template":"","meta":{"footnotes":""},"class_list":["post-12297","page","type-page","status-publish","hentry"],"yoast_head":"<!-- This site is optimized with the Yoast SEO plugin v27.5 - https:\/\/yoast.com\/product\/yoast-seo-wordpress\/ -->\n<title>Bewerbungsformular IT Job | NextGen Workforce<\/title>\n<meta name=\"description\" content=\"Jetzt einfach f\u00fcr eine IT-Position bewerben. Direktes Bewerbungsformular f\u00fcr Cloud, Infrastruktur und Security Jobs bei NextGen Workforce\" \/>\n<meta name=\"robots\" content=\"noindex, follow\" \/>\n<meta property=\"og:locale\" content=\"de_DE\" \/>\n<meta property=\"og:type\" content=\"article\" \/>\n<meta property=\"og:title\" content=\"Bewerbungsformular IT Job | NextGen Workforce\" \/>\n<meta property=\"og:description\" content=\"Jetzt einfach f\u00fcr eine IT-Position bewerben. Direktes Bewerbungsformular f\u00fcr Cloud, Infrastruktur und Security Jobs bei NextGen Workforce\" \/>\n<meta property=\"og:url\" content=\"https:\/\/nextgen-workforce.ch\/de\/bewerbungsformular\/\" \/>\n<meta property=\"og:site_name\" content=\"NextGen WorkForce\" \/>\n<meta property=\"article:modified_time\" content=\"2026-03-24T20:37:08+00:00\" \/>\n<meta property=\"og:image\" content=\"https:\/\/nextgen-workforce.ch\/wp-content\/uploads\/2026\/03\/014f1bdc-02f6-4612-8ca8-cf42e8c5b05e.png\" \/>\n\t<meta property=\"og:image:width\" content=\"1024\" \/>\n\t<meta property=\"og:image:height\" content=\"1024\" \/>\n\t<meta property=\"og:image:type\" content=\"image\/png\" \/>\n<meta name=\"twitter:card\" content=\"summary_large_image\" \/>\n<meta name=\"twitter:title\" content=\"Bewerbungsformular IT Job | NextGen Workforce\" \/>\n<meta name=\"twitter:description\" content=\"Jetzt einfach f\u00fcr eine IT-Position bewerben. Direktes Bewerbungsformular f\u00fcr Cloud, Infrastruktur und Security Jobs bei NextGen Workforce\" \/>\n<meta name=\"twitter:site\" content=\"@nextgenWor\" \/>\n<meta name=\"twitter:label1\" content=\"Gesch\u00e4tzte Lesezeit\" \/>\n\t<meta name=\"twitter:data1\" content=\"2\u00a0Minuten\" \/>\n<script type=\"application\/ld+json\" class=\"yoast-schema-graph\">{\"@context\":\"https:\\\/\\\/schema.org\",\"@graph\":[{\"@type\":\"WebPage\",\"@id\":\"https:\\\/\\\/nextgen-workforce.ch\\\/de\\\/bewerbungsformular\\\/\",\"url\":\"https:\\\/\\\/nextgen-workforce.ch\\\/de\\\/bewerbungsformular\\\/\",\"name\":\"Bewerbungsformular IT Job | NextGen Workforce\",\"isPartOf\":{\"@id\":\"https:\\\/\\\/nextgen-workforce.ch\\\/de\\\/#website\"},\"datePublished\":\"2026-03-22T07:46:24+00:00\",\"dateModified\":\"2026-03-24T20:37:08+00:00\",\"description\":\"Jetzt einfach f\u00fcr eine IT-Position bewerben. Direktes Bewerbungsformular f\u00fcr Cloud, Infrastruktur und Security Jobs bei NextGen Workforce\",\"breadcrumb\":{\"@id\":\"https:\\\/\\\/nextgen-workforce.ch\\\/de\\\/bewerbungsformular\\\/#breadcrumb\"},\"inLanguage\":\"de\",\"potentialAction\":[{\"@type\":\"ReadAction\",\"target\":[\"https:\\\/\\\/nextgen-workforce.ch\\\/de\\\/bewerbungsformular\\\/\"]}]},{\"@type\":\"BreadcrumbList\",\"@id\":\"https:\\\/\\\/nextgen-workforce.ch\\\/de\\\/bewerbungsformular\\\/#breadcrumb\",\"itemListElement\":[{\"@type\":\"ListItem\",\"position\":1,\"name\":\"Start\",\"item\":\"https:\\\/\\\/nextgen-workforce.ch\\\/de\\\/\"},{\"@type\":\"ListItem\",\"position\":2,\"name\":\"bewerbungsformular\"}]},{\"@type\":\"WebSite\",\"@id\":\"https:\\\/\\\/nextgen-workforce.ch\\\/de\\\/#website\",\"url\":\"https:\\\/\\\/nextgen-workforce.ch\\\/de\\\/\",\"name\":\"NextGen Workforce\",\"description\":\"Nearshoring f\u00fcr Schweizer Unternehmen \u2013 dedizierte IT-Teams aus Portugal unter Schweizer F\u00fchrung\",\"publisher\":{\"@id\":\"https:\\\/\\\/nextgen-workforce.ch\\\/de\\\/#organization\"},\"alternateName\":\"NextGen\",\"potentialAction\":[{\"@type\":\"SearchAction\",\"target\":{\"@type\":\"EntryPoint\",\"urlTemplate\":\"https:\\\/\\\/nextgen-workforce.ch\\\/de\\\/?s={search_term_string}\"},\"query-input\":{\"@type\":\"PropertyValueSpecification\",\"valueRequired\":true,\"valueName\":\"search_term_string\"}}],\"inLanguage\":\"de\"},{\"@type\":\"Organization\",\"@id\":\"https:\\\/\\\/nextgen-workforce.ch\\\/de\\\/#organization\",\"name\":\"NextGen Workforce\",\"alternateName\":\"NextGen\",\"url\":\"https:\\\/\\\/nextgen-workforce.ch\\\/de\\\/\",\"logo\":{\"@type\":\"ImageObject\",\"inLanguage\":\"de\",\"@id\":\"https:\\\/\\\/nextgen-workforce.ch\\\/de\\\/#\\\/schema\\\/logo\\\/image\\\/\",\"url\":\"https:\\\/\\\/nextgen-workforce.ch\\\/wp-content\\\/uploads\\\/2026\\\/03\\\/nextgen-workforce-logo.png\",\"contentUrl\":\"https:\\\/\\\/nextgen-workforce.ch\\\/wp-content\\\/uploads\\\/2026\\\/03\\\/nextgen-workforce-logo.png\",\"width\":1024,\"height\":1024,\"caption\":\"NextGen Workforce\"},\"image\":{\"@id\":\"https:\\\/\\\/nextgen-workforce.ch\\\/de\\\/#\\\/schema\\\/logo\\\/image\\\/\"},\"sameAs\":[\"https:\\\/\\\/x.com\\\/nextgenWor\",\"https:\\\/\\\/www.linkedin.com\\\/in\\\/nextgen-workforce\\\/\"]}]}<\/script>\n<!-- \/ Yoast SEO plugin. -->","yoast_head_json":{"title":"Bewerbungsformular IT Job | NextGen Workforce","description":"Jetzt einfach f\u00fcr eine IT-Position bewerben. Direktes Bewerbungsformular f\u00fcr Cloud, Infrastruktur und Security Jobs bei NextGen Workforce","robots":{"index":"noindex","follow":"follow"},"og_locale":"de_DE","og_type":"article","og_title":"Bewerbungsformular IT Job | NextGen Workforce","og_description":"Jetzt einfach f\u00fcr eine IT-Position bewerben. Direktes Bewerbungsformular f\u00fcr Cloud, Infrastruktur und Security Jobs bei NextGen Workforce","og_url":"https:\/\/nextgen-workforce.ch\/de\/bewerbungsformular\/","og_site_name":"NextGen WorkForce","article_modified_time":"2026-03-24T20:37:08+00:00","og_image":[{"width":1024,"height":1024,"url":"https:\/\/nextgen-workforce.ch\/wp-content\/uploads\/2026\/03\/014f1bdc-02f6-4612-8ca8-cf42e8c5b05e.png","type":"image\/png"}],"twitter_card":"summary_large_image","twitter_title":"Bewerbungsformular IT Job | NextGen Workforce","twitter_description":"Jetzt einfach f\u00fcr eine IT-Position bewerben. Direktes Bewerbungsformular f\u00fcr Cloud, Infrastruktur und Security Jobs bei NextGen Workforce","twitter_site":"@nextgenWor","twitter_misc":{"Gesch\u00e4tzte Lesezeit":"2\u00a0Minuten"},"schema":{"@context":"https:\/\/schema.org","@graph":[{"@type":"WebPage","@id":"https:\/\/nextgen-workforce.ch\/de\/bewerbungsformular\/","url":"https:\/\/nextgen-workforce.ch\/de\/bewerbungsformular\/","name":"Bewerbungsformular IT Job | NextGen Workforce","isPartOf":{"@id":"https:\/\/nextgen-workforce.ch\/de\/#website"},"datePublished":"2026-03-22T07:46:24+00:00","dateModified":"2026-03-24T20:37:08+00:00","description":"Jetzt einfach f\u00fcr eine IT-Position bewerben. Direktes Bewerbungsformular f\u00fcr Cloud, Infrastruktur und Security Jobs bei NextGen Workforce","breadcrumb":{"@id":"https:\/\/nextgen-workforce.ch\/de\/bewerbungsformular\/#breadcrumb"},"inLanguage":"de","potentialAction":[{"@type":"ReadAction","target":["https:\/\/nextgen-workforce.ch\/de\/bewerbungsformular\/"]}]},{"@type":"BreadcrumbList","@id":"https:\/\/nextgen-workforce.ch\/de\/bewerbungsformular\/#breadcrumb","itemListElement":[{"@type":"ListItem","position":1,"name":"Start","item":"https:\/\/nextgen-workforce.ch\/de\/"},{"@type":"ListItem","position":2,"name":"bewerbungsformular"}]},{"@type":"WebSite","@id":"https:\/\/nextgen-workforce.ch\/de\/#website","url":"https:\/\/nextgen-workforce.ch\/de\/","name":"NextGen Workforce","description":"Nearshoring f\u00fcr Schweizer Unternehmen \u2013 dedizierte IT-Teams aus Portugal unter Schweizer F\u00fchrung","publisher":{"@id":"https:\/\/nextgen-workforce.ch\/de\/#organization"},"alternateName":"NextGen","potentialAction":[{"@type":"SearchAction","target":{"@type":"EntryPoint","urlTemplate":"https:\/\/nextgen-workforce.ch\/de\/?s={search_term_string}"},"query-input":{"@type":"PropertyValueSpecification","valueRequired":true,"valueName":"search_term_string"}}],"inLanguage":"de"},{"@type":"Organization","@id":"https:\/\/nextgen-workforce.ch\/de\/#organization","name":"NextGen Workforce","alternateName":"NextGen","url":"https:\/\/nextgen-workforce.ch\/de\/","logo":{"@type":"ImageObject","inLanguage":"de","@id":"https:\/\/nextgen-workforce.ch\/de\/#\/schema\/logo\/image\/","url":"https:\/\/nextgen-workforce.ch\/wp-content\/uploads\/2026\/03\/nextgen-workforce-logo.png","contentUrl":"https:\/\/nextgen-workforce.ch\/wp-content\/uploads\/2026\/03\/nextgen-workforce-logo.png","width":1024,"height":1024,"caption":"NextGen Workforce"},"image":{"@id":"https:\/\/nextgen-workforce.ch\/de\/#\/schema\/logo\/image\/"},"sameAs":["https:\/\/x.com\/nextgenWor","https:\/\/www.linkedin.com\/in\/nextgen-workforce\/"]}]}},"_links":{"self":[{"href":"https:\/\/nextgen-workforce.ch\/de\/wp-json\/wp\/v2\/pages\/12297","targetHints":{"allow":["GET"]}}],"collection":[{"href":"https:\/\/nextgen-workforce.ch\/de\/wp-json\/wp\/v2\/pages"}],"about":[{"href":"https:\/\/nextgen-workforce.ch\/de\/wp-json\/wp\/v2\/types\/page"}],"author":[{"embeddable":true,"href":"https:\/\/nextgen-workforce.ch\/de\/wp-json\/wp\/v2\/users\/1"}],"replies":[{"embeddable":true,"href":"https:\/\/nextgen-workforce.ch\/de\/wp-json\/wp\/v2\/comments?post=12297"}],"version-history":[{"count":62,"href":"https:\/\/nextgen-workforce.ch\/de\/wp-json\/wp\/v2\/pages\/12297\/revisions"}],"predecessor-version":[{"id":12379,"href":"https:\/\/nextgen-workforce.ch\/de\/wp-json\/wp\/v2\/pages\/12297\/revisions\/12379"}],"wp:attachment":[{"href":"https:\/\/nextgen-workforce.ch\/de\/wp-json\/wp\/v2\/media?parent=12297"}],"curies":[{"name":"wp","href":"https:\/\/api.w.org\/{rel}","templated":true}]}}