{"id":12419,"date":"2026-03-19T08:52:49","date_gmt":"2026-03-19T07:52:49","guid":{"rendered":"https:\/\/nextgen-workforce.ch\/cgv\/"},"modified":"2026-04-25T15:25:59","modified_gmt":"2026-04-25T14:25:59","slug":"cgv","status":"publish","type":"page","link":"https:\/\/nextgen-workforce.ch\/fr\/cgv\/","title":{"rendered":"CGV"},"content":{"rendered":"\t\t<div data-elementor-type=\"wp-page\" data-elementor-id=\"12419\" class=\"elementor elementor-12419 elementor-11502\">\n\t\t\t\t<div class=\"elementor-element elementor-element-2e8668f e-flex e-con-boxed e-con e-parent\" data-id=\"2e8668f\" data-element_type=\"container\" data-e-type=\"container\">\n\t\t\t\t\t<div class=\"e-con-inner\">\n\t\t\t\t<div class=\"elementor-element elementor-element-a9c24f0 elementor-widget elementor-widget-heading\" data-id=\"a9c24f0\" data-element_type=\"widget\" data-e-type=\"widget\" data-widget_type=\"heading.default\">\n\t\t\t\t\t<h1 class=\"elementor-heading-title elementor-size-default\">Conditions g\u00e9n\u00e9rales de vente (CGV)<\/h1>\t\t\t\t<\/div>\n\t\t\t\t<div class=\"elementor-element elementor-element-ec8c031 elementor-widget elementor-widget-text-editor\" data-id=\"ec8c031\" data-element_type=\"widget\" data-e-type=\"widget\" data-widget_type=\"text-editor.default\">\n\t\t\t\t\t\t\t\t\t<h2>G\u00e9n\u00e9ralit\u00e9s<\/h2><p>NextGen Workforce travaille exclusivement avec des clients professionnels (B2B) et fournit des services dans le domaine du <a href=\"https:\/\/de.wikipedia.org\/wiki\/Nearshoring\">Nearshoring<\/a> IT pour les entreprises suisses.<\/p><p>L&rsquo;\u00e9tendue concr\u00e8te des prestations, les prix ainsi que les d\u00e9tails contractuels sont convenus individuellement dans le cadre d&rsquo;offres et de contrats.<\/p><p>Les informations suivantes servent \u00e0 la description g\u00e9n\u00e9rale de la collaboration et ne constituent pas des conditions g\u00e9n\u00e9rales de vente juridiquement contraignantes.<\/p><h2>Mod\u00e8le de prestation<\/h2><p>Nos sp\u00e9cialistes travaillent comme une extension int\u00e9gr\u00e9e des <a href=\"https:\/\/nextgen-workforce.ch\/fr\/modell\/\">organisations IT<\/a> existantes.<\/p><p>La collaboration s&rsquo;effectue en \u00e9troite coordination avec les <a href=\"https:\/\/nextgen-workforce.ch\/fr\/conseil\/\">interlocuteurs<\/a> responsables du client et s&rsquo;oriente selon les structures, processus et m\u00e9thodes de travail existants.<\/p><h2>Collaboration<\/h2><ul><li>Responsabilit\u00e9s claires<\/li><li>Communication transparente<\/li><li>Partenariats \u00e0 long terme<\/li><li>Collaboration stable et pr\u00e9visible<\/li><\/ul><p>Nos <a href=\"https:\/\/nextgen-workforce.ch\/fr\/modell\/\">\u00e9quipes<\/a> travaillent g\u00e9n\u00e9ralement \u00e0 distance depuis le Portugal et sont enti\u00e8rement int\u00e9gr\u00e9es dans le quotidien op\u00e9rationnel IT de nos clients.<\/p><h2>Disponibilit\u00e9 &amp; Organisation<\/h2><p>Les horaires de travail, la disponibilit\u00e9 ainsi que les conditions organisationnelles sont d\u00e9finis selon les exigences individuelles du client et convenus par projet.<\/p><h2>Protection des donn\u00e9es &amp; Confidentialit\u00e9<\/h2><p>La protection des informations sensibles est une priorit\u00e9 absolue.<\/p><p>Toutes les prestations sont effectu\u00e9es dans le respect des lois applicables en mati\u00e8re de protection des donn\u00e9es (RGPD \/ LPD) ainsi que des clauses de confidentialit\u00e9 convenues contractuellement.<\/p><h2>Bases contractuelles<\/h2><p>Tous les d\u00e9tails de la collaboration, notamment l&rsquo;\u00e9tendue des prestations, les prix, les dur\u00e9es, les modalit\u00e9s de r\u00e9siliation et la responsabilit\u00e9, sont r\u00e9gl\u00e9s individuellement et de mani\u00e8re transparente dans le contrat respectif.<\/p>\t\t\t\t\t\t\t\t<\/div>\n\t\t\t\t\t<\/div>\n\t\t\t\t<\/div>\n\t\t\t\t<\/div>\n\t\t","protected":false},"excerpt":{"rendered":"<p>Conditions g\u00e9n\u00e9rales de vente (CGV) G\u00e9n\u00e9ralit\u00e9s NextGen Workforce travaille exclusivement avec des clients professionnels (B2B) et fournit des services dans le domaine du Nearshoring IT pour les entreprises suisses. L&rsquo;\u00e9tendue concr\u00e8te des prestations, les prix ainsi que les d\u00e9tails contractuels sont&#8230;<\/p>\n","protected":false},"author":1,"featured_media":0,"parent":0,"menu_order":0,"comment_status":"closed","ping_status":"closed","template":"","meta":{"footnotes":""},"class_list":["post-12419","page","type-page","status-publish","hentry"],"yoast_head":"<!-- This site is optimized with the Yoast SEO plugin v27.5 - https:\/\/yoast.com\/product\/yoast-seo-wordpress\/ -->\n<title>Conditions g\u00e9n\u00e9rales de vente (CGV) NextGen Workforce<\/title>\n<meta name=\"description\" content=\"Conditions g\u00e9n\u00e9rales de vente (CGV) de NextGen Workforce Services de Nearshoring IT Conditions contractuelles transparentes pour les entreprises\" \/>\n<meta name=\"robots\" content=\"noindex, follow\" \/>\n<meta property=\"og:locale\" content=\"fr_FR\" \/>\n<meta property=\"og:type\" content=\"article\" \/>\n<meta property=\"og:title\" content=\"CGV NextGen Workforce\" \/>\n<meta property=\"og:description\" content=\"CGV de NextGen Workforce Services de Nearshoring IT entre la Suisse et le Portugal. Conditions contractuelles transparentes pour les entreprises\" \/>\n<meta property=\"og:url\" content=\"https:\/\/nextgen-workforce.ch\/fr\/cgv\/\" \/>\n<meta property=\"og:site_name\" content=\"NextGen WorkForce\" \/>\n<meta property=\"article:modified_time\" content=\"2026-04-25T14:25:59+00:00\" \/>\n<meta property=\"og:image\" content=\"https:\/\/nextgen-workforce.ch\/wp-content\/uploads\/2026\/03\/014f1bdc-02f6-4612-8ca8-cf42e8c5b05e.png\" \/>\n\t<meta property=\"og:image:width\" content=\"1024\" \/>\n\t<meta property=\"og:image:height\" content=\"1024\" \/>\n\t<meta property=\"og:image:type\" content=\"image\/png\" \/>\n<meta name=\"twitter:card\" content=\"summary_large_image\" \/>\n<meta name=\"twitter:title\" content=\"CGV NextGen Workforce\" \/>\n<meta name=\"twitter:description\" content=\"CGV de NextGen Workforce Services de Nearshoring IT entre la Suisse et le Portugal. Conditions contractuelles transparentes pour les entreprises\" \/>\n<meta name=\"twitter:site\" content=\"@nextgenWor\" \/>\n<meta name=\"twitter:label1\" content=\"Dur\u00e9e de lecture estim\u00e9e\" \/>\n\t<meta name=\"twitter:data1\" content=\"1 minute\" \/>\n<script type=\"application\/ld+json\" class=\"yoast-schema-graph\">{\"@context\":\"https:\\\/\\\/schema.org\",\"@graph\":[{\"@type\":\"WebPage\",\"@id\":\"https:\\\/\\\/nextgen-workforce.ch\\\/fr\\\/cgv\\\/\",\"url\":\"https:\\\/\\\/nextgen-workforce.ch\\\/fr\\\/cgv\\\/\",\"name\":\"Conditions g\u00e9n\u00e9rales de vente (CGV) NextGen Workforce\",\"isPartOf\":{\"@id\":\"https:\\\/\\\/nextgen-workforce.ch\\\/fr\\\/#website\"},\"datePublished\":\"2026-03-19T07:52:49+00:00\",\"dateModified\":\"2026-04-25T14:25:59+00:00\",\"description\":\"Conditions g\u00e9n\u00e9rales de vente (CGV) de NextGen Workforce Services de Nearshoring IT Conditions contractuelles transparentes pour les entreprises\",\"breadcrumb\":{\"@id\":\"https:\\\/\\\/nextgen-workforce.ch\\\/fr\\\/cgv\\\/#breadcrumb\"},\"inLanguage\":\"fr-FR\",\"potentialAction\":[{\"@type\":\"ReadAction\",\"target\":[\"https:\\\/\\\/nextgen-workforce.ch\\\/fr\\\/cgv\\\/\"]}]},{\"@type\":\"BreadcrumbList\",\"@id\":\"https:\\\/\\\/nextgen-workforce.ch\\\/fr\\\/cgv\\\/#breadcrumb\",\"itemListElement\":[{\"@type\":\"ListItem\",\"position\":1,\"name\":\"Start\",\"item\":\"https:\\\/\\\/nextgen-workforce.ch\\\/fr\\\/\"},{\"@type\":\"ListItem\",\"position\":2,\"name\":\"CGV\"}]},{\"@type\":\"WebSite\",\"@id\":\"https:\\\/\\\/nextgen-workforce.ch\\\/fr\\\/#website\",\"url\":\"https:\\\/\\\/nextgen-workforce.ch\\\/fr\\\/\",\"name\":\"NextGen Workforce\",\"description\":\"Nearshoring f\u00fcr Schweizer Unternehmen \u2013 dedizierte IT-Teams aus Portugal unter Schweizer F\u00fchrung\",\"publisher\":{\"@id\":\"https:\\\/\\\/nextgen-workforce.ch\\\/fr\\\/#organization\"},\"alternateName\":\"NextGen\",\"potentialAction\":[{\"@type\":\"SearchAction\",\"target\":{\"@type\":\"EntryPoint\",\"urlTemplate\":\"https:\\\/\\\/nextgen-workforce.ch\\\/fr\\\/?s={search_term_string}\"},\"query-input\":{\"@type\":\"PropertyValueSpecification\",\"valueRequired\":true,\"valueName\":\"search_term_string\"}}],\"inLanguage\":\"fr-FR\"},{\"@type\":\"Organization\",\"@id\":\"https:\\\/\\\/nextgen-workforce.ch\\\/fr\\\/#organization\",\"name\":\"NextGen Workforce\",\"alternateName\":\"NextGen\",\"url\":\"https:\\\/\\\/nextgen-workforce.ch\\\/fr\\\/\",\"logo\":{\"@type\":\"ImageObject\",\"inLanguage\":\"fr-FR\",\"@id\":\"https:\\\/\\\/nextgen-workforce.ch\\\/fr\\\/#\\\/schema\\\/logo\\\/image\\\/\",\"url\":\"https:\\\/\\\/nextgen-workforce.ch\\\/wp-content\\\/uploads\\\/2026\\\/03\\\/nextgen-workforce-logo.png\",\"contentUrl\":\"https:\\\/\\\/nextgen-workforce.ch\\\/wp-content\\\/uploads\\\/2026\\\/03\\\/nextgen-workforce-logo.png\",\"width\":1024,\"height\":1024,\"caption\":\"NextGen Workforce\"},\"image\":{\"@id\":\"https:\\\/\\\/nextgen-workforce.ch\\\/fr\\\/#\\\/schema\\\/logo\\\/image\\\/\"},\"sameAs\":[\"https:\\\/\\\/x.com\\\/nextgenWor\",\"https:\\\/\\\/www.linkedin.com\\\/in\\\/nextgen-workforce\\\/\"]}]}<\/script>\n<!-- \/ Yoast SEO plugin. -->","yoast_head_json":{"title":"Conditions g\u00e9n\u00e9rales de vente (CGV) NextGen Workforce","description":"Conditions g\u00e9n\u00e9rales de vente (CGV) de NextGen Workforce Services de Nearshoring IT Conditions contractuelles transparentes pour les entreprises","robots":{"index":"noindex","follow":"follow"},"og_locale":"fr_FR","og_type":"article","og_title":"CGV NextGen Workforce","og_description":"CGV de NextGen Workforce Services de Nearshoring IT entre la Suisse et le Portugal. Conditions contractuelles transparentes pour les entreprises","og_url":"https:\/\/nextgen-workforce.ch\/fr\/cgv\/","og_site_name":"NextGen WorkForce","article_modified_time":"2026-04-25T14:25:59+00:00","og_image":[{"width":1024,"height":1024,"url":"https:\/\/nextgen-workforce.ch\/wp-content\/uploads\/2026\/03\/014f1bdc-02f6-4612-8ca8-cf42e8c5b05e.png","type":"image\/png"}],"twitter_card":"summary_large_image","twitter_title":"CGV NextGen Workforce","twitter_description":"CGV de NextGen Workforce Services de Nearshoring IT entre la Suisse et le Portugal. Conditions contractuelles transparentes pour les entreprises","twitter_site":"@nextgenWor","twitter_misc":{"Dur\u00e9e de lecture estim\u00e9e":"1 minute"},"schema":{"@context":"https:\/\/schema.org","@graph":[{"@type":"WebPage","@id":"https:\/\/nextgen-workforce.ch\/fr\/cgv\/","url":"https:\/\/nextgen-workforce.ch\/fr\/cgv\/","name":"Conditions g\u00e9n\u00e9rales de vente (CGV) NextGen Workforce","isPartOf":{"@id":"https:\/\/nextgen-workforce.ch\/fr\/#website"},"datePublished":"2026-03-19T07:52:49+00:00","dateModified":"2026-04-25T14:25:59+00:00","description":"Conditions g\u00e9n\u00e9rales de vente (CGV) de NextGen Workforce Services de Nearshoring IT Conditions contractuelles transparentes pour les entreprises","breadcrumb":{"@id":"https:\/\/nextgen-workforce.ch\/fr\/cgv\/#breadcrumb"},"inLanguage":"fr-FR","potentialAction":[{"@type":"ReadAction","target":["https:\/\/nextgen-workforce.ch\/fr\/cgv\/"]}]},{"@type":"BreadcrumbList","@id":"https:\/\/nextgen-workforce.ch\/fr\/cgv\/#breadcrumb","itemListElement":[{"@type":"ListItem","position":1,"name":"Start","item":"https:\/\/nextgen-workforce.ch\/fr\/"},{"@type":"ListItem","position":2,"name":"CGV"}]},{"@type":"WebSite","@id":"https:\/\/nextgen-workforce.ch\/fr\/#website","url":"https:\/\/nextgen-workforce.ch\/fr\/","name":"NextGen Workforce","description":"Nearshoring f\u00fcr Schweizer Unternehmen \u2013 dedizierte IT-Teams aus Portugal unter Schweizer F\u00fchrung","publisher":{"@id":"https:\/\/nextgen-workforce.ch\/fr\/#organization"},"alternateName":"NextGen","potentialAction":[{"@type":"SearchAction","target":{"@type":"EntryPoint","urlTemplate":"https:\/\/nextgen-workforce.ch\/fr\/?s={search_term_string}"},"query-input":{"@type":"PropertyValueSpecification","valueRequired":true,"valueName":"search_term_string"}}],"inLanguage":"fr-FR"},{"@type":"Organization","@id":"https:\/\/nextgen-workforce.ch\/fr\/#organization","name":"NextGen Workforce","alternateName":"NextGen","url":"https:\/\/nextgen-workforce.ch\/fr\/","logo":{"@type":"ImageObject","inLanguage":"fr-FR","@id":"https:\/\/nextgen-workforce.ch\/fr\/#\/schema\/logo\/image\/","url":"https:\/\/nextgen-workforce.ch\/wp-content\/uploads\/2026\/03\/nextgen-workforce-logo.png","contentUrl":"https:\/\/nextgen-workforce.ch\/wp-content\/uploads\/2026\/03\/nextgen-workforce-logo.png","width":1024,"height":1024,"caption":"NextGen Workforce"},"image":{"@id":"https:\/\/nextgen-workforce.ch\/fr\/#\/schema\/logo\/image\/"},"sameAs":["https:\/\/x.com\/nextgenWor","https:\/\/www.linkedin.com\/in\/nextgen-workforce\/"]}]}},"_links":{"self":[{"href":"https:\/\/nextgen-workforce.ch\/fr\/wp-json\/wp\/v2\/pages\/12419","targetHints":{"allow":["GET"]}}],"collection":[{"href":"https:\/\/nextgen-workforce.ch\/fr\/wp-json\/wp\/v2\/pages"}],"about":[{"href":"https:\/\/nextgen-workforce.ch\/fr\/wp-json\/wp\/v2\/types\/page"}],"author":[{"embeddable":true,"href":"https:\/\/nextgen-workforce.ch\/fr\/wp-json\/wp\/v2\/users\/1"}],"replies":[{"embeddable":true,"href":"https:\/\/nextgen-workforce.ch\/fr\/wp-json\/wp\/v2\/comments?post=12419"}],"version-history":[{"count":4,"href":"https:\/\/nextgen-workforce.ch\/fr\/wp-json\/wp\/v2\/pages\/12419\/revisions"}],"predecessor-version":[{"id":12829,"href":"https:\/\/nextgen-workforce.ch\/fr\/wp-json\/wp\/v2\/pages\/12419\/revisions\/12829"}],"wp:attachment":[{"href":"https:\/\/nextgen-workforce.ch\/fr\/wp-json\/wp\/v2\/media?parent=12419"}],"curies":[{"name":"wp","href":"https:\/\/api.w.org\/{rel}","templated":true}]}}