{"id":12453,"date":"2025-08-13T18:17:48","date_gmt":"2025-08-13T17:17:48","guid":{"rendered":"https:\/\/nextgen-workforce.ch\/carriere\/"},"modified":"2026-04-10T11:24:07","modified_gmt":"2026-04-10T10:24:07","slug":"carriere","status":"publish","type":"page","link":"https:\/\/nextgen-workforce.ch\/fr\/carriere\/","title":{"rendered":"Carri\u00e8re"},"content":{"rendered":"\t\t<div data-elementor-type=\"wp-page\" data-elementor-id=\"12453\" class=\"elementor elementor-12453 elementor-2817\">\n\t\t\t\t<div class=\"elementor-element elementor-element-16fbd44 e-flex e-con-boxed e-con e-parent\" data-id=\"16fbd44\" data-element_type=\"container\" data-e-type=\"container\">\n\t\t\t\t\t<div class=\"e-con-inner\">\n\t\t<div class=\"elementor-element elementor-element-697db43 e-con-full e-flex e-con e-child\" data-id=\"697db43\" data-element_type=\"container\" data-e-type=\"container\">\n\t\t<div data-parallax=\"scroll\" class=\"elementor-element elementor-element-e0a6709 e-con-full e-flex e-con e-child\" data-id=\"e0a6709\" data-element_type=\"container\" data-e-type=\"container\" data-settings=\"{&quot;background_background&quot;:&quot;classic&quot;}\">\n\t\t<div class=\"elementor-element elementor-element-185dde3 e-con-full e-flex e-con e-child\" data-id=\"185dde3\" data-element_type=\"container\" data-e-type=\"container\" data-settings=\"{&quot;background_background&quot;:&quot;gradient&quot;}\">\n\t\t\t\t<div class=\"elementor-element elementor-element-e421012 elementor-widget elementor-widget-aigency_special_text\" data-id=\"e421012\" data-element_type=\"widget\" data-e-type=\"widget\" data-widget_type=\"aigency_special_text.default\">\n\t\t\t\t<div class=\"elementor-widget-container\">\n\t\t\t\t\t<div class=\"special-text-wrapper\"><div class=\"special-text special-text-effect-fill\">Postes vacants<\/div><\/div>\t\t\t\t<\/div>\n\t\t\t\t<\/div>\n\t\t\t\t<div class=\"elementor-element elementor-element-6297303 elementor-widget elementor-widget-aigency_heading\" data-id=\"6297303\" data-element_type=\"widget\" data-e-type=\"widget\" data-widget_type=\"aigency_heading.default\">\n\t\t\t\t<div class=\"elementor-widget-container\">\n\t\t\t\t\t<div class=\"aigency-heading-widget\"><h2 class=\"aigency-heading\"><span class=\"aigency-heading-content has_gradient_color_text\">Retrouvez ici tous les postes actuels chez NextGen Workforce.<\/span><\/h2><\/div>\t\t\t\t<\/div>\n\t\t\t\t<\/div>\n\t\t\t\t<div class=\"elementor-element elementor-element-883b581 elementor-widget elementor-widget-text-editor\" data-id=\"883b581\" data-element_type=\"widget\" data-e-type=\"widget\" data-widget_type=\"text-editor.default\">\n\t\t\t\t\t\t\t\t\t<p>Choisissez le poste qui vous convient et postulez directement en ligne.<\/p>\t\t\t\t\t\t\t\t<\/div>\n\t\t\t\t<\/div>\n\t\t\t\t<\/div>\n\t\t\t\t<\/div>\n\t\t<div class=\"elementor-element elementor-element-5cb7835 e-con-full e-flex e-con e-child\" data-id=\"5cb7835\" data-element_type=\"container\" data-e-type=\"container\">\n\t\t\t\t<div class=\"elementor-element elementor-element-25d7608 aigency-button-bakground-style-gradient aigency-button-border-style-gradient elementor-widget elementor-widget-aigency_vacancies_listing\" data-id=\"25d7608\" data-element_type=\"widget\" data-e-type=\"widget\" data-widget_type=\"aigency_vacancies_listing.default\">\n\t\t\t\t<div class=\"elementor-widget-container\">\n\t\t\t\t\t\n        <div class=\"aigency-vacancy-listing-widget\">\n\n            <div class=\"archive-listing\" data-ajax='{&quot;post_type&quot;:&quot;aigency_vacancy&quot;,&quot;ignore_sticky_posts&quot;:true,&quot;orderby&quot;:&quot;date&quot;,&quot;order&quot;:&quot;desc&quot;,&quot;link_base&quot;:&quot;https:\\\/\\\/nextgen-workforce.ch\\\/fr\\\/wp-json\\\/wp\\\/v2\\\/pages\\\/12453\\\/&quot;,&quot;posts_per_page&quot;:5,&quot;paged&quot;:1}' data-widget='{&quot;item_class&quot;:&quot;vacancy-item-wrapper&quot;,&quot;columns_number&quot;:1,&quot;excerpt_length&quot;:118,&quot;read_more_text&quot;:&quot;Explore_more&quot;,&quot;show_pagination&quot;:&quot;&quot;}'>\n                <div class=\"archive-listing-wrapper vacancy-listing-wrapper vacancy-grid-listing columns-1\">\n                    \n<div class=\"vacancy-item-wrapper post-12593 aigency_vacancy type-aigency_vacancy status-publish hentry\">\n    <div class=\"vacancy-item\">\n\n        <div class=\"vacancy-item-header\"><div class=\"vacancy-post-meta\"><div class=\"vacancy-post-meta-item vacancy-occupation\">Temps plein<\/div><div class=\"vacancy-post-meta-item vacancy-city\">Portugal<\/div><\/div><\/div>\n        <div class=\"vacancy-item-excerpt\">\n            <h4 class=\"vacancy-post-title\">Responsable de la s\u00e9curit\u00e9 de linformation (ISO)<\/h4><div class=\"vacancy-excerpt\">En tant que Responsable de la s\u00e9curit\u00e9 de linformation, vous \u00eates responsable de la s\u00e9curit\u00e9 de linformation dans<\/div>        <\/div>\n\n                        <div class=\"vacancy-item-button\">\n                    <a href=\"https:\/\/nextgen-workforce.ch\/fr\/careers\/responsable-de-la-securite-de-linformation-iso\/\" class=\"aigency-button\">Explore_more<span class=\"icon-button-icon\"><\/span><span class=\"button-inner\"><\/a>                <\/div>\n                    \n    <\/div>\n<\/div>\n<div class=\"vacancy-item-wrapper post-12587 aigency_vacancy type-aigency_vacancy status-publish hentry\">\n    <div class=\"vacancy-item\">\n\n        <div class=\"vacancy-item-header\"><div class=\"vacancy-post-meta\"><div class=\"vacancy-post-meta-item vacancy-occupation\">Temps plein<\/div><div class=\"vacancy-post-meta-item vacancy-city\">Portugal<\/div><\/div><\/div>\n        <div class=\"vacancy-item-excerpt\">\n            <h4 class=\"vacancy-post-title\">Ing\u00e9nieur Cloud \u00e0 distance<\/h4><div class=\"vacancy-excerpt\">Ing\u00e9nieur Cloud pour infrastructures Microsoft modernes. \u00c0 distance depuis le Portugal, ax\u00e9 sur les entreprises sui<\/div>        <\/div>\n\n                        <div class=\"vacancy-item-button\">\n                    <a href=\"https:\/\/nextgen-workforce.ch\/fr\/careers\/ingenieur-cloud-a-distance\/\" class=\"aigency-button\">Explore_more<span class=\"icon-button-icon\"><\/span><span class=\"button-inner\"><\/a>                <\/div>\n                    \n    <\/div>\n<\/div>                <\/div>\n\n                            <\/div>\n\n        <\/div>\n        \t\t\t\t<\/div>\n\t\t\t\t<\/div>\n\t\t\t\t<\/div>\n\t\t\t\t\t<\/div>\n\t\t\t\t<\/div>\n\t\t\t\t<\/div>\n\t\t","protected":false},"excerpt":{"rendered":"<p>Choisissez le poste qui vous convient et postulez directement en ligne.<\/p>\n","protected":false},"author":1,"featured_media":0,"parent":0,"menu_order":0,"comment_status":"closed","ping_status":"closed","template":"","meta":{"footnotes":""},"class_list":["post-12453","page","type-page","status-publish","hentry"],"yoast_head":"<!-- This site is optimized with the Yoast SEO plugin v27.5 - https:\/\/yoast.com\/product\/yoast-seo-wordpress\/ -->\n<title>Carri\u00e8re dans l\u2019IT nearshoring | NextGen Workforce<\/title>\n<meta name=\"description\" content=\"Carri\u00e8re chez NextGen Workforce : travaillez dans l\u2019IT nearshoring pour des entreprises suisses, avec des structures claires et des opportunit\u00e9s d\u2019\u00e9volution.\" \/>\n<meta name=\"robots\" content=\"index, follow, max-snippet:-1, max-image-preview:large, max-video-preview:-1\" \/>\n<link rel=\"canonical\" href=\"https:\/\/nextgen-workforce.ch\/fr\/carriere\/\" \/>\n<meta property=\"og:locale\" content=\"fr_FR\" \/>\n<meta property=\"og:type\" content=\"article\" \/>\n<meta property=\"og:title\" content=\"Carri\u00e8re dans l\u2019IT nearshoring\" \/>\n<meta property=\"og:description\" content=\"Carri\u00e8re chez NextGen Workforce : travaillez dans l\u2019IT nearshoring pour des entreprises suisses, avec des structures claires et des opportunit\u00e9s d\u2019\u00e9volution.\" \/>\n<meta property=\"og:url\" content=\"https:\/\/nextgen-workforce.ch\/fr\/carriere\/\" \/>\n<meta property=\"og:site_name\" content=\"NextGen WorkForce\" \/>\n<meta property=\"article:modified_time\" content=\"2026-04-10T10:24:07+00:00\" \/>\n<meta property=\"og:image\" content=\"https:\/\/nextgen-workforce.ch\/wp-content\/uploads\/2026\/03\/014f1bdc-02f6-4612-8ca8-cf42e8c5b05e.png\" \/>\n\t<meta property=\"og:image:width\" content=\"1024\" \/>\n\t<meta property=\"og:image:height\" content=\"1024\" \/>\n\t<meta property=\"og:image:type\" content=\"image\/png\" \/>\n<meta name=\"twitter:card\" content=\"summary_large_image\" \/>\n<meta name=\"twitter:title\" content=\"Carri\u00e8re dans l\u2019IT nearshoring\" \/>\n<meta name=\"twitter:description\" content=\"Carri\u00e8re chez NextGen Workforce : travaillez dans l\u2019IT nearshoring pour des entreprises suisses, avec des structures claires et des opportunit\u00e9s d\u2019\u00e9volution.\" \/>\n<meta name=\"twitter:site\" content=\"@nextgenWor\" \/>\n<script type=\"application\/ld+json\" class=\"yoast-schema-graph\">{\"@context\":\"https:\\\/\\\/schema.org\",\"@graph\":[{\"@type\":\"WebPage\",\"@id\":\"https:\\\/\\\/nextgen-workforce.ch\\\/fr\\\/carriere\\\/\",\"url\":\"https:\\\/\\\/nextgen-workforce.ch\\\/fr\\\/carriere\\\/\",\"name\":\"Carri\u00e8re dans l\u2019IT nearshoring | NextGen Workforce\",\"isPartOf\":{\"@id\":\"https:\\\/\\\/nextgen-workforce.ch\\\/fr\\\/#website\"},\"datePublished\":\"2025-08-13T17:17:48+00:00\",\"dateModified\":\"2026-04-10T10:24:07+00:00\",\"description\":\"Carri\u00e8re chez NextGen Workforce : travaillez dans l\u2019IT nearshoring pour des entreprises suisses, avec des structures claires et des opportunit\u00e9s d\u2019\u00e9volution.\",\"breadcrumb\":{\"@id\":\"https:\\\/\\\/nextgen-workforce.ch\\\/fr\\\/carriere\\\/#breadcrumb\"},\"inLanguage\":\"fr-FR\",\"potentialAction\":[{\"@type\":\"ReadAction\",\"target\":[\"https:\\\/\\\/nextgen-workforce.ch\\\/fr\\\/carriere\\\/\"]}]},{\"@type\":\"BreadcrumbList\",\"@id\":\"https:\\\/\\\/nextgen-workforce.ch\\\/fr\\\/carriere\\\/#breadcrumb\",\"itemListElement\":[{\"@type\":\"ListItem\",\"position\":1,\"name\":\"Start\",\"item\":\"https:\\\/\\\/nextgen-workforce.ch\\\/fr\\\/\"},{\"@type\":\"ListItem\",\"position\":2,\"name\":\"Carri\u00e8re\"}]},{\"@type\":\"WebSite\",\"@id\":\"https:\\\/\\\/nextgen-workforce.ch\\\/fr\\\/#website\",\"url\":\"https:\\\/\\\/nextgen-workforce.ch\\\/fr\\\/\",\"name\":\"NextGen Workforce\",\"description\":\"Nearshoring f\u00fcr Schweizer Unternehmen \u2013 dedizierte IT-Teams aus Portugal unter Schweizer F\u00fchrung\",\"publisher\":{\"@id\":\"https:\\\/\\\/nextgen-workforce.ch\\\/fr\\\/#organization\"},\"alternateName\":\"NextGen\",\"potentialAction\":[{\"@type\":\"SearchAction\",\"target\":{\"@type\":\"EntryPoint\",\"urlTemplate\":\"https:\\\/\\\/nextgen-workforce.ch\\\/fr\\\/?s={search_term_string}\"},\"query-input\":{\"@type\":\"PropertyValueSpecification\",\"valueRequired\":true,\"valueName\":\"search_term_string\"}}],\"inLanguage\":\"fr-FR\"},{\"@type\":\"Organization\",\"@id\":\"https:\\\/\\\/nextgen-workforce.ch\\\/fr\\\/#organization\",\"name\":\"NextGen Workforce\",\"alternateName\":\"NextGen\",\"url\":\"https:\\\/\\\/nextgen-workforce.ch\\\/fr\\\/\",\"logo\":{\"@type\":\"ImageObject\",\"inLanguage\":\"fr-FR\",\"@id\":\"https:\\\/\\\/nextgen-workforce.ch\\\/fr\\\/#\\\/schema\\\/logo\\\/image\\\/\",\"url\":\"https:\\\/\\\/nextgen-workforce.ch\\\/wp-content\\\/uploads\\\/2026\\\/03\\\/nextgen-workforce-logo.png\",\"contentUrl\":\"https:\\\/\\\/nextgen-workforce.ch\\\/wp-content\\\/uploads\\\/2026\\\/03\\\/nextgen-workforce-logo.png\",\"width\":1024,\"height\":1024,\"caption\":\"NextGen Workforce\"},\"image\":{\"@id\":\"https:\\\/\\\/nextgen-workforce.ch\\\/fr\\\/#\\\/schema\\\/logo\\\/image\\\/\"},\"sameAs\":[\"https:\\\/\\\/x.com\\\/nextgenWor\",\"https:\\\/\\\/www.linkedin.com\\\/in\\\/nextgen-workforce\\\/\"]}]}<\/script>\n<!-- \/ Yoast SEO plugin. -->","yoast_head_json":{"title":"Carri\u00e8re dans l\u2019IT nearshoring | NextGen Workforce","description":"Carri\u00e8re chez NextGen Workforce : travaillez dans l\u2019IT nearshoring pour des entreprises suisses, avec des structures claires et des opportunit\u00e9s d\u2019\u00e9volution.","robots":{"index":"index","follow":"follow","max-snippet":"max-snippet:-1","max-image-preview":"max-image-preview:large","max-video-preview":"max-video-preview:-1"},"canonical":"https:\/\/nextgen-workforce.ch\/fr\/carriere\/","og_locale":"fr_FR","og_type":"article","og_title":"Carri\u00e8re dans l\u2019IT nearshoring","og_description":"Carri\u00e8re chez NextGen Workforce : travaillez dans l\u2019IT nearshoring pour des entreprises suisses, avec des structures claires et des opportunit\u00e9s d\u2019\u00e9volution.","og_url":"https:\/\/nextgen-workforce.ch\/fr\/carriere\/","og_site_name":"NextGen WorkForce","article_modified_time":"2026-04-10T10:24:07+00:00","og_image":[{"width":1024,"height":1024,"url":"https:\/\/nextgen-workforce.ch\/wp-content\/uploads\/2026\/03\/014f1bdc-02f6-4612-8ca8-cf42e8c5b05e.png","type":"image\/png"}],"twitter_card":"summary_large_image","twitter_title":"Carri\u00e8re dans l\u2019IT nearshoring","twitter_description":"Carri\u00e8re chez NextGen Workforce : travaillez dans l\u2019IT nearshoring pour des entreprises suisses, avec des structures claires et des opportunit\u00e9s d\u2019\u00e9volution.","twitter_site":"@nextgenWor","schema":{"@context":"https:\/\/schema.org","@graph":[{"@type":"WebPage","@id":"https:\/\/nextgen-workforce.ch\/fr\/carriere\/","url":"https:\/\/nextgen-workforce.ch\/fr\/carriere\/","name":"Carri\u00e8re dans l\u2019IT nearshoring | NextGen Workforce","isPartOf":{"@id":"https:\/\/nextgen-workforce.ch\/fr\/#website"},"datePublished":"2025-08-13T17:17:48+00:00","dateModified":"2026-04-10T10:24:07+00:00","description":"Carri\u00e8re chez NextGen Workforce : travaillez dans l\u2019IT nearshoring pour des entreprises suisses, avec des structures claires et des opportunit\u00e9s d\u2019\u00e9volution.","breadcrumb":{"@id":"https:\/\/nextgen-workforce.ch\/fr\/carriere\/#breadcrumb"},"inLanguage":"fr-FR","potentialAction":[{"@type":"ReadAction","target":["https:\/\/nextgen-workforce.ch\/fr\/carriere\/"]}]},{"@type":"BreadcrumbList","@id":"https:\/\/nextgen-workforce.ch\/fr\/carriere\/#breadcrumb","itemListElement":[{"@type":"ListItem","position":1,"name":"Start","item":"https:\/\/nextgen-workforce.ch\/fr\/"},{"@type":"ListItem","position":2,"name":"Carri\u00e8re"}]},{"@type":"WebSite","@id":"https:\/\/nextgen-workforce.ch\/fr\/#website","url":"https:\/\/nextgen-workforce.ch\/fr\/","name":"NextGen Workforce","description":"Nearshoring f\u00fcr Schweizer Unternehmen \u2013 dedizierte IT-Teams aus Portugal unter Schweizer F\u00fchrung","publisher":{"@id":"https:\/\/nextgen-workforce.ch\/fr\/#organization"},"alternateName":"NextGen","potentialAction":[{"@type":"SearchAction","target":{"@type":"EntryPoint","urlTemplate":"https:\/\/nextgen-workforce.ch\/fr\/?s={search_term_string}"},"query-input":{"@type":"PropertyValueSpecification","valueRequired":true,"valueName":"search_term_string"}}],"inLanguage":"fr-FR"},{"@type":"Organization","@id":"https:\/\/nextgen-workforce.ch\/fr\/#organization","name":"NextGen Workforce","alternateName":"NextGen","url":"https:\/\/nextgen-workforce.ch\/fr\/","logo":{"@type":"ImageObject","inLanguage":"fr-FR","@id":"https:\/\/nextgen-workforce.ch\/fr\/#\/schema\/logo\/image\/","url":"https:\/\/nextgen-workforce.ch\/wp-content\/uploads\/2026\/03\/nextgen-workforce-logo.png","contentUrl":"https:\/\/nextgen-workforce.ch\/wp-content\/uploads\/2026\/03\/nextgen-workforce-logo.png","width":1024,"height":1024,"caption":"NextGen Workforce"},"image":{"@id":"https:\/\/nextgen-workforce.ch\/fr\/#\/schema\/logo\/image\/"},"sameAs":["https:\/\/x.com\/nextgenWor","https:\/\/www.linkedin.com\/in\/nextgen-workforce\/"]}]}},"_links":{"self":[{"href":"https:\/\/nextgen-workforce.ch\/fr\/wp-json\/wp\/v2\/pages\/12453","targetHints":{"allow":["GET"]}}],"collection":[{"href":"https:\/\/nextgen-workforce.ch\/fr\/wp-json\/wp\/v2\/pages"}],"about":[{"href":"https:\/\/nextgen-workforce.ch\/fr\/wp-json\/wp\/v2\/types\/page"}],"author":[{"embeddable":true,"href":"https:\/\/nextgen-workforce.ch\/fr\/wp-json\/wp\/v2\/users\/1"}],"replies":[{"embeddable":true,"href":"https:\/\/nextgen-workforce.ch\/fr\/wp-json\/wp\/v2\/comments?post=12453"}],"version-history":[{"count":2,"href":"https:\/\/nextgen-workforce.ch\/fr\/wp-json\/wp\/v2\/pages\/12453\/revisions"}],"predecessor-version":[{"id":14084,"href":"https:\/\/nextgen-workforce.ch\/fr\/wp-json\/wp\/v2\/pages\/12453\/revisions\/14084"}],"wp:attachment":[{"href":"https:\/\/nextgen-workforce.ch\/fr\/wp-json\/wp\/v2\/media?parent=12453"}],"curies":[{"name":"wp","href":"https:\/\/api.w.org\/{rel}","templated":true}]}}