{"id":14825,"date":"2025-08-14T18:12:54","date_gmt":"2025-08-14T17:12:54","guid":{"rendered":"https:\/\/nextgen-workforce.ch\/blog\/"},"modified":"2026-04-13T10:58:34","modified_gmt":"2026-04-13T09:58:34","slug":"blog","status":"publish","type":"page","link":"https:\/\/nextgen-workforce.ch\/fr\/blog\/","title":{"rendered":"Blog"},"content":{"rendered":"\t\t<div data-elementor-type=\"wp-page\" data-elementor-id=\"14825\" class=\"elementor elementor-14825 elementor-2895\">\n\t\t\t\t<div class=\"elementor-element elementor-element-7d65c56 e-flex e-con-boxed e-con e-parent\" data-id=\"7d65c56\" data-element_type=\"container\" data-e-type=\"container\">\n\t\t\t\t\t<div class=\"e-con-inner\">\n\t\t\t\t<div class=\"elementor-element elementor-element-eb5a214 listing-pagination-background-style-gradient listing-pagination-border-style-gradient elementor-widget elementor-widget-aigency_blog_listing\" data-id=\"eb5a214\" data-element_type=\"widget\" data-e-type=\"widget\" data-widget_type=\"aigency_blog_listing.default\">\n\t\t\t\t<div class=\"elementor-widget-container\">\n\t\t\t\t\t\n        <div class=\"archive-listing\" data-ajax='{&quot;post_type&quot;:&quot;post&quot;,&quot;post_status&quot;:&quot;publish&quot;,&quot;posts_per_page&quot;:4,&quot;orderby&quot;:&quot;date&quot;,&quot;order&quot;:&quot;desc&quot;,&quot;paged&quot;:1,&quot;category_name&quot;:&quot;&quot;,&quot;tag&quot;:&quot;&quot;,&quot;post__in&quot;:&quot;&quot;,&quot;ignore_sticky_posts&quot;:false,&quot;link_base&quot;:&quot;https:\\\/\\\/nextgen-workforce.ch\\\/fr\\\/wp-json\\\/wp\\\/v2\\\/pages\\\/14825\\\/&quot;}' data-widget='{&quot;listing_type&quot;:&quot;classic&quot;,&quot;excerpt_length&quot;:218,&quot;show_cat&quot;:&quot;yes&quot;,&quot;show_media&quot;:&quot;yes&quot;,&quot;show_author&quot;:&quot;&quot;,&quot;show_date&quot;:&quot;&quot;,&quot;show_title&quot;:&quot;yes&quot;,&quot;show_tags&quot;:&quot;no&quot;,&quot;show_excerpt&quot;:&quot;yes&quot;,&quot;show_read_more&quot;:&quot;yes&quot;,&quot;read_more_text&quot;:&quot;En savoir plus&quot;,&quot;columns_number&quot;:1,&quot;show_pagination&quot;:&quot;yes&quot;,&quot;item_class&quot;:&quot;post standard-blog-item-wrapper&quot;}'>\n            <div class=\"archive-listing-wrapper classic-listing\">\n                \r\n<div class=\"standard-blog-item-wrapper post post-14453 type-post status-publish format-standard has-post-thumbnail hentry category-non-classe category-strategie-it tag-couts-it-suisse tag-nearshoring tag-strategie-it\">\r\n    <div class=\"blog-item\">\r\n        <div class=\"post-media-wrapper\"><a href=\"https:\/\/nextgen-workforce.ch\/fr\/strategie-it-suisse\/\"><picture><source media=\"(max-width: 575px)\" sizes=\"(max-width: 575px) 575px\" srcset=\"https:\/\/nextgen-workforce.ch\/wp-content\/uploads\/2026\/04\/it-strategie-schweiz-575x274.png 575w\"><source media=\"(max-width: 991px)\" sizes=\"(max-width: 991px) 991px\" srcset=\"https:\/\/nextgen-workforce.ch\/wp-content\/uploads\/2026\/04\/it-strategie-schweiz-991x472.png 991w\"><img decoding=\"async\" alt=\"Strat\u00e9gie IT Suisse : les entreprises planifient leur structure informatique pour la scalabilit\u00e9, la s\u00e9curit\u00e9 et la croissance\" title=\"Strat\u00e9gie IT Suisse \u2013 orienter et faire \u00e9voluer l\u2019informatique efficacement\" src=\"https:\/\/nextgen-workforce.ch\/wp-content\/uploads\/2026\/04\/it-strategie-schweiz-1024x638.png\" class=\"attachment-post-thumbnail size-post-thumbnail wp-post-image\" \/><\/picture><\/a><\/div><h3 class=\"post-title\"><a href=\"https:\/\/nextgen-workforce.ch\/fr\/strategie-it-suisse\/\">Strat\u00e9gie IT Suisse<\/a><\/h3><div class=\"post-content\">L\u2019informatique n\u2019est plus aujourd\u2019hui un simple domaine de support, mais un \u00e9l\u00e9ment central de la strat\u00e9gie d\u2019entreprise. De nombreuses entreprises en Suisse n\u2019ont pourtant pas de strat\u00e9gie IT claire. ?<\/div><div class=\"post-labels\"><div class=\"post-categories\"><a class=\"post-category-item\" href=\"https:\/\/nextgen-workforce.ch\/fr\/non-classe\/\">Non class\u00e9<\/a><a class=\"post-category-item\" href=\"https:\/\/nextgen-workforce.ch\/fr\/strategie-it\/\">Strat\u00e9gie IT<\/a><\/div><\/div><div class=\"post-more-button\"><a href=\"https:\/\/nextgen-workforce.ch\/fr\/strategie-it-suisse\/\"><span>En savoir plus<\/span><svg viewBox=\"0 0 13 20\"><polyline points=\"0.5 19.5 3 19.5 12.5 10 3 0.5\" \/><\/svg><\/a><\/div>    <\/div>\r\n<\/div>\r\n<div class=\"standard-blog-item-wrapper post post-14429 type-post status-publish format-standard has-post-thumbnail hentry category-couts-it-marche category-non-classe tag-externalisation-it tag-nearshoring tag-reduire-les-couts-informatiques\">\r\n    <div class=\"blog-item\">\r\n        <div class=\"post-media-wrapper\"><a href=\"https:\/\/nextgen-workforce.ch\/fr\/reduire-les-couts-informatiques-en-suisse\/\"><picture><source media=\"(max-width: 575px)\" sizes=\"(max-width: 575px) 575px\" srcset=\"https:\/\/nextgen-workforce.ch\/wp-content\/uploads\/2026\/04\/it-kosten-reduzieren-schweiz-575x274.png 575w\"><source media=\"(max-width: 991px)\" sizes=\"(max-width: 991px) 991px\" srcset=\"https:\/\/nextgen-workforce.ch\/wp-content\/uploads\/2026\/04\/it-kosten-reduzieren-schweiz-991x472.png 991w\"><img decoding=\"async\" alt=\"R\u00e9duire les co\u00fbts informatiques en Suisse : les entreprises r\u00e9duisent leurs d\u00e9penses et optimisent leur structure informatique\" title=\"R\u00e9duire les co\u00fbts informatiques en Suisse \u2013 Strat\u00e9gies pour les entreprises\" src=\"https:\/\/nextgen-workforce.ch\/wp-content\/uploads\/2026\/04\/it-kosten-reduzieren-schweiz-1024x638.png\" class=\"attachment-post-thumbnail size-post-thumbnail wp-post-image\" \/><\/picture><\/a><\/div><h3 class=\"post-title\"><a href=\"https:\/\/nextgen-workforce.ch\/fr\/reduire-les-couts-informatiques-en-suisse\/\">R\u00e9duire les co\u00fbts informatiques en Suisse<\/a><\/h3><div class=\"post-content\">En Suisse, les co\u00fbts informatiques comptent parmi les postes de d\u00e9penses les plus importants des entreprises. De nombreuses entreprises tentent de faire des \u00e9conomies, mais s\u2019y prennent mal. \ud83d\udc49 Le r\u00e9sultat : de<\/div><div class=\"post-labels\"><div class=\"post-categories\"><a class=\"post-category-item\" href=\"https:\/\/nextgen-workforce.ch\/fr\/couts-it-marche\/\">Co\u00fbts IT &amp; March\u00e9<\/a><a class=\"post-category-item\" href=\"https:\/\/nextgen-workforce.ch\/fr\/non-classe\/\">Non class\u00e9<\/a><\/div><\/div><div class=\"post-more-button\"><a href=\"https:\/\/nextgen-workforce.ch\/fr\/reduire-les-couts-informatiques-en-suisse\/\"><span>En savoir plus<\/span><svg viewBox=\"0 0 13 20\"><polyline points=\"0.5 19.5 3 19.5 12.5 10 3 0.5\" \/><\/svg><\/a><\/div>    <\/div>\r\n<\/div>\r\n<div class=\"standard-blog-item-wrapper post post-14395 type-post status-publish format-standard has-post-thumbnail hentry category-nearshoring category-non-classe category-strategie-it tag-couts-it-suisse tag-externalisation-it tag-nearshoring\">\r\n    <div class=\"blog-item\">\r\n        <div class=\"post-media-wrapper\"><a href=\"https:\/\/nextgen-workforce.ch\/fr\/nearshoring-suisse\/\"><picture><source media=\"(max-width: 575px)\" sizes=\"(max-width: 575px) 575px\" srcset=\"https:\/\/nextgen-workforce.ch\/wp-content\/uploads\/2026\/04\/nearshoring-schweiz-it-team-575x274.png 575w\"><source media=\"(max-width: 991px)\" sizes=\"(max-width: 991px) 991px\" srcset=\"https:\/\/nextgen-workforce.ch\/wp-content\/uploads\/2026\/04\/nearshoring-schweiz-it-team-991x472.png 991w\"><img decoding=\"async\" alt=\"Nearshoring Suisse : \u00e9quipes IT int\u00e9gr\u00e9es et ressources IT \u00e9volutives pour les entreprises\" title=\"Nearshoring Suisse \u2013 faire \u00e9voluer les \u00e9quipes IT de mani\u00e8re efficace\" src=\"https:\/\/nextgen-workforce.ch\/wp-content\/uploads\/2026\/04\/nearshoring-schweiz-it-team-1024x638.png\" class=\"attachment-post-thumbnail size-post-thumbnail wp-post-image\" \/><\/picture><\/a><\/div><h3 class=\"post-title\"><a href=\"https:\/\/nextgen-workforce.ch\/fr\/nearshoring-suisse\/\">Nearshoring Suisse<\/a><\/h3><div class=\"post-content\">Le nearshoring gagne en importance en Suisse.Les entreprises sont sous pression : co\u00fbts IT croissants p\u00e9nurie de main-d&rsquo;\u0153uvre qualifi\u00e9e complexit\u00e9 croissante \ud83d\udc49 Les mod\u00e8les classiques ne suffisent plus. L<\/div><div class=\"post-labels\"><div class=\"post-categories\"><a class=\"post-category-item\" href=\"https:\/\/nextgen-workforce.ch\/fr\/nearshoring\/\">Nearshoring<\/a><a class=\"post-category-item\" href=\"https:\/\/nextgen-workforce.ch\/fr\/non-classe\/\">Non class\u00e9<\/a><a class=\"post-category-item\" href=\"https:\/\/nextgen-workforce.ch\/fr\/strategie-it\/\">Strat\u00e9gie IT<\/a><\/div><\/div><div class=\"post-more-button\"><a href=\"https:\/\/nextgen-workforce.ch\/fr\/nearshoring-suisse\/\"><span>En savoir plus<\/span><svg viewBox=\"0 0 13 20\"><polyline points=\"0.5 19.5 3 19.5 12.5 10 3 0.5\" \/><\/svg><\/a><\/div>    <\/div>\r\n<\/div>\r\n<div class=\"standard-blog-item-wrapper post post-14401 type-post status-publish format-standard has-post-thumbnail hentry category-non-classe category-specialistes-it-recrutement tag-couts-it-suisse tag-nearshoring tag-penurie-de-specialistes-it\">\r\n    <div class=\"blog-item\">\r\n        <div class=\"post-media-wrapper\"><a href=\"https:\/\/nextgen-workforce.ch\/fr\/penurie-de-specialistes-it-en-suisse\/\"><picture><source media=\"(max-width: 575px)\" sizes=\"(max-width: 575px) 575px\" srcset=\"https:\/\/nextgen-workforce.ch\/wp-content\/uploads\/2026\/04\/it-fachkraeftemangel-schweiz-575x274.png 575w\"><source media=\"(max-width: 991px)\" sizes=\"(max-width: 991px) 991px\" srcset=\"https:\/\/nextgen-workforce.ch\/wp-content\/uploads\/2026\/04\/it-fachkraeftemangel-schweiz-991x472.png 991w\"><img decoding=\"async\" alt=\"P\u00e9nurie de sp\u00e9cialistes IT en Suisse : les entreprises ne trouvent pas de sp\u00e9cialistes IT et les postes vacants restent non pourvus\" title=\"P\u00e9nurie de sp\u00e9cialistes IT en Suisse \u2013 Causes et cons\u00e9quences\" src=\"https:\/\/nextgen-workforce.ch\/wp-content\/uploads\/2026\/04\/it-fachkraeftemangel-schweiz-1024x638.png\" class=\"attachment-post-thumbnail size-post-thumbnail wp-post-image\" \/><\/picture><\/a><\/div><h3 class=\"post-title\"><a href=\"https:\/\/nextgen-workforce.ch\/fr\/penurie-de-specialistes-it-en-suisse\/\">P\u00e9nurie de sp\u00e9cialistes IT en Suisse<\/a><\/h3><div class=\"post-content\">La p\u00e9nurie de sp\u00e9cialistes IT en Suisse est depuis longtemps une r\u00e9alit\u00e9.Les entreprises recherchent pendant des mois des sp\u00e9cialistes IT qualifi\u00e9s \u2013 souvent sans succ\u00e8s. Les cons\u00e9quences sont claires : Les p<\/div><div class=\"post-labels\"><div class=\"post-categories\"><a class=\"post-category-item\" href=\"https:\/\/nextgen-workforce.ch\/fr\/non-classe\/\">Non class\u00e9<\/a><a class=\"post-category-item\" href=\"https:\/\/nextgen-workforce.ch\/fr\/specialistes-it-recrutement\/\">Sp\u00e9cialistes IT &amp; Recrutement<\/a><\/div><\/div><div class=\"post-more-button\"><a href=\"https:\/\/nextgen-workforce.ch\/fr\/penurie-de-specialistes-it-en-suisse\/\"><span>En savoir plus<\/span><svg viewBox=\"0 0 13 20\"><polyline points=\"0.5 19.5 3 19.5 12.5 10 3 0.5\" \/><\/svg><\/a><\/div>    <\/div>\r\n<\/div>            <\/div>\n\n            <div class=\"content-pagination\"><nav class=\"navigation pagination\" role=\"navigation\"><h2 class=\"screen-reader-text\">Pagination<\/h2><div class=\"nav-links\"><span aria-current=\"page\" class=\"page-numbers current\"><span class=\"button-inner\"><\/span>1<\/span>\n<a class=\"page-numbers\" href=\"https:\/\/nextgen-workforce.ch\/fr\/wp-json\/wp\/v2\/pages\/14825\/?eb5a214-paged=2\"><span class=\"button-inner\"><\/span>2<\/a>\n<a class=\"next page-numbers\" href=\"https:\/\/nextgen-workforce.ch\/fr\/wp-json\/wp\/v2\/pages\/14825\/?eb5a214-paged=2\">Next<span class=\"button-inner\"><\/span><span class=\"icon-button-icon\"><\/span><\/a><\/div><\/nav><\/div>        <\/div>\n        \n        \t\t\t\t<\/div>\n\t\t\t\t<\/div>\n\t\t\t\t\t<\/div>\n\t\t\t\t<\/div>\n\t\t\t\t<\/div>\n\t\t","protected":false},"excerpt":{"rendered":"","protected":false},"author":1,"featured_media":14826,"parent":0,"menu_order":0,"comment_status":"closed","ping_status":"closed","template":"","meta":{"footnotes":""},"class_list":["post-14825","page","type-page","status-publish","has-post-thumbnail","hentry"],"yoast_head":"<!-- This site is optimized with the Yoast SEO plugin v27.3 - https:\/\/yoast.com\/product\/yoast-seo-wordpress\/ -->\n<title>Nearshoring IT Suisse \u2013 Sp\u00e9cialistes d\u00e9di\u00e9s au lieu de freelances<\/title>\n<meta name=\"description\" content=\"Nearshoring IT pour les entreprises suisses. Sp\u00e9cialistes d\u00e9di\u00e9s, int\u00e9gr\u00e9s de mani\u00e8re fixe, pas de freelances, pas de facturation horaire. Contr\u00f4le total\" \/>\n<meta name=\"robots\" content=\"index, follow, max-snippet:-1, max-image-preview:large, max-video-preview:-1\" \/>\n<link rel=\"canonical\" href=\"https:\/\/nextgen-workforce.ch\/fr\/blog\/\" \/>\n<meta property=\"og:locale\" content=\"fr_FR\" \/>\n<meta property=\"og:type\" content=\"article\" \/>\n<meta property=\"og:title\" content=\"Nearshoring IT Suisse \u2013 Sp\u00e9cialistes d\u00e9di\u00e9s au lieu de freelances\" \/>\n<meta property=\"og:description\" content=\"Nearshoring IT pour les entreprises suisses. Sp\u00e9cialistes d\u00e9di\u00e9s, int\u00e9gr\u00e9s de mani\u00e8re fixe, pas de freelances, pas de facturation horaire. Contr\u00f4le total.\" \/>\n<meta property=\"og:url\" content=\"https:\/\/nextgen-workforce.ch\/fr\/blog\/\" \/>\n<meta property=\"og:site_name\" content=\"NextGen WorkForce\" \/>\n<meta property=\"article:modified_time\" content=\"2026-04-13T09:58:34+00:00\" \/>\n<meta property=\"og:image\" content=\"https:\/\/nextgen-workforce.ch\/wp-content\/uploads\/2026\/04\/nearshoring-it-schweiz-nextgen-workforce-300x300.png\" \/>\n<meta name=\"twitter:card\" content=\"summary_large_image\" \/>\n<meta name=\"twitter:title\" content=\"Nearshoring IT Suisse \u2013 Sp\u00e9cialistes d\u00e9di\u00e9s au lieu de freelances\" \/>\n<meta name=\"twitter:description\" content=\"Nearshoring IT pour les entreprises suisses. Sp\u00e9cialistes d\u00e9di\u00e9s, int\u00e9gr\u00e9s de mani\u00e8re fixe, pas de freelances, pas de facturation horaire. Contr\u00f4le total.\" \/>\n<meta name=\"twitter:image\" content=\"https:\/\/nextgen-workforce.ch\/wp-content\/uploads\/2026\/04\/nearshoring-it-schweiz-nextgen-workforce.png\" \/>\n<meta name=\"twitter:site\" content=\"@nextgenWor\" \/>\n<script type=\"application\/ld+json\" class=\"yoast-schema-graph\">{\"@context\":\"https:\\\/\\\/schema.org\",\"@graph\":[{\"@type\":\"WebPage\",\"@id\":\"https:\\\/\\\/nextgen-workforce.ch\\\/fr\\\/blog\\\/\",\"url\":\"https:\\\/\\\/nextgen-workforce.ch\\\/fr\\\/blog\\\/\",\"name\":\"Nearshoring IT Suisse \u2013 Sp\u00e9cialistes d\u00e9di\u00e9s au lieu de freelances\",\"isPartOf\":{\"@id\":\"https:\\\/\\\/nextgen-workforce.ch\\\/fr\\\/#website\"},\"primaryImageOfPage\":{\"@id\":\"https:\\\/\\\/nextgen-workforce.ch\\\/fr\\\/blog\\\/#primaryimage\"},\"image\":{\"@id\":\"https:\\\/\\\/nextgen-workforce.ch\\\/fr\\\/blog\\\/#primaryimage\"},\"thumbnailUrl\":\"https:\\\/\\\/nextgen-workforce.ch\\\/wp-content\\\/uploads\\\/2026\\\/04\\\/nearshoring-it-schweiz-nextgen-workforce.png\",\"datePublished\":\"2025-08-14T17:12:54+00:00\",\"dateModified\":\"2026-04-13T09:58:34+00:00\",\"description\":\"Nearshoring IT pour les entreprises suisses. Sp\u00e9cialistes d\u00e9di\u00e9s, int\u00e9gr\u00e9s de mani\u00e8re fixe, pas de freelances, pas de facturation horaire. Contr\u00f4le total\",\"breadcrumb\":{\"@id\":\"https:\\\/\\\/nextgen-workforce.ch\\\/fr\\\/blog\\\/#breadcrumb\"},\"inLanguage\":\"fr-FR\",\"potentialAction\":[{\"@type\":\"ReadAction\",\"target\":[\"https:\\\/\\\/nextgen-workforce.ch\\\/fr\\\/blog\\\/\"]}]},{\"@type\":\"ImageObject\",\"inLanguage\":\"fr-FR\",\"@id\":\"https:\\\/\\\/nextgen-workforce.ch\\\/fr\\\/blog\\\/#primaryimage\",\"url\":\"https:\\\/\\\/nextgen-workforce.ch\\\/wp-content\\\/uploads\\\/2026\\\/04\\\/nearshoring-it-schweiz-nextgen-workforce.png\",\"contentUrl\":\"https:\\\/\\\/nextgen-workforce.ch\\\/wp-content\\\/uploads\\\/2026\\\/04\\\/nearshoring-it-schweiz-nextgen-workforce.png\",\"width\":1024,\"height\":1024,\"caption\":\"Sp\u00e9cialistes IT d\u00e9di\u00e9s. Co\u00fbts fixes. Contr\u00f4le total.\"},{\"@type\":\"BreadcrumbList\",\"@id\":\"https:\\\/\\\/nextgen-workforce.ch\\\/fr\\\/blog\\\/#breadcrumb\",\"itemListElement\":[{\"@type\":\"ListItem\",\"position\":1,\"name\":\"Start\",\"item\":\"https:\\\/\\\/nextgen-workforce.ch\\\/fr\\\/\"},{\"@type\":\"ListItem\",\"position\":2,\"name\":\"Blog\"}]},{\"@type\":\"WebSite\",\"@id\":\"https:\\\/\\\/nextgen-workforce.ch\\\/fr\\\/#website\",\"url\":\"https:\\\/\\\/nextgen-workforce.ch\\\/fr\\\/\",\"name\":\"NextGen Workforce\",\"description\":\"Nearshoring f\u00fcr Schweizer Unternehmen \u2013 dedizierte IT-Teams aus Portugal unter Schweizer F\u00fchrung\",\"publisher\":{\"@id\":\"https:\\\/\\\/nextgen-workforce.ch\\\/fr\\\/#organization\"},\"alternateName\":\"NextGen\",\"potentialAction\":[{\"@type\":\"SearchAction\",\"target\":{\"@type\":\"EntryPoint\",\"urlTemplate\":\"https:\\\/\\\/nextgen-workforce.ch\\\/fr\\\/?s={search_term_string}\"},\"query-input\":{\"@type\":\"PropertyValueSpecification\",\"valueRequired\":true,\"valueName\":\"search_term_string\"}}],\"inLanguage\":\"fr-FR\"},{\"@type\":\"Organization\",\"@id\":\"https:\\\/\\\/nextgen-workforce.ch\\\/fr\\\/#organization\",\"name\":\"NextGen Workforce\",\"alternateName\":\"NextGen\",\"url\":\"https:\\\/\\\/nextgen-workforce.ch\\\/fr\\\/\",\"logo\":{\"@type\":\"ImageObject\",\"inLanguage\":\"fr-FR\",\"@id\":\"https:\\\/\\\/nextgen-workforce.ch\\\/fr\\\/#\\\/schema\\\/logo\\\/image\\\/\",\"url\":\"https:\\\/\\\/nextgen-workforce.ch\\\/wp-content\\\/uploads\\\/2026\\\/03\\\/nextgen-workforce-logo.png\",\"contentUrl\":\"https:\\\/\\\/nextgen-workforce.ch\\\/wp-content\\\/uploads\\\/2026\\\/03\\\/nextgen-workforce-logo.png\",\"width\":1024,\"height\":1024,\"caption\":\"NextGen Workforce\"},\"image\":{\"@id\":\"https:\\\/\\\/nextgen-workforce.ch\\\/fr\\\/#\\\/schema\\\/logo\\\/image\\\/\"},\"sameAs\":[\"https:\\\/\\\/x.com\\\/nextgenWor\",\"https:\\\/\\\/www.linkedin.com\\\/in\\\/nextgen-workforce\\\/\"]}]}<\/script>\n<!-- \/ Yoast SEO plugin. -->","yoast_head_json":{"title":"Nearshoring IT Suisse \u2013 Sp\u00e9cialistes d\u00e9di\u00e9s au lieu de freelances","description":"Nearshoring IT pour les entreprises suisses. Sp\u00e9cialistes d\u00e9di\u00e9s, int\u00e9gr\u00e9s de mani\u00e8re fixe, pas de freelances, pas de facturation horaire. Contr\u00f4le total","robots":{"index":"index","follow":"follow","max-snippet":"max-snippet:-1","max-image-preview":"max-image-preview:large","max-video-preview":"max-video-preview:-1"},"canonical":"https:\/\/nextgen-workforce.ch\/fr\/blog\/","og_locale":"fr_FR","og_type":"article","og_title":"Nearshoring IT Suisse \u2013 Sp\u00e9cialistes d\u00e9di\u00e9s au lieu de freelances","og_description":"Nearshoring IT pour les entreprises suisses. Sp\u00e9cialistes d\u00e9di\u00e9s, int\u00e9gr\u00e9s de mani\u00e8re fixe, pas de freelances, pas de facturation horaire. Contr\u00f4le total.","og_url":"https:\/\/nextgen-workforce.ch\/fr\/blog\/","og_site_name":"NextGen WorkForce","article_modified_time":"2026-04-13T09:58:34+00:00","og_image":[{"url":"https:\/\/nextgen-workforce.ch\/wp-content\/uploads\/2026\/04\/nearshoring-it-schweiz-nextgen-workforce-300x300.png","type":"","width":"","height":""}],"twitter_card":"summary_large_image","twitter_title":"Nearshoring IT Suisse \u2013 Sp\u00e9cialistes d\u00e9di\u00e9s au lieu de freelances","twitter_description":"Nearshoring IT pour les entreprises suisses. Sp\u00e9cialistes d\u00e9di\u00e9s, int\u00e9gr\u00e9s de mani\u00e8re fixe, pas de freelances, pas de facturation horaire. Contr\u00f4le total.","twitter_image":"https:\/\/nextgen-workforce.ch\/wp-content\/uploads\/2026\/04\/nearshoring-it-schweiz-nextgen-workforce.png","twitter_site":"@nextgenWor","schema":{"@context":"https:\/\/schema.org","@graph":[{"@type":"WebPage","@id":"https:\/\/nextgen-workforce.ch\/fr\/blog\/","url":"https:\/\/nextgen-workforce.ch\/fr\/blog\/","name":"Nearshoring IT Suisse \u2013 Sp\u00e9cialistes d\u00e9di\u00e9s au lieu de freelances","isPartOf":{"@id":"https:\/\/nextgen-workforce.ch\/fr\/#website"},"primaryImageOfPage":{"@id":"https:\/\/nextgen-workforce.ch\/fr\/blog\/#primaryimage"},"image":{"@id":"https:\/\/nextgen-workforce.ch\/fr\/blog\/#primaryimage"},"thumbnailUrl":"https:\/\/nextgen-workforce.ch\/wp-content\/uploads\/2026\/04\/nearshoring-it-schweiz-nextgen-workforce.png","datePublished":"2025-08-14T17:12:54+00:00","dateModified":"2026-04-13T09:58:34+00:00","description":"Nearshoring IT pour les entreprises suisses. Sp\u00e9cialistes d\u00e9di\u00e9s, int\u00e9gr\u00e9s de mani\u00e8re fixe, pas de freelances, pas de facturation horaire. Contr\u00f4le total","breadcrumb":{"@id":"https:\/\/nextgen-workforce.ch\/fr\/blog\/#breadcrumb"},"inLanguage":"fr-FR","potentialAction":[{"@type":"ReadAction","target":["https:\/\/nextgen-workforce.ch\/fr\/blog\/"]}]},{"@type":"ImageObject","inLanguage":"fr-FR","@id":"https:\/\/nextgen-workforce.ch\/fr\/blog\/#primaryimage","url":"https:\/\/nextgen-workforce.ch\/wp-content\/uploads\/2026\/04\/nearshoring-it-schweiz-nextgen-workforce.png","contentUrl":"https:\/\/nextgen-workforce.ch\/wp-content\/uploads\/2026\/04\/nearshoring-it-schweiz-nextgen-workforce.png","width":1024,"height":1024,"caption":"Sp\u00e9cialistes IT d\u00e9di\u00e9s. Co\u00fbts fixes. Contr\u00f4le total."},{"@type":"BreadcrumbList","@id":"https:\/\/nextgen-workforce.ch\/fr\/blog\/#breadcrumb","itemListElement":[{"@type":"ListItem","position":1,"name":"Start","item":"https:\/\/nextgen-workforce.ch\/fr\/"},{"@type":"ListItem","position":2,"name":"Blog"}]},{"@type":"WebSite","@id":"https:\/\/nextgen-workforce.ch\/fr\/#website","url":"https:\/\/nextgen-workforce.ch\/fr\/","name":"NextGen Workforce","description":"Nearshoring f\u00fcr Schweizer Unternehmen \u2013 dedizierte IT-Teams aus Portugal unter Schweizer F\u00fchrung","publisher":{"@id":"https:\/\/nextgen-workforce.ch\/fr\/#organization"},"alternateName":"NextGen","potentialAction":[{"@type":"SearchAction","target":{"@type":"EntryPoint","urlTemplate":"https:\/\/nextgen-workforce.ch\/fr\/?s={search_term_string}"},"query-input":{"@type":"PropertyValueSpecification","valueRequired":true,"valueName":"search_term_string"}}],"inLanguage":"fr-FR"},{"@type":"Organization","@id":"https:\/\/nextgen-workforce.ch\/fr\/#organization","name":"NextGen Workforce","alternateName":"NextGen","url":"https:\/\/nextgen-workforce.ch\/fr\/","logo":{"@type":"ImageObject","inLanguage":"fr-FR","@id":"https:\/\/nextgen-workforce.ch\/fr\/#\/schema\/logo\/image\/","url":"https:\/\/nextgen-workforce.ch\/wp-content\/uploads\/2026\/03\/nextgen-workforce-logo.png","contentUrl":"https:\/\/nextgen-workforce.ch\/wp-content\/uploads\/2026\/03\/nextgen-workforce-logo.png","width":1024,"height":1024,"caption":"NextGen Workforce"},"image":{"@id":"https:\/\/nextgen-workforce.ch\/fr\/#\/schema\/logo\/image\/"},"sameAs":["https:\/\/x.com\/nextgenWor","https:\/\/www.linkedin.com\/in\/nextgen-workforce\/"]}]}},"_links":{"self":[{"href":"https:\/\/nextgen-workforce.ch\/fr\/wp-json\/wp\/v2\/pages\/14825","targetHints":{"allow":["GET"]}}],"collection":[{"href":"https:\/\/nextgen-workforce.ch\/fr\/wp-json\/wp\/v2\/pages"}],"about":[{"href":"https:\/\/nextgen-workforce.ch\/fr\/wp-json\/wp\/v2\/types\/page"}],"author":[{"embeddable":true,"href":"https:\/\/nextgen-workforce.ch\/fr\/wp-json\/wp\/v2\/users\/1"}],"replies":[{"embeddable":true,"href":"https:\/\/nextgen-workforce.ch\/fr\/wp-json\/wp\/v2\/comments?post=14825"}],"version-history":[{"count":1,"href":"https:\/\/nextgen-workforce.ch\/fr\/wp-json\/wp\/v2\/pages\/14825\/revisions"}],"predecessor-version":[{"id":14827,"href":"https:\/\/nextgen-workforce.ch\/fr\/wp-json\/wp\/v2\/pages\/14825\/revisions\/14827"}],"wp:featuredmedia":[{"embeddable":true,"href":"https:\/\/nextgen-workforce.ch\/fr\/wp-json\/wp\/v2\/media\/14826"}],"wp:attachment":[{"href":"https:\/\/nextgen-workforce.ch\/fr\/wp-json\/wp\/v2\/media?parent=14825"}],"curies":[{"name":"wp","href":"https:\/\/api.w.org\/{rel}","templated":true}]}}