{"id":12431,"date":"2026-03-05T17:25:42","date_gmt":"2026-03-05T16:25:42","guid":{"rendered":"https:\/\/nextgen-workforce.ch\/protezione-dei-dati\/"},"modified":"2026-03-24T21:37:18","modified_gmt":"2026-03-24T20:37:18","slug":"protezione-dei-dati","status":"publish","type":"page","link":"https:\/\/nextgen-workforce.ch\/it\/protezione-dei-dati\/","title":{"rendered":"Protezione dei dati"},"content":{"rendered":"\t\t<div data-elementor-type=\"wp-page\" data-elementor-id=\"12431\" class=\"elementor elementor-12431 elementor-3\">\n\t\t\t\t<div class=\"elementor-element elementor-element-1787fb2a e-flex e-con-boxed e-con e-parent\" data-id=\"1787fb2a\" data-element_type=\"container\" data-e-type=\"container\">\n\t\t\t\t\t<div class=\"e-con-inner\">\n\t\t\t\t<div class=\"elementor-element elementor-element-dcbc95d elementor-widget elementor-widget-heading\" data-id=\"dcbc95d\" data-element_type=\"widget\" data-e-type=\"widget\" data-widget_type=\"heading.default\">\n\t\t\t\t\t<h1 class=\"elementor-heading-title elementor-size-default\">Informativa sulla privacy<\/h1>\t\t\t\t<\/div>\n\t\t\t\t<div class=\"elementor-element elementor-element-69c244ab elementor-widget elementor-widget-text-editor\" data-id=\"69c244ab\" data-element_type=\"widget\" data-e-type=\"widget\" data-widget_type=\"text-editor.default\">\n\t\t\t\t\t\t\t\t\t<p><strong>NextGen Workforce Lda<\/strong><br>Stato: 01\/01\/2026<\/p><h2>1. Titolare del trattamento<\/h2><p>NextGen Workforce Lda<br>R. Jo\u00e3o Chagas no 10B Direito<br>1500-493 Lisbona<br>Portogallo<\/p><p>E-mail: info@nextgen-workforce.ch<br>Telefono: +41 79 842 57 58<\/p><h2>2. Informazioni generali sul trattamento dei dati<\/h2><p>La protezione dei tuoi dati personali \u00e8 per noi una priorit\u00e0 assoluta. Trattiamo i dati personali esclusivamente in conformit\u00e0 con le leggi vigenti in materia di protezione dei dati, in particolare il <strong>Regolamento generale sulla protezione dei dati dell&#8217;UE (GDPR)<\/strong> e la <strong>Legge federale svizzera sulla protezione dei dati (LPD)<\/strong>. <\/p><p><strong>Informativa sulla privacy di NextGen Workforce<\/strong><br>La presente informativa sulla privacy di NextGen Workforce fornisce informazioni sul trattamento dei dati personali nell&#8217;ambito dei nostri servizi IT e di nearshoring.<\/p><h2>3. Trattamento dei dati nell&#8217;ambito del nearshoring<\/h2><p>NextGen Workforce fornisce servizi IT nell&#8217;ambito di un modello di nearshoring tra la Svizzera e il Portogallo.<\/p><p>In questo contesto, potrebbe essere necessario che i dati personali vengano trattati dai nostri professionisti qualificati in Portogallo. Tale trattamento avviene esclusivamente per conto dei nostri clienti e sulla base di appositi <strong>contratti di elaborazione dei dati ai sensi dell&#8217;art. 28 del GDPR<\/strong>. <\/p><p>Garantiamo che:<\/p><ul><li>gli accessi siano rigorosamente controllati e registrati<\/li><li>solo i professionisti autorizzati abbiano accesso<\/li><li>vengono rispettati moderni standard di sicurezza<\/li><li>sia garantito in ogni momento un adeguato livello di protezione dei dati<\/li><\/ul><h2>4. Hosting<\/h2><p>Il nostro sito web \u00e8 gestito su server in Germania.<\/p><p>Il trattamento avviene nell&#8217;ambito di un contratto di elaborazione dei dati ai sensi dell&#8217;art. 28 del GDPR. In questo contesto non avviene alcun trasferimento di dati verso paesi terzi. <\/p><h2>5. Dati di accesso (file di log del server)<\/h2><p>Quando visiti il nostro sito web, vengono raccolti automaticamente i seguenti dati:<\/p><ul><li>Indirizzo IP<\/li><li>Data e ora della richiesta<\/li><li>Pagine visitate<\/li><li>Tipo e versione del browser<\/li><li>Sistema operativo<\/li><\/ul><p>Questi dati servono per la fornitura tecnica, la sicurezza del sistema e l&#8217;analisi degli errori.<\/p><p><strong>Base giuridica:<\/strong> Art. 6 par. 1 lett. f del GDPR  <\/p><h2>6. Cookie e consenso ai cookie (Borlabs)<\/h2><p>Il nostro sito web utilizza i cookie. Per gestire i consensi utilizziamo Borlabs Cookie. <\/p><p>I cookie tecnicamente non necessari vengono impostati solo dopo il tuo esplicito consenso.<\/p><p>Puoi revocare il tuo consenso in qualsiasi momento tramite le impostazioni dei cookie.<\/p><p><strong>Basi giuridiche:<\/strong><\/p><ul><li>Art. 6 par. 1 lett. a del GDPR (consenso)  <\/li><li>Art. 6 par. 1 lett. f del GDPR (cookie tecnicamente necessari)  <\/li><\/ul><h2>7. Analisi web \u2013 Google Analytics (GA4)<\/h2><p>Questo sito web utilizza Google Analytics 4, un servizio di analisi web di Google Ireland Limited.<\/p><p>Google Analytics utilizza i cookie per analizzare il comportamento degli utenti.<\/p><p><strong>Anonimizzazione dell&#8217;IP:<\/strong><br>Il tuo indirizzo IP viene abbreviato all&#8217;interno dell&#8217;UE prima di essere trasmesso.<\/p><p><strong>Finalit\u00e0 del trattamento:<\/strong><\/p><ul><li>Analisi del comportamento degli utenti<\/li><li>Ottimizzazione del sito web<\/li><li>Miglioramento dei nostri servizi<\/li><\/ul><p><strong>Base giuridica:<\/strong> Art. 6 par. 1 lett. a del GDPR  <\/p><p>Non si pu\u00f2 escludere un trasferimento negli USA. Questo avviene sulla base dell&#8217; <strong>EU-U.S. Data Privacy Framework<\/strong> e di adeguate garanzie ai sensi dell&#8217;art. 46 del GDPR. <\/p><p><strong>Durata della conservazione:<\/strong> 14 mesi<\/p><h2>8. Google Fonts<\/h2><p>I Google Fonts sono integrati localmente. Non viene stabilita alcuna connessione ai server di Google. <\/p><h2>9. Modulo di contatto (Elementor Forms)<\/h2><p>Quando utilizzi il nostro modulo di contatto, vengono trattati i seguenti dati:<\/p><ul><li>Nome<\/li><li>Indirizzo e-mail<\/li><li>Oggetto<\/li><li>Messaggio<\/li><\/ul><p>Il trattamento avviene per gestire la tua richiesta e per avviare un rapporto commerciale.<\/p><p><strong>Basi giuridiche:<\/strong><\/p><ul><li>Art. 6 par. 1 lett. b del GDPR  <\/li><li>Art. 6 par. 1 lett. f del GDPR  <\/li><\/ul><h2>10. Protezione da spam e abusi (Google reCAPTCHA)<\/h2><p>Per proteggere i nostri moduli utilizziamo Google reCAPTCHA.<\/p><p>In questo processo possono essere analizzati dati come l&#8217;indirizzo IP, i movimenti del mouse e la durata della permanenza.<\/p><p><strong>Base giuridica:<\/strong> Art. 6 par. 1 lett. f del GDPR  <\/p><p>Ulteriori informazioni: https:\/\/policies.google.com\/privacy<\/p><h2>11. Trasferimento dei dati<\/h2><p>Il trasferimento dei dati personali avviene esclusivamente:<\/p><ul><li>per l&#8217;adempimento del contratto<\/li><li>su base legale<\/li><li>nell&#8217;ambito dei servizi IT e del nearshoring<\/li><\/ul><p>Tutti i fornitori di servizi impiegati sono contrattualmente obbligati a rispettare le norme sulla protezione dei dati.<\/p><h2>12. Durata della conservazione<\/h2><p>I dati personali vengono conservati solo per il tempo necessario alla rispettiva finalit\u00e0 o per il tempo previsto dagli obblighi di conservazione previsti dalla legge.<\/p><p>Successivamente, i dati vengono cancellati o anonimizzati.<\/p><h2>13. I tuoi diritti<\/h2><p>Hai il diritto in qualsiasi momento di:<\/p><ul><li>Accesso<\/li><li>Rettifica<\/li><li>Cancellazione<\/li><li>Limitazione del trattamento<\/li><li>Portabilit\u00e0 dei dati<\/li><li>Opposizione<\/li><\/ul><h2>14. Diritto di reclamo<\/h2><p>Hai il diritto di presentare un reclamo a un&#8217;autorit\u00e0 di controllo della protezione dei dati.<\/p><h2>15. Sicurezza dei dati<\/h2><p>Adottiamo misure di sicurezza tecniche e organizzative complete.<\/p><ul><li>Crittografia (TLS)<\/li><li>Controlli di accesso<\/li><li>Monitoraggio e registrazione<\/li><li>Architetture di sicurezza moderne<\/li><\/ul><h2>16. Modifiche<\/h2><p>Ci riserviamo il diritto di adattare la presente informativa sulla privacy in qualsiasi momento.<\/p>\t\t\t\t\t\t\t\t<\/div>\n\t\t\t\t\t<\/div>\n\t\t\t\t<\/div>\n\t\t\t\t<\/div>\n\t\t","protected":false},"excerpt":{"rendered":"<p>Informativa sulla privacy NextGen Workforce LdaStato: 01\/01\/2026 1. Titolare del trattamento NextGen Workforce LdaR. Jo\u00e3o Chagas no 10B Direito1500-493 LisbonaPortogallo E-mail: info@nextgen-workforce.chTelefono: +41 79 842 57 58 2. Informazioni generali sul trattamento dei dati La protezione dei tuoi dati personali \u00e8&#8230;<\/p>\n","protected":false},"author":1,"featured_media":0,"parent":0,"menu_order":0,"comment_status":"closed","ping_status":"closed","template":"","meta":{"footnotes":""},"class_list":["post-12431","page","type-page","status-publish","hentry"],"yoast_head":"<!-- This site is optimized with the Yoast SEO plugin v27.5 - https:\/\/yoast.com\/product\/yoast-seo-wordpress\/ -->\n<title>Informativa sulla privacy di NextGen Workforce<\/title>\n<meta name=\"description\" content=\"Informativa sulla privacy di NextGen Workforce. Informazioni sul trattamento dei dati personali per i clienti in Svizzera e in Europa.\" \/>\n<meta name=\"robots\" content=\"noindex, follow\" \/>\n<meta property=\"og:locale\" content=\"it_IT\" \/>\n<meta property=\"og:type\" content=\"article\" \/>\n<meta property=\"og:title\" content=\"Informativa sulla privacy di NextGen Workforce\" \/>\n<meta property=\"og:description\" content=\"Informativa sulla privacy di NextGen Workforce. Informazioni sul trattamento dei dati personali per i clienti in Svizzera e in Europa.\" \/>\n<meta property=\"og:url\" content=\"https:\/\/nextgen-workforce.ch\/it\/protezione-dei-dati\/\" \/>\n<meta property=\"og:site_name\" content=\"NextGen WorkForce\" \/>\n<meta property=\"article:modified_time\" content=\"2026-03-24T20:37:18+00:00\" \/>\n<meta property=\"og:image\" content=\"https:\/\/nextgen-workforce.ch\/wp-content\/uploads\/2026\/03\/014f1bdc-02f6-4612-8ca8-cf42e8c5b05e.png\" \/>\n\t<meta property=\"og:image:width\" content=\"1024\" \/>\n\t<meta property=\"og:image:height\" content=\"1024\" \/>\n\t<meta property=\"og:image:type\" content=\"image\/png\" \/>\n<meta name=\"twitter:card\" content=\"summary_large_image\" \/>\n<meta name=\"twitter:site\" content=\"@nextgenWor\" \/>\n<meta name=\"twitter:label1\" content=\"Tempo di lettura stimato\" \/>\n\t<meta name=\"twitter:data1\" content=\"3 minuti\" \/>\n<script type=\"application\/ld+json\" class=\"yoast-schema-graph\">{\"@context\":\"https:\\\/\\\/schema.org\",\"@graph\":[{\"@type\":\"WebPage\",\"@id\":\"https:\\\/\\\/nextgen-workforce.ch\\\/it\\\/protezione-dei-dati\\\/\",\"url\":\"https:\\\/\\\/nextgen-workforce.ch\\\/it\\\/protezione-dei-dati\\\/\",\"name\":\"Informativa sulla privacy di NextGen Workforce\",\"isPartOf\":{\"@id\":\"https:\\\/\\\/nextgen-workforce.ch\\\/it\\\/#website\"},\"datePublished\":\"2026-03-05T16:25:42+00:00\",\"dateModified\":\"2026-03-24T20:37:18+00:00\",\"description\":\"Informativa sulla privacy di NextGen Workforce. Informazioni sul trattamento dei dati personali per i clienti in Svizzera e in Europa.\",\"breadcrumb\":{\"@id\":\"https:\\\/\\\/nextgen-workforce.ch\\\/it\\\/protezione-dei-dati\\\/#breadcrumb\"},\"inLanguage\":\"it-IT\",\"potentialAction\":[{\"@type\":\"ReadAction\",\"target\":[\"https:\\\/\\\/nextgen-workforce.ch\\\/it\\\/protezione-dei-dati\\\/\"]}]},{\"@type\":\"BreadcrumbList\",\"@id\":\"https:\\\/\\\/nextgen-workforce.ch\\\/it\\\/protezione-dei-dati\\\/#breadcrumb\",\"itemListElement\":[{\"@type\":\"ListItem\",\"position\":1,\"name\":\"Start\",\"item\":\"https:\\\/\\\/nextgen-workforce.ch\\\/it\\\/nearshoring-it-schweiz\\\/\"},{\"@type\":\"ListItem\",\"position\":2,\"name\":\"Protezione dei dati\"}]},{\"@type\":\"WebSite\",\"@id\":\"https:\\\/\\\/nextgen-workforce.ch\\\/it\\\/#website\",\"url\":\"https:\\\/\\\/nextgen-workforce.ch\\\/it\\\/\",\"name\":\"NextGen Workforce\",\"description\":\"Nearshoring f\u00fcr Schweizer Unternehmen \u2013 dedizierte IT-Teams aus Portugal unter Schweizer F\u00fchrung\",\"publisher\":{\"@id\":\"https:\\\/\\\/nextgen-workforce.ch\\\/it\\\/#organization\"},\"alternateName\":\"NextGen\",\"potentialAction\":[{\"@type\":\"SearchAction\",\"target\":{\"@type\":\"EntryPoint\",\"urlTemplate\":\"https:\\\/\\\/nextgen-workforce.ch\\\/it\\\/?s={search_term_string}\"},\"query-input\":{\"@type\":\"PropertyValueSpecification\",\"valueRequired\":true,\"valueName\":\"search_term_string\"}}],\"inLanguage\":\"it-IT\"},{\"@type\":\"Organization\",\"@id\":\"https:\\\/\\\/nextgen-workforce.ch\\\/it\\\/#organization\",\"name\":\"NextGen Workforce\",\"alternateName\":\"NextGen\",\"url\":\"https:\\\/\\\/nextgen-workforce.ch\\\/it\\\/\",\"logo\":{\"@type\":\"ImageObject\",\"inLanguage\":\"it-IT\",\"@id\":\"https:\\\/\\\/nextgen-workforce.ch\\\/it\\\/#\\\/schema\\\/logo\\\/image\\\/\",\"url\":\"https:\\\/\\\/nextgen-workforce.ch\\\/wp-content\\\/uploads\\\/2026\\\/03\\\/nextgen-workforce-logo.png\",\"contentUrl\":\"https:\\\/\\\/nextgen-workforce.ch\\\/wp-content\\\/uploads\\\/2026\\\/03\\\/nextgen-workforce-logo.png\",\"width\":1024,\"height\":1024,\"caption\":\"NextGen Workforce\"},\"image\":{\"@id\":\"https:\\\/\\\/nextgen-workforce.ch\\\/it\\\/#\\\/schema\\\/logo\\\/image\\\/\"},\"sameAs\":[\"https:\\\/\\\/x.com\\\/nextgenWor\",\"https:\\\/\\\/www.linkedin.com\\\/in\\\/nextgen-workforce\\\/\"]}]}<\/script>\n<!-- \/ Yoast SEO plugin. -->","yoast_head_json":{"title":"Informativa sulla privacy di NextGen Workforce","description":"Informativa sulla privacy di NextGen Workforce. Informazioni sul trattamento dei dati personali per i clienti in Svizzera e in Europa.","robots":{"index":"noindex","follow":"follow"},"og_locale":"it_IT","og_type":"article","og_title":"Informativa sulla privacy di NextGen Workforce","og_description":"Informativa sulla privacy di NextGen Workforce. Informazioni sul trattamento dei dati personali per i clienti in Svizzera e in Europa.","og_url":"https:\/\/nextgen-workforce.ch\/it\/protezione-dei-dati\/","og_site_name":"NextGen WorkForce","article_modified_time":"2026-03-24T20:37:18+00:00","og_image":[{"width":1024,"height":1024,"url":"https:\/\/nextgen-workforce.ch\/wp-content\/uploads\/2026\/03\/014f1bdc-02f6-4612-8ca8-cf42e8c5b05e.png","type":"image\/png"}],"twitter_card":"summary_large_image","twitter_site":"@nextgenWor","twitter_misc":{"Tempo di lettura stimato":"3 minuti"},"schema":{"@context":"https:\/\/schema.org","@graph":[{"@type":"WebPage","@id":"https:\/\/nextgen-workforce.ch\/it\/protezione-dei-dati\/","url":"https:\/\/nextgen-workforce.ch\/it\/protezione-dei-dati\/","name":"Informativa sulla privacy di NextGen Workforce","isPartOf":{"@id":"https:\/\/nextgen-workforce.ch\/it\/#website"},"datePublished":"2026-03-05T16:25:42+00:00","dateModified":"2026-03-24T20:37:18+00:00","description":"Informativa sulla privacy di NextGen Workforce. Informazioni sul trattamento dei dati personali per i clienti in Svizzera e in Europa.","breadcrumb":{"@id":"https:\/\/nextgen-workforce.ch\/it\/protezione-dei-dati\/#breadcrumb"},"inLanguage":"it-IT","potentialAction":[{"@type":"ReadAction","target":["https:\/\/nextgen-workforce.ch\/it\/protezione-dei-dati\/"]}]},{"@type":"BreadcrumbList","@id":"https:\/\/nextgen-workforce.ch\/it\/protezione-dei-dati\/#breadcrumb","itemListElement":[{"@type":"ListItem","position":1,"name":"Start","item":"https:\/\/nextgen-workforce.ch\/it\/nearshoring-it-schweiz\/"},{"@type":"ListItem","position":2,"name":"Protezione dei dati"}]},{"@type":"WebSite","@id":"https:\/\/nextgen-workforce.ch\/it\/#website","url":"https:\/\/nextgen-workforce.ch\/it\/","name":"NextGen Workforce","description":"Nearshoring f\u00fcr Schweizer Unternehmen \u2013 dedizierte IT-Teams aus Portugal unter Schweizer F\u00fchrung","publisher":{"@id":"https:\/\/nextgen-workforce.ch\/it\/#organization"},"alternateName":"NextGen","potentialAction":[{"@type":"SearchAction","target":{"@type":"EntryPoint","urlTemplate":"https:\/\/nextgen-workforce.ch\/it\/?s={search_term_string}"},"query-input":{"@type":"PropertyValueSpecification","valueRequired":true,"valueName":"search_term_string"}}],"inLanguage":"it-IT"},{"@type":"Organization","@id":"https:\/\/nextgen-workforce.ch\/it\/#organization","name":"NextGen Workforce","alternateName":"NextGen","url":"https:\/\/nextgen-workforce.ch\/it\/","logo":{"@type":"ImageObject","inLanguage":"it-IT","@id":"https:\/\/nextgen-workforce.ch\/it\/#\/schema\/logo\/image\/","url":"https:\/\/nextgen-workforce.ch\/wp-content\/uploads\/2026\/03\/nextgen-workforce-logo.png","contentUrl":"https:\/\/nextgen-workforce.ch\/wp-content\/uploads\/2026\/03\/nextgen-workforce-logo.png","width":1024,"height":1024,"caption":"NextGen Workforce"},"image":{"@id":"https:\/\/nextgen-workforce.ch\/it\/#\/schema\/logo\/image\/"},"sameAs":["https:\/\/x.com\/nextgenWor","https:\/\/www.linkedin.com\/in\/nextgen-workforce\/"]}]}},"_links":{"self":[{"href":"https:\/\/nextgen-workforce.ch\/it\/wp-json\/wp\/v2\/pages\/12431","targetHints":{"allow":["GET"]}}],"collection":[{"href":"https:\/\/nextgen-workforce.ch\/it\/wp-json\/wp\/v2\/pages"}],"about":[{"href":"https:\/\/nextgen-workforce.ch\/it\/wp-json\/wp\/v2\/types\/page"}],"author":[{"embeddable":true,"href":"https:\/\/nextgen-workforce.ch\/it\/wp-json\/wp\/v2\/users\/1"}],"replies":[{"embeddable":true,"href":"https:\/\/nextgen-workforce.ch\/it\/wp-json\/wp\/v2\/comments?post=12431"}],"version-history":[{"count":3,"href":"https:\/\/nextgen-workforce.ch\/it\/wp-json\/wp\/v2\/pages\/12431\/revisions"}],"predecessor-version":[{"id":12834,"href":"https:\/\/nextgen-workforce.ch\/it\/wp-json\/wp\/v2\/pages\/12431\/revisions\/12834"}],"wp:attachment":[{"href":"https:\/\/nextgen-workforce.ch\/it\/wp-json\/wp\/v2\/media?parent=12431"}],"curies":[{"name":"wp","href":"https:\/\/api.w.org\/{rel}","templated":true}]}}