{"id":12407,"date":"2026-03-19T09:14:07","date_gmt":"2026-03-19T08:14:07","guid":{"rendered":"https:\/\/nextgen-workforce.ch\/ficha-tecnica\/"},"modified":"2026-04-25T15:28:40","modified_gmt":"2026-04-25T14:28:40","slug":"ficha-tecnica","status":"publish","type":"page","link":"https:\/\/nextgen-workforce.ch\/pt-pt\/ficha-tecnica\/","title":{"rendered":"Ficha T\u00e9cnica"},"content":{"rendered":"\t\t<div data-elementor-type=\"wp-page\" data-elementor-id=\"12407\" class=\"elementor elementor-12407 elementor-11516\">\n\t\t\t\t<div class=\"elementor-element elementor-element-d365d53 e-flex e-con-boxed e-con e-parent\" data-id=\"d365d53\" data-element_type=\"container\" data-e-type=\"container\">\n\t\t\t\t\t<div class=\"e-con-inner\">\n\t\t\t\t<div class=\"elementor-element elementor-element-d5dae94 elementor-widget elementor-widget-heading\" data-id=\"d5dae94\" data-element_type=\"widget\" data-e-type=\"widget\" data-widget_type=\"heading.default\">\n\t\t\t\t\t<h1 class=\"elementor-heading-title elementor-size-default\">Ficha T\u00e9cnica<\/h1>\t\t\t\t<\/div>\n\t\t\t\t<div class=\"elementor-element elementor-element-2b3bc9c elementor-widget elementor-widget-text-editor\" data-id=\"2b3bc9c\" data-element_type=\"widget\" data-e-type=\"widget\" data-widget_type=\"text-editor.default\">\n\t\t\t\t\t\t\t\t\t<p>Informa\u00e7\u00f5es de acordo com a legisla\u00e7\u00e3o em vigor na UE e em Portugal<\/p>\t\t\t\t\t\t\t\t<\/div>\n\t\t\t\t<div class=\"elementor-element elementor-element-ed4fe79 elementor-widget elementor-widget-text-editor\" data-id=\"ed4fe79\" data-element_type=\"widget\" data-e-type=\"widget\" data-widget_type=\"text-editor.default\">\n\t\t\t\t\t\t\t\t\t<h2>Empresa<\/h2><p><strong>NextGen Workforce Lda<\/strong><br>R. Jo\u00e3o Chagas n.\u00ba 10B Direito<br>1500-493 Lisboa<br>Portugal<\/p><p>&#8212;<\/p><h2>Contacto<\/h2><p>E-mail: info@nextgen-workforce.ch<br>Web: https:\/\/nextgen-workforce.ch<\/p><p>&#8212;<\/p><h2>Registo Comercial &amp; Forma Jur\u00eddica<\/h2><p>Forma jur\u00eddica: Sociedade por Quotas (Lda)<br>Registo comercial: Conservat\u00f3ria do Registo Comercial de Lisboa<br>N\u00famero de registo: [XXXX]<\/p><p>&#8212;<\/p><h2>N\u00famero de Identifica\u00e7\u00e3o de Pessoa Coletiva<\/h2><p>NIPC nos termos do Art. 36.\u00ba do CIVA:<br>[XXXX]<\/p><p>&#8212;<\/p><h2>Respons\u00e1vel pelo conte\u00fado<\/h2><p>NextGen Workforce Lda<br>Morada acima indicada<\/p><p>&#8212;<\/p><h2>Exclus\u00e3o de responsabilidade<\/h2><h3>Responsabilidade pelos conte\u00fados<\/h3><p>Os conte\u00fados do nosso s\u00edtio Web foram criados com o maior cuidado.<br>No entanto, n\u00e3o podemos garantir a exatid\u00e3o, integridade e atualidade dos conte\u00fados.<\/p><p>Como <a href=\"https:\/\/nextgen-workforce.ch\/pt-pt\/modelo\/\">prestador de servi\u00e7os<\/a>, somos respons\u00e1veis pelos nossos pr\u00f3prios conte\u00fados nestas p\u00e1ginas, de acordo com as disposi\u00e7\u00f5es legais aplic\u00e1veis.<\/p><p>&#8212;<\/p><h3>Responsabilidade por hiperliga\u00e7\u00f5es externas<\/h3><p>O nosso s\u00edtio Web cont\u00e9m liga\u00e7\u00f5es para s\u00edtios Web externos de terceiros, sobre cujos conte\u00fados n\u00e3o temos qualquer influ\u00eancia.<\/p><p>Por conseguinte, n\u00e3o podemos assumir qualquer responsabilidade por estes conte\u00fados externos.<br>O respetivo fornecedor ou operador das p\u00e1ginas \u00e9 sempre o respons\u00e1vel pelos conte\u00fados das p\u00e1ginas ligadas.<\/p><p>&#8212;<\/p><h2>Direitos de autor<\/h2><p>Os conte\u00fados e obras criados pelo operador do s\u00edtio nestas p\u00e1ginas est\u00e3o sujeitos \u00e0 legisla\u00e7\u00e3o portuguesa e europeia sobre direitos de autor.<\/p><p>Qualquer tipo de utiliza\u00e7\u00e3o fora dos limites dos direitos de autor requer o consentimento pr\u00e9vio por escrito do respetivo titular dos direitos.<\/p><p>&#8212;<\/p><h2>Lei aplic\u00e1vel &amp; Foro jur\u00eddico<\/h2><p>Aplica-se exclusivamente a lei portuguesa, com exclus\u00e3o das normas de conflitos de leis.<\/p><p>O foro jur\u00eddico \u00e9 \u2014 na medida do legalmente permitido \u2014 Lisboa, Portugal.<\/p>\t\t\t\t\t\t\t\t<\/div>\n\t\t\t\t\t<\/div>\n\t\t\t\t<\/div>\n\t\t\t\t<\/div>\n\t\t","protected":false},"excerpt":{"rendered":"<p>Ficha T\u00e9cnica Informa\u00e7\u00f5es de acordo com a legisla\u00e7\u00e3o em vigor na UE e em Portugal Empresa NextGen Workforce LdaR. Jo\u00e3o Chagas n.\u00ba 10B Direito1500-493 LisboaPortugal &#8212; Contacto E-mail: info@nextgen-workforce.chWeb: https:\/\/nextgen-workforce.ch &#8212; Registo Comercial &amp; Forma Jur\u00eddica Forma jur\u00eddica: Sociedade por Quotas&#8230;<\/p>\n","protected":false},"author":1,"featured_media":0,"parent":0,"menu_order":0,"comment_status":"closed","ping_status":"closed","template":"","meta":{"footnotes":""},"class_list":["post-12407","page","type-page","status-publish","hentry"],"yoast_head":"<!-- This site is optimized with the Yoast SEO plugin v27.5 - https:\/\/yoast.com\/product\/yoast-seo-wordpress\/ -->\n<title>Ficha T\u00e9cnica | NextGen Workforce<\/title>\n<meta name=\"description\" content=\"Ficha t\u00e9cnica da NextGen Workforce com todas as informa\u00e7\u00f5es legais e dados de contacto para clientes na Su\u00ed\u00e7a e na Europa.\" \/>\n<meta name=\"robots\" content=\"noindex, follow\" \/>\n<meta property=\"og:locale\" content=\"pt_PT\" \/>\n<meta property=\"og:type\" content=\"article\" \/>\n<meta property=\"og:title\" content=\"Ficha T\u00e9cnica | NextGen Workforce\" \/>\n<meta property=\"og:description\" content=\"Ficha t\u00e9cnica da NextGen Workforce com todas as informa\u00e7\u00f5es legais e dados de contacto para clientes na Su\u00ed\u00e7a e na Europa.\" \/>\n<meta property=\"og:url\" content=\"https:\/\/nextgen-workforce.ch\/pt-pt\/ficha-tecnica\/\" \/>\n<meta property=\"og:site_name\" content=\"NextGen WorkForce\" \/>\n<meta property=\"article:modified_time\" content=\"2026-04-25T14:28:40+00:00\" \/>\n<meta property=\"og:image\" content=\"https:\/\/nextgen-workforce.ch\/wp-content\/uploads\/2026\/03\/f106b090-678d-4fad-bdef-ee16c8f0104f-300x300.png\" \/>\n<meta name=\"twitter:card\" content=\"summary_large_image\" \/>\n<meta name=\"twitter:title\" content=\"Ficha T\u00e9cnica | NextGen Workforce\" \/>\n<meta name=\"twitter:description\" content=\"Ficha t\u00e9cnica da NextGen Workforce com todas as informa\u00e7\u00f5es legais e dados de contacto para clientes na Su\u00ed\u00e7a e na Europa.\" \/>\n<meta name=\"twitter:image\" content=\"https:\/\/nextgen-workforce.ch\/wp-content\/uploads\/2026\/03\/f106b090-678d-4fad-bdef-ee16c8f0104f-1024x1024.png\" \/>\n<meta name=\"twitter:site\" content=\"@nextgenWor\" \/>\n<meta name=\"twitter:label1\" content=\"Tempo estimado de leitura\" \/>\n\t<meta name=\"twitter:data1\" content=\"1 minuto\" \/>\n<script type=\"application\/ld+json\" class=\"yoast-schema-graph\">{\"@context\":\"https:\\\/\\\/schema.org\",\"@graph\":[{\"@type\":\"WebPage\",\"@id\":\"https:\\\/\\\/nextgen-workforce.ch\\\/pt-pt\\\/ficha-tecnica\\\/\",\"url\":\"https:\\\/\\\/nextgen-workforce.ch\\\/pt-pt\\\/ficha-tecnica\\\/\",\"name\":\"Ficha T\u00e9cnica | NextGen Workforce\",\"isPartOf\":{\"@id\":\"https:\\\/\\\/nextgen-workforce.ch\\\/pt-pt\\\/#website\"},\"datePublished\":\"2026-03-19T08:14:07+00:00\",\"dateModified\":\"2026-04-25T14:28:40+00:00\",\"description\":\"Ficha t\u00e9cnica da NextGen Workforce com todas as informa\u00e7\u00f5es legais e dados de contacto para clientes na Su\u00ed\u00e7a e na Europa.\",\"breadcrumb\":{\"@id\":\"https:\\\/\\\/nextgen-workforce.ch\\\/pt-pt\\\/ficha-tecnica\\\/#breadcrumb\"},\"inLanguage\":\"pt-PT\",\"potentialAction\":[{\"@type\":\"ReadAction\",\"target\":[\"https:\\\/\\\/nextgen-workforce.ch\\\/pt-pt\\\/ficha-tecnica\\\/\"]}]},{\"@type\":\"BreadcrumbList\",\"@id\":\"https:\\\/\\\/nextgen-workforce.ch\\\/pt-pt\\\/ficha-tecnica\\\/#breadcrumb\",\"itemListElement\":[{\"@type\":\"ListItem\",\"position\":1,\"name\":\"Start\",\"item\":\"https:\\\/\\\/nextgen-workforce.ch\\\/pt-pt\\\/nearshoring-it-schweiz\\\/\"},{\"@type\":\"ListItem\",\"position\":2,\"name\":\"Ficha T\u00e9cnica\"}]},{\"@type\":\"WebSite\",\"@id\":\"https:\\\/\\\/nextgen-workforce.ch\\\/pt-pt\\\/#website\",\"url\":\"https:\\\/\\\/nextgen-workforce.ch\\\/pt-pt\\\/\",\"name\":\"NextGen Workforce\",\"description\":\"Nearshoring f\u00fcr Schweizer Unternehmen \u2013 dedizierte IT-Teams aus Portugal unter Schweizer F\u00fchrung\",\"publisher\":{\"@id\":\"https:\\\/\\\/nextgen-workforce.ch\\\/pt-pt\\\/#organization\"},\"alternateName\":\"NextGen\",\"potentialAction\":[{\"@type\":\"SearchAction\",\"target\":{\"@type\":\"EntryPoint\",\"urlTemplate\":\"https:\\\/\\\/nextgen-workforce.ch\\\/pt-pt\\\/?s={search_term_string}\"},\"query-input\":{\"@type\":\"PropertyValueSpecification\",\"valueRequired\":true,\"valueName\":\"search_term_string\"}}],\"inLanguage\":\"pt-PT\"},{\"@type\":\"Organization\",\"@id\":\"https:\\\/\\\/nextgen-workforce.ch\\\/pt-pt\\\/#organization\",\"name\":\"NextGen Workforce\",\"alternateName\":\"NextGen\",\"url\":\"https:\\\/\\\/nextgen-workforce.ch\\\/pt-pt\\\/\",\"logo\":{\"@type\":\"ImageObject\",\"inLanguage\":\"pt-PT\",\"@id\":\"https:\\\/\\\/nextgen-workforce.ch\\\/pt-pt\\\/#\\\/schema\\\/logo\\\/image\\\/\",\"url\":\"https:\\\/\\\/nextgen-workforce.ch\\\/wp-content\\\/uploads\\\/2026\\\/03\\\/nextgen-workforce-logo.png\",\"contentUrl\":\"https:\\\/\\\/nextgen-workforce.ch\\\/wp-content\\\/uploads\\\/2026\\\/03\\\/nextgen-workforce-logo.png\",\"width\":1024,\"height\":1024,\"caption\":\"NextGen Workforce\"},\"image\":{\"@id\":\"https:\\\/\\\/nextgen-workforce.ch\\\/pt-pt\\\/#\\\/schema\\\/logo\\\/image\\\/\"},\"sameAs\":[\"https:\\\/\\\/x.com\\\/nextgenWor\",\"https:\\\/\\\/www.linkedin.com\\\/in\\\/nextgen-workforce\\\/\"]}]}<\/script>\n<!-- \/ Yoast SEO plugin. -->","yoast_head_json":{"title":"Ficha T\u00e9cnica | NextGen Workforce","description":"Ficha t\u00e9cnica da NextGen Workforce com todas as informa\u00e7\u00f5es legais e dados de contacto para clientes na Su\u00ed\u00e7a e na Europa.","robots":{"index":"noindex","follow":"follow"},"og_locale":"pt_PT","og_type":"article","og_title":"Ficha T\u00e9cnica | NextGen Workforce","og_description":"Ficha t\u00e9cnica da NextGen Workforce com todas as informa\u00e7\u00f5es legais e dados de contacto para clientes na Su\u00ed\u00e7a e na Europa.","og_url":"https:\/\/nextgen-workforce.ch\/pt-pt\/ficha-tecnica\/","og_site_name":"NextGen WorkForce","article_modified_time":"2026-04-25T14:28:40+00:00","og_image":[{"url":"https:\/\/nextgen-workforce.ch\/wp-content\/uploads\/2026\/03\/f106b090-678d-4fad-bdef-ee16c8f0104f-300x300.png","type":"","width":"","height":""}],"twitter_card":"summary_large_image","twitter_title":"Ficha T\u00e9cnica | NextGen Workforce","twitter_description":"Ficha t\u00e9cnica da NextGen Workforce com todas as informa\u00e7\u00f5es legais e dados de contacto para clientes na Su\u00ed\u00e7a e na Europa.","twitter_image":"https:\/\/nextgen-workforce.ch\/wp-content\/uploads\/2026\/03\/f106b090-678d-4fad-bdef-ee16c8f0104f-1024x1024.png","twitter_site":"@nextgenWor","twitter_misc":{"Tempo estimado de leitura":"1 minuto"},"schema":{"@context":"https:\/\/schema.org","@graph":[{"@type":"WebPage","@id":"https:\/\/nextgen-workforce.ch\/pt-pt\/ficha-tecnica\/","url":"https:\/\/nextgen-workforce.ch\/pt-pt\/ficha-tecnica\/","name":"Ficha T\u00e9cnica | NextGen Workforce","isPartOf":{"@id":"https:\/\/nextgen-workforce.ch\/pt-pt\/#website"},"datePublished":"2026-03-19T08:14:07+00:00","dateModified":"2026-04-25T14:28:40+00:00","description":"Ficha t\u00e9cnica da NextGen Workforce com todas as informa\u00e7\u00f5es legais e dados de contacto para clientes na Su\u00ed\u00e7a e na Europa.","breadcrumb":{"@id":"https:\/\/nextgen-workforce.ch\/pt-pt\/ficha-tecnica\/#breadcrumb"},"inLanguage":"pt-PT","potentialAction":[{"@type":"ReadAction","target":["https:\/\/nextgen-workforce.ch\/pt-pt\/ficha-tecnica\/"]}]},{"@type":"BreadcrumbList","@id":"https:\/\/nextgen-workforce.ch\/pt-pt\/ficha-tecnica\/#breadcrumb","itemListElement":[{"@type":"ListItem","position":1,"name":"Start","item":"https:\/\/nextgen-workforce.ch\/pt-pt\/nearshoring-it-schweiz\/"},{"@type":"ListItem","position":2,"name":"Ficha T\u00e9cnica"}]},{"@type":"WebSite","@id":"https:\/\/nextgen-workforce.ch\/pt-pt\/#website","url":"https:\/\/nextgen-workforce.ch\/pt-pt\/","name":"NextGen Workforce","description":"Nearshoring f\u00fcr Schweizer Unternehmen \u2013 dedizierte IT-Teams aus Portugal unter Schweizer F\u00fchrung","publisher":{"@id":"https:\/\/nextgen-workforce.ch\/pt-pt\/#organization"},"alternateName":"NextGen","potentialAction":[{"@type":"SearchAction","target":{"@type":"EntryPoint","urlTemplate":"https:\/\/nextgen-workforce.ch\/pt-pt\/?s={search_term_string}"},"query-input":{"@type":"PropertyValueSpecification","valueRequired":true,"valueName":"search_term_string"}}],"inLanguage":"pt-PT"},{"@type":"Organization","@id":"https:\/\/nextgen-workforce.ch\/pt-pt\/#organization","name":"NextGen Workforce","alternateName":"NextGen","url":"https:\/\/nextgen-workforce.ch\/pt-pt\/","logo":{"@type":"ImageObject","inLanguage":"pt-PT","@id":"https:\/\/nextgen-workforce.ch\/pt-pt\/#\/schema\/logo\/image\/","url":"https:\/\/nextgen-workforce.ch\/wp-content\/uploads\/2026\/03\/nextgen-workforce-logo.png","contentUrl":"https:\/\/nextgen-workforce.ch\/wp-content\/uploads\/2026\/03\/nextgen-workforce-logo.png","width":1024,"height":1024,"caption":"NextGen Workforce"},"image":{"@id":"https:\/\/nextgen-workforce.ch\/pt-pt\/#\/schema\/logo\/image\/"},"sameAs":["https:\/\/x.com\/nextgenWor","https:\/\/www.linkedin.com\/in\/nextgen-workforce\/"]}]}},"_links":{"self":[{"href":"https:\/\/nextgen-workforce.ch\/pt-pt\/wp-json\/wp\/v2\/pages\/12407","targetHints":{"allow":["GET"]}}],"collection":[{"href":"https:\/\/nextgen-workforce.ch\/pt-pt\/wp-json\/wp\/v2\/pages"}],"about":[{"href":"https:\/\/nextgen-workforce.ch\/pt-pt\/wp-json\/wp\/v2\/types\/page"}],"author":[{"embeddable":true,"href":"https:\/\/nextgen-workforce.ch\/pt-pt\/wp-json\/wp\/v2\/users\/1"}],"replies":[{"embeddable":true,"href":"https:\/\/nextgen-workforce.ch\/pt-pt\/wp-json\/wp\/v2\/comments?post=12407"}],"version-history":[{"count":4,"href":"https:\/\/nextgen-workforce.ch\/pt-pt\/wp-json\/wp\/v2\/pages\/12407\/revisions"}],"predecessor-version":[{"id":12842,"href":"https:\/\/nextgen-workforce.ch\/pt-pt\/wp-json\/wp\/v2\/pages\/12407\/revisions\/12842"}],"wp:attachment":[{"href":"https:\/\/nextgen-workforce.ch\/pt-pt\/wp-json\/wp\/v2\/media?parent=12407"}],"curies":[{"name":"wp","href":"https:\/\/api.w.org\/{rel}","templated":true}]}}