{"id":12416,"date":"2026-03-19T08:52:49","date_gmt":"2026-03-19T07:52:49","guid":{"rendered":"https:\/\/nextgen-workforce.ch\/condicoes-gerais\/"},"modified":"2026-04-25T15:28:40","modified_gmt":"2026-04-25T14:28:40","slug":"condicoes-gerais","status":"publish","type":"page","link":"https:\/\/nextgen-workforce.ch\/pt-pt\/condicoes-gerais\/","title":{"rendered":"Condi\u00e7\u00f5es Gerais"},"content":{"rendered":"\t\t<div data-elementor-type=\"wp-page\" data-elementor-id=\"12416\" class=\"elementor elementor-12416 elementor-11502\">\n\t\t\t\t<div class=\"elementor-element elementor-element-2e8668f e-flex e-con-boxed e-con e-parent\" data-id=\"2e8668f\" data-element_type=\"container\" data-e-type=\"container\">\n\t\t\t\t\t<div class=\"e-con-inner\">\n\t\t\t\t<div class=\"elementor-element elementor-element-a9c24f0 elementor-widget elementor-widget-heading\" data-id=\"a9c24f0\" data-element_type=\"widget\" data-e-type=\"widget\" data-widget_type=\"heading.default\">\n\t\t\t\t\t<h1 class=\"elementor-heading-title elementor-size-default\">Condi\u00e7\u00f5es Gerais (CG)<\/h1>\t\t\t\t<\/div>\n\t\t\t\t<div class=\"elementor-element elementor-element-ec8c031 elementor-widget elementor-widget-text-editor\" data-id=\"ec8c031\" data-element_type=\"widget\" data-e-type=\"widget\" data-widget_type=\"text-editor.default\">\n\t\t\t\t\t\t\t\t\t<h2>Geral<\/h2><p>A NextGen Workforce trabalha exclusivamente com clientes empresariais (B2B) e presta servi\u00e7os de IT <a href=\"https:\/\/de.wikipedia.org\/wiki\/Nearshoring\">Nearshoring<\/a> a empresas su\u00ed\u00e7as.<\/p><p>O \u00e2mbito espec\u00edfico dos servi\u00e7os, os pre\u00e7os e os detalhes contratuais s\u00e3o acordados individualmente no \u00e2mbito de propostas e contratos.<\/p><p>As informa\u00e7\u00f5es seguintes servem para a descri\u00e7\u00e3o geral da colabora\u00e7\u00e3o e n\u00e3o constituem Condi\u00e7\u00f5es Gerais juridicamente vinculativas.<\/p><h2>Modelo de Servi\u00e7o<\/h2><p>Os nossos especialistas trabalham como uma extens\u00e3o integrada das <a href=\"https:\/\/nextgen-workforce.ch\/pt-pt\/modelo\/\">organiza\u00e7\u00f5es de IT<\/a> existentes.<\/p><p>A colabora\u00e7\u00e3o \u00e9 realizada em estreita coordena\u00e7\u00e3o com os <a href=\"https:\/\/nextgen-workforce.ch\/pt-pt\/consultoria\/\">interlocutores<\/a> respons\u00e1veis do cliente e orienta-se pelas estruturas, processos e m\u00e9todos de trabalho existentes.<\/p><h2>Colabora\u00e7\u00e3o<\/h2><ul><li>Responsabilidades Claras<\/li><li>Comunica\u00e7\u00e3o Transparente<\/li><li>Parcerias a Longo Prazo<\/li><li>Colabora\u00e7\u00e3o Est\u00e1vel e Previs\u00edvel<\/li><\/ul><p>As nossas <a href=\"https:\/\/nextgen-workforce.ch\/pt-pt\/modelo\/\">equipas<\/a> trabalham geralmente remotamente a partir de Portugal e est\u00e3o totalmente integradas no dia a dia operacional de IT dos nossos clientes.<\/p><h2>Disponibilidade &amp; Organiza\u00e7\u00e3o<\/h2><p>Hor\u00e1rios de trabalho, disponibilidade e condi\u00e7\u00f5es organizacionais s\u00e3o definidos de acordo com os requisitos individuais do cliente e acordados por projeto.<\/p><h2>Prote\u00e7\u00e3o de Dados &amp; Confidencialidade<\/h2><p>A prote\u00e7\u00e3o de informa\u00e7\u00f5es sens\u00edveis \u00e9 a nossa principal prioridade.<\/p><p>Todos os servi\u00e7os s\u00e3o prestados em conformidade com as leis de prote\u00e7\u00e3o de dados aplic\u00e1veis (RGPD \/ LPD) e com os acordos de confidencialidade contratualmente estabelecidos.<\/p><h2>Bases Contratuais<\/h2><p>Todos os detalhes da colabora\u00e7\u00e3o, em particular o \u00e2mbito dos servi\u00e7os, pre\u00e7os, prazos, regras de rescis\u00e3o e responsabilidade, s\u00e3o regulados individual e transparentemente no respetivo contrato.<\/p>\t\t\t\t\t\t\t\t<\/div>\n\t\t\t\t\t<\/div>\n\t\t\t\t<\/div>\n\t\t\t\t<\/div>\n\t\t","protected":false},"excerpt":{"rendered":"<p>Condi\u00e7\u00f5es Gerais (CG) Geral A NextGen Workforce trabalha exclusivamente com clientes empresariais (B2B) e presta servi\u00e7os de IT Nearshoring a empresas su\u00ed\u00e7as. O \u00e2mbito espec\u00edfico dos servi\u00e7os, os pre\u00e7os e os detalhes contratuais s\u00e3o acordados individualmente no \u00e2mbito de propostas e&#8230;<\/p>\n","protected":false},"author":1,"featured_media":0,"parent":0,"menu_order":0,"comment_status":"closed","ping_status":"closed","template":"","meta":{"footnotes":""},"class_list":["post-12416","page","type-page","status-publish","hentry"],"yoast_head":"<!-- This site is optimized with the Yoast SEO plugin v27.5 - https:\/\/yoast.com\/product\/yoast-seo-wordpress\/ -->\n<title>Condi\u00e7\u00f5es Gerais (CG) NextGen Workforce<\/title>\n<meta name=\"description\" content=\"Condi\u00e7\u00f5es Gerais (CG) dos Servi\u00e7os de IT Nearshoring da NextGen Workforce Termos Contratuais Transparentes para Empresas\" \/>\n<meta name=\"robots\" content=\"noindex, follow\" \/>\n<meta property=\"og:locale\" content=\"pt_PT\" \/>\n<meta property=\"og:type\" content=\"article\" \/>\n<meta property=\"og:title\" content=\"Condi\u00e7\u00f5es Gerais NextGen Workforce\" \/>\n<meta property=\"og:description\" content=\"Condi\u00e7\u00f5es Gerais dos Servi\u00e7os de IT Nearshoring da NextGen Workforce entre a Su\u00ed\u00e7a e Portugal. Termos Contratuais Transparentes para Empresas\" \/>\n<meta property=\"og:url\" content=\"https:\/\/nextgen-workforce.ch\/pt-pt\/condicoes-gerais\/\" \/>\n<meta property=\"og:site_name\" content=\"NextGen WorkForce\" \/>\n<meta property=\"article:modified_time\" content=\"2026-04-25T14:28:40+00:00\" \/>\n<meta property=\"og:image\" content=\"https:\/\/nextgen-workforce.ch\/wp-content\/uploads\/2026\/03\/014f1bdc-02f6-4612-8ca8-cf42e8c5b05e.png\" \/>\n\t<meta property=\"og:image:width\" content=\"1024\" \/>\n\t<meta property=\"og:image:height\" content=\"1024\" \/>\n\t<meta property=\"og:image:type\" content=\"image\/png\" \/>\n<meta name=\"twitter:card\" content=\"summary_large_image\" \/>\n<meta name=\"twitter:title\" content=\"Condi\u00e7\u00f5es Gerais NextGen Workforce\" \/>\n<meta name=\"twitter:description\" content=\"Condi\u00e7\u00f5es Gerais dos Servi\u00e7os de IT Nearshoring da NextGen Workforce entre a Su\u00ed\u00e7a e Portugal. Termos Contratuais Transparentes para Empresas\" \/>\n<meta name=\"twitter:site\" content=\"@nextgenWor\" \/>\n<meta name=\"twitter:label1\" content=\"Tempo estimado de leitura\" \/>\n\t<meta name=\"twitter:data1\" content=\"1 minuto\" \/>\n<script type=\"application\/ld+json\" class=\"yoast-schema-graph\">{\"@context\":\"https:\\\/\\\/schema.org\",\"@graph\":[{\"@type\":\"WebPage\",\"@id\":\"https:\\\/\\\/nextgen-workforce.ch\\\/pt-pt\\\/condicoes-gerais\\\/\",\"url\":\"https:\\\/\\\/nextgen-workforce.ch\\\/pt-pt\\\/condicoes-gerais\\\/\",\"name\":\"Condi\u00e7\u00f5es Gerais (CG) NextGen Workforce\",\"isPartOf\":{\"@id\":\"https:\\\/\\\/nextgen-workforce.ch\\\/pt-pt\\\/#website\"},\"datePublished\":\"2026-03-19T07:52:49+00:00\",\"dateModified\":\"2026-04-25T14:28:40+00:00\",\"description\":\"Condi\u00e7\u00f5es Gerais (CG) dos Servi\u00e7os de IT Nearshoring da NextGen Workforce Termos Contratuais Transparentes para Empresas\",\"breadcrumb\":{\"@id\":\"https:\\\/\\\/nextgen-workforce.ch\\\/pt-pt\\\/condicoes-gerais\\\/#breadcrumb\"},\"inLanguage\":\"pt-PT\",\"potentialAction\":[{\"@type\":\"ReadAction\",\"target\":[\"https:\\\/\\\/nextgen-workforce.ch\\\/pt-pt\\\/condicoes-gerais\\\/\"]}]},{\"@type\":\"BreadcrumbList\",\"@id\":\"https:\\\/\\\/nextgen-workforce.ch\\\/pt-pt\\\/condicoes-gerais\\\/#breadcrumb\",\"itemListElement\":[{\"@type\":\"ListItem\",\"position\":1,\"name\":\"Start\",\"item\":\"https:\\\/\\\/nextgen-workforce.ch\\\/pt-pt\\\/nearshoring-it-schweiz\\\/\"},{\"@type\":\"ListItem\",\"position\":2,\"name\":\"Condi\u00e7\u00f5es Gerais\"}]},{\"@type\":\"WebSite\",\"@id\":\"https:\\\/\\\/nextgen-workforce.ch\\\/pt-pt\\\/#website\",\"url\":\"https:\\\/\\\/nextgen-workforce.ch\\\/pt-pt\\\/\",\"name\":\"NextGen Workforce\",\"description\":\"Nearshoring f\u00fcr Schweizer Unternehmen \u2013 dedizierte IT-Teams aus Portugal unter Schweizer F\u00fchrung\",\"publisher\":{\"@id\":\"https:\\\/\\\/nextgen-workforce.ch\\\/pt-pt\\\/#organization\"},\"alternateName\":\"NextGen\",\"potentialAction\":[{\"@type\":\"SearchAction\",\"target\":{\"@type\":\"EntryPoint\",\"urlTemplate\":\"https:\\\/\\\/nextgen-workforce.ch\\\/pt-pt\\\/?s={search_term_string}\"},\"query-input\":{\"@type\":\"PropertyValueSpecification\",\"valueRequired\":true,\"valueName\":\"search_term_string\"}}],\"inLanguage\":\"pt-PT\"},{\"@type\":\"Organization\",\"@id\":\"https:\\\/\\\/nextgen-workforce.ch\\\/pt-pt\\\/#organization\",\"name\":\"NextGen Workforce\",\"alternateName\":\"NextGen\",\"url\":\"https:\\\/\\\/nextgen-workforce.ch\\\/pt-pt\\\/\",\"logo\":{\"@type\":\"ImageObject\",\"inLanguage\":\"pt-PT\",\"@id\":\"https:\\\/\\\/nextgen-workforce.ch\\\/pt-pt\\\/#\\\/schema\\\/logo\\\/image\\\/\",\"url\":\"https:\\\/\\\/nextgen-workforce.ch\\\/wp-content\\\/uploads\\\/2026\\\/03\\\/nextgen-workforce-logo.png\",\"contentUrl\":\"https:\\\/\\\/nextgen-workforce.ch\\\/wp-content\\\/uploads\\\/2026\\\/03\\\/nextgen-workforce-logo.png\",\"width\":1024,\"height\":1024,\"caption\":\"NextGen Workforce\"},\"image\":{\"@id\":\"https:\\\/\\\/nextgen-workforce.ch\\\/pt-pt\\\/#\\\/schema\\\/logo\\\/image\\\/\"},\"sameAs\":[\"https:\\\/\\\/x.com\\\/nextgenWor\",\"https:\\\/\\\/www.linkedin.com\\\/in\\\/nextgen-workforce\\\/\"]}]}<\/script>\n<!-- \/ Yoast SEO plugin. -->","yoast_head_json":{"title":"Condi\u00e7\u00f5es Gerais (CG) NextGen Workforce","description":"Condi\u00e7\u00f5es Gerais (CG) dos Servi\u00e7os de IT Nearshoring da NextGen Workforce Termos Contratuais Transparentes para Empresas","robots":{"index":"noindex","follow":"follow"},"og_locale":"pt_PT","og_type":"article","og_title":"Condi\u00e7\u00f5es Gerais NextGen Workforce","og_description":"Condi\u00e7\u00f5es Gerais dos Servi\u00e7os de IT Nearshoring da NextGen Workforce entre a Su\u00ed\u00e7a e Portugal. Termos Contratuais Transparentes para Empresas","og_url":"https:\/\/nextgen-workforce.ch\/pt-pt\/condicoes-gerais\/","og_site_name":"NextGen WorkForce","article_modified_time":"2026-04-25T14:28:40+00:00","og_image":[{"width":1024,"height":1024,"url":"https:\/\/nextgen-workforce.ch\/wp-content\/uploads\/2026\/03\/014f1bdc-02f6-4612-8ca8-cf42e8c5b05e.png","type":"image\/png"}],"twitter_card":"summary_large_image","twitter_title":"Condi\u00e7\u00f5es Gerais NextGen Workforce","twitter_description":"Condi\u00e7\u00f5es Gerais dos Servi\u00e7os de IT Nearshoring da NextGen Workforce entre a Su\u00ed\u00e7a e Portugal. Termos Contratuais Transparentes para Empresas","twitter_site":"@nextgenWor","twitter_misc":{"Tempo estimado de leitura":"1 minuto"},"schema":{"@context":"https:\/\/schema.org","@graph":[{"@type":"WebPage","@id":"https:\/\/nextgen-workforce.ch\/pt-pt\/condicoes-gerais\/","url":"https:\/\/nextgen-workforce.ch\/pt-pt\/condicoes-gerais\/","name":"Condi\u00e7\u00f5es Gerais (CG) NextGen Workforce","isPartOf":{"@id":"https:\/\/nextgen-workforce.ch\/pt-pt\/#website"},"datePublished":"2026-03-19T07:52:49+00:00","dateModified":"2026-04-25T14:28:40+00:00","description":"Condi\u00e7\u00f5es Gerais (CG) dos Servi\u00e7os de IT Nearshoring da NextGen Workforce Termos Contratuais Transparentes para Empresas","breadcrumb":{"@id":"https:\/\/nextgen-workforce.ch\/pt-pt\/condicoes-gerais\/#breadcrumb"},"inLanguage":"pt-PT","potentialAction":[{"@type":"ReadAction","target":["https:\/\/nextgen-workforce.ch\/pt-pt\/condicoes-gerais\/"]}]},{"@type":"BreadcrumbList","@id":"https:\/\/nextgen-workforce.ch\/pt-pt\/condicoes-gerais\/#breadcrumb","itemListElement":[{"@type":"ListItem","position":1,"name":"Start","item":"https:\/\/nextgen-workforce.ch\/pt-pt\/nearshoring-it-schweiz\/"},{"@type":"ListItem","position":2,"name":"Condi\u00e7\u00f5es Gerais"}]},{"@type":"WebSite","@id":"https:\/\/nextgen-workforce.ch\/pt-pt\/#website","url":"https:\/\/nextgen-workforce.ch\/pt-pt\/","name":"NextGen Workforce","description":"Nearshoring f\u00fcr Schweizer Unternehmen \u2013 dedizierte IT-Teams aus Portugal unter Schweizer F\u00fchrung","publisher":{"@id":"https:\/\/nextgen-workforce.ch\/pt-pt\/#organization"},"alternateName":"NextGen","potentialAction":[{"@type":"SearchAction","target":{"@type":"EntryPoint","urlTemplate":"https:\/\/nextgen-workforce.ch\/pt-pt\/?s={search_term_string}"},"query-input":{"@type":"PropertyValueSpecification","valueRequired":true,"valueName":"search_term_string"}}],"inLanguage":"pt-PT"},{"@type":"Organization","@id":"https:\/\/nextgen-workforce.ch\/pt-pt\/#organization","name":"NextGen Workforce","alternateName":"NextGen","url":"https:\/\/nextgen-workforce.ch\/pt-pt\/","logo":{"@type":"ImageObject","inLanguage":"pt-PT","@id":"https:\/\/nextgen-workforce.ch\/pt-pt\/#\/schema\/logo\/image\/","url":"https:\/\/nextgen-workforce.ch\/wp-content\/uploads\/2026\/03\/nextgen-workforce-logo.png","contentUrl":"https:\/\/nextgen-workforce.ch\/wp-content\/uploads\/2026\/03\/nextgen-workforce-logo.png","width":1024,"height":1024,"caption":"NextGen Workforce"},"image":{"@id":"https:\/\/nextgen-workforce.ch\/pt-pt\/#\/schema\/logo\/image\/"},"sameAs":["https:\/\/x.com\/nextgenWor","https:\/\/www.linkedin.com\/in\/nextgen-workforce\/"]}]}},"_links":{"self":[{"href":"https:\/\/nextgen-workforce.ch\/pt-pt\/wp-json\/wp\/v2\/pages\/12416","targetHints":{"allow":["GET"]}}],"collection":[{"href":"https:\/\/nextgen-workforce.ch\/pt-pt\/wp-json\/wp\/v2\/pages"}],"about":[{"href":"https:\/\/nextgen-workforce.ch\/pt-pt\/wp-json\/wp\/v2\/types\/page"}],"author":[{"embeddable":true,"href":"https:\/\/nextgen-workforce.ch\/pt-pt\/wp-json\/wp\/v2\/users\/1"}],"replies":[{"embeddable":true,"href":"https:\/\/nextgen-workforce.ch\/pt-pt\/wp-json\/wp\/v2\/comments?post=12416"}],"version-history":[{"count":4,"href":"https:\/\/nextgen-workforce.ch\/pt-pt\/wp-json\/wp\/v2\/pages\/12416\/revisions"}],"predecessor-version":[{"id":12831,"href":"https:\/\/nextgen-workforce.ch\/pt-pt\/wp-json\/wp\/v2\/pages\/12416\/revisions\/12831"}],"wp:attachment":[{"href":"https:\/\/nextgen-workforce.ch\/pt-pt\/wp-json\/wp\/v2\/media?parent=12416"}],"curies":[{"name":"wp","href":"https:\/\/api.w.org\/{rel}","templated":true}]}}