{"id":14819,"date":"2025-08-14T18:12:54","date_gmt":"2025-08-14T17:12:54","guid":{"rendered":"https:\/\/nextgen-workforce.ch\/blogue\/"},"modified":"2026-04-13T10:58:34","modified_gmt":"2026-04-13T09:58:34","slug":"blogue","status":"publish","type":"page","link":"https:\/\/nextgen-workforce.ch\/pt-pt\/blogue\/","title":{"rendered":"Blogue"},"content":{"rendered":"\t\t<div data-elementor-type=\"wp-page\" data-elementor-id=\"14819\" class=\"elementor elementor-14819 elementor-2895\">\n\t\t\t\t<div class=\"elementor-element elementor-element-7d65c56 e-flex e-con-boxed e-con e-parent\" data-id=\"7d65c56\" data-element_type=\"container\" data-e-type=\"container\">\n\t\t\t\t\t<div class=\"e-con-inner\">\n\t\t\t\t<div class=\"elementor-element elementor-element-eb5a214 listing-pagination-background-style-gradient listing-pagination-border-style-gradient elementor-widget elementor-widget-aigency_blog_listing\" data-id=\"eb5a214\" data-element_type=\"widget\" data-e-type=\"widget\" data-widget_type=\"aigency_blog_listing.default\">\n\t\t\t\t<div class=\"elementor-widget-container\">\n\t\t\t\t\t\n        <div class=\"archive-listing\" data-ajax='{&quot;post_type&quot;:&quot;post&quot;,&quot;post_status&quot;:&quot;publish&quot;,&quot;posts_per_page&quot;:4,&quot;orderby&quot;:&quot;date&quot;,&quot;order&quot;:&quot;desc&quot;,&quot;paged&quot;:1,&quot;category_name&quot;:&quot;&quot;,&quot;tag&quot;:&quot;&quot;,&quot;post__in&quot;:&quot;&quot;,&quot;ignore_sticky_posts&quot;:false,&quot;link_base&quot;:&quot;https:\\\/\\\/nextgen-workforce.ch\\\/pt-pt\\\/wp-json\\\/wp\\\/v2\\\/pages\\\/14819\\\/&quot;}' data-widget='{&quot;listing_type&quot;:&quot;classic&quot;,&quot;excerpt_length&quot;:218,&quot;show_cat&quot;:&quot;yes&quot;,&quot;show_media&quot;:&quot;yes&quot;,&quot;show_author&quot;:&quot;&quot;,&quot;show_date&quot;:&quot;&quot;,&quot;show_title&quot;:&quot;yes&quot;,&quot;show_tags&quot;:&quot;no&quot;,&quot;show_excerpt&quot;:&quot;yes&quot;,&quot;show_read_more&quot;:&quot;yes&quot;,&quot;read_more_text&quot;:&quot;Ler mais&quot;,&quot;columns_number&quot;:1,&quot;show_pagination&quot;:&quot;yes&quot;,&quot;item_class&quot;:&quot;post standard-blog-item-wrapper&quot;}'>\n            <div class=\"archive-listing-wrapper classic-listing\">\n                \r\n<div class=\"standard-blog-item-wrapper post post-14447 type-post status-publish format-standard has-post-thumbnail hentry category-estrategia-de-ti category-sem-categoria tag-custos-de-ti-na-suica tag-estrategia-de-ti tag-nearshoring\">\r\n    <div class=\"blog-item\">\r\n        <div class=\"post-media-wrapper\"><a href=\"https:\/\/nextgen-workforce.ch\/pt-pt\/estrategia-de-ti-na-suica\/\"><picture><source media=\"(max-width: 575px)\" sizes=\"(max-width: 575px) 575px\" srcset=\"https:\/\/nextgen-workforce.ch\/wp-content\/uploads\/2026\/04\/it-strategie-schweiz-575x274.png 575w\"><source media=\"(max-width: 991px)\" sizes=\"(max-width: 991px) 991px\" srcset=\"https:\/\/nextgen-workforce.ch\/wp-content\/uploads\/2026\/04\/it-strategie-schweiz-991x472.png 991w\"><img decoding=\"async\" alt=\"Estrat\u00e9gia de TI na Su\u00ed\u00e7a: As empresas planeiam a sua estrutura de TI para escalabilidade, seguran\u00e7a e crescimento\" title=\"Estrat\u00e9gia de TI na Su\u00ed\u00e7a \u2013 Alinhar e escalar a TI de forma eficiente\" src=\"https:\/\/nextgen-workforce.ch\/wp-content\/uploads\/2026\/04\/it-strategie-schweiz-1024x638.png\" class=\"attachment-post-thumbnail size-post-thumbnail wp-post-image\" \/><\/picture><\/a><\/div><h3 class=\"post-title\"><a href=\"https:\/\/nextgen-workforce.ch\/pt-pt\/estrategia-de-ti-na-suica\/\">Estrat\u00e9gia de TI na Su\u00ed\u00e7a<\/a><\/h3><div class=\"post-content\">Atualmente, a TI j\u00e1 n\u00e3o \u00e9 uma \u00e1rea de suporte \u2013 mas sim uma parte central da estrat\u00e9gia empresarial. No entanto, muitas empresas na Su\u00ed\u00e7a n\u00e3o t\u00eam uma estrat\u00e9gia de TI clara. \ud83d\udc49 A consequ\u00eancia: custos cre<\/div><div class=\"post-labels\"><div class=\"post-categories\"><a class=\"post-category-item\" href=\"https:\/\/nextgen-workforce.ch\/pt-pt\/estrategia-de-ti\/\">Estrat\u00e9gia de TI<\/a><a class=\"post-category-item\" href=\"https:\/\/nextgen-workforce.ch\/pt-pt\/sem-categoria\/\">Sem categoria<\/a><\/div><\/div><div class=\"post-more-button\"><a href=\"https:\/\/nextgen-workforce.ch\/pt-pt\/estrategia-de-ti-na-suica\/\"><span>Ler mais<\/span><svg viewBox=\"0 0 13 20\"><polyline points=\"0.5 19.5 3 19.5 12.5 10 3 0.5\" \/><\/svg><\/a><\/div>    <\/div>\r\n<\/div>\r\n<div class=\"standard-blog-item-wrapper post post-14432 type-post status-publish format-standard has-post-thumbnail hentry category-custos-de-ti-mercado category-sem-categoria tag-nearshoring tag-outsourcing-de-ti tag-reduzir-custos-de-ti\">\r\n    <div class=\"blog-item\">\r\n        <div class=\"post-media-wrapper\"><a href=\"https:\/\/nextgen-workforce.ch\/pt-pt\/reduzir-custos-de-ti-na-suica\/\"><picture><source media=\"(max-width: 575px)\" sizes=\"(max-width: 575px) 575px\" srcset=\"https:\/\/nextgen-workforce.ch\/wp-content\/uploads\/2026\/04\/it-kosten-reduzieren-schweiz-575x274.png 575w\"><source media=\"(max-width: 991px)\" sizes=\"(max-width: 991px) 991px\" srcset=\"https:\/\/nextgen-workforce.ch\/wp-content\/uploads\/2026\/04\/it-kosten-reduzieren-schweiz-991x472.png 991w\"><img decoding=\"async\" alt=\"Reduzir custos de TI na Su\u00ed\u00e7a: empresas reduzem despesas de TI e otimizam a sua estrutura de TI\" title=\"Reduzir custos de TI na Su\u00ed\u00e7a \u2013 estrat\u00e9gias para empresas\" src=\"https:\/\/nextgen-workforce.ch\/wp-content\/uploads\/2026\/04\/it-kosten-reduzieren-schweiz-1024x638.png\" class=\"attachment-post-thumbnail size-post-thumbnail wp-post-image\" \/><\/picture><\/a><\/div><h3 class=\"post-title\"><a href=\"https:\/\/nextgen-workforce.ch\/pt-pt\/reduzir-custos-de-ti-na-suica\/\">Reduzir custos de TI na Su\u00ed\u00e7a<\/a><\/h3><div class=\"post-content\">Os custos de TI na Su\u00ed\u00e7a est\u00e3o entre os maiores blocos de custos nas empresas. Muitas empresas tentam poupar \u2014 mas atuam nos pontos errados. \ud83d\udc49 O resultado: poupan\u00e7as a curto prazo problemas a longo prazo A que<\/div><div class=\"post-labels\"><div class=\"post-categories\"><a class=\"post-category-item\" href=\"https:\/\/nextgen-workforce.ch\/pt-pt\/custos-de-ti-mercado\/\">Custos de TI &amp; Mercado<\/a><a class=\"post-category-item\" href=\"https:\/\/nextgen-workforce.ch\/pt-pt\/sem-categoria\/\">Sem categoria<\/a><\/div><\/div><div class=\"post-more-button\"><a href=\"https:\/\/nextgen-workforce.ch\/pt-pt\/reduzir-custos-de-ti-na-suica\/\"><span>Ler mais<\/span><svg viewBox=\"0 0 13 20\"><polyline points=\"0.5 19.5 3 19.5 12.5 10 3 0.5\" \/><\/svg><\/a><\/div>    <\/div>\r\n<\/div>\r\n<div class=\"standard-blog-item-wrapper post post-14407 type-post status-publish format-standard has-post-thumbnail hentry category-estrategia-de-ti category-nearshoring category-sem-categoria tag-custos-de-ti-na-suica tag-nearshoring tag-outsourcing-de-ti\">\r\n    <div class=\"blog-item\">\r\n        <div class=\"post-media-wrapper\"><a href=\"https:\/\/nextgen-workforce.ch\/pt-pt\/nearshoring-na-suica\/\"><picture><source media=\"(max-width: 575px)\" sizes=\"(max-width: 575px) 575px\" srcset=\"https:\/\/nextgen-workforce.ch\/wp-content\/uploads\/2026\/04\/nearshoring-schweiz-it-team-575x274.png 575w\"><source media=\"(max-width: 991px)\" sizes=\"(max-width: 991px) 991px\" srcset=\"https:\/\/nextgen-workforce.ch\/wp-content\/uploads\/2026\/04\/nearshoring-schweiz-it-team-991x472.png 991w\"><img decoding=\"async\" alt=\"Nearshoring na Su\u00ed\u00e7a: equipas de TI integradas e recursos de TI escal\u00e1veis para empresas\" title=\"Nearshoring na Su\u00ed\u00e7a \u2013 escalar equipas de TI de forma eficiente\" src=\"https:\/\/nextgen-workforce.ch\/wp-content\/uploads\/2026\/04\/nearshoring-schweiz-it-team-1024x638.png\" class=\"attachment-post-thumbnail size-post-thumbnail wp-post-image\" \/><\/picture><\/a><\/div><h3 class=\"post-title\"><a href=\"https:\/\/nextgen-workforce.ch\/pt-pt\/nearshoring-na-suica\/\">Nearshoring na Su\u00ed\u00e7a<\/a><\/h3><div class=\"post-content\">O nearshoring est\u00e1 a ganhar cada vez mais import\u00e2ncia na Su\u00ed\u00e7a.As empresas est\u00e3o sob press\u00e3o: custos de TI em aumento escassez de profissionais qualificados complexidade crescente \ud83d\udc49 Os modelos cl\u00e1ssicos j\u00e1 n<\/div><div class=\"post-labels\"><div class=\"post-categories\"><a class=\"post-category-item\" href=\"https:\/\/nextgen-workforce.ch\/pt-pt\/estrategia-de-ti\/\">Estrat\u00e9gia de TI<\/a><a class=\"post-category-item\" href=\"https:\/\/nextgen-workforce.ch\/pt-pt\/nearshoring\/\">Nearshoring<\/a><a class=\"post-category-item\" href=\"https:\/\/nextgen-workforce.ch\/pt-pt\/sem-categoria\/\">Sem categoria<\/a><\/div><\/div><div class=\"post-more-button\"><a href=\"https:\/\/nextgen-workforce.ch\/pt-pt\/nearshoring-na-suica\/\"><span>Ler mais<\/span><svg viewBox=\"0 0 13 20\"><polyline points=\"0.5 19.5 3 19.5 12.5 10 3 0.5\" \/><\/svg><\/a><\/div>    <\/div>\r\n<\/div>\r\n<div class=\"standard-blog-item-wrapper post post-14413 type-post status-publish format-standard has-post-thumbnail hentry category-profissionais-de-ti-recrutamento category-sem-categoria tag-custos-de-ti-na-suica tag-escassez-de-profissionais-de-ti tag-nearshoring\">\r\n    <div class=\"blog-item\">\r\n        <div class=\"post-media-wrapper\"><a href=\"https:\/\/nextgen-workforce.ch\/pt-pt\/escassez-de-profissionais-de-ti-na-suica\/\"><picture><source media=\"(max-width: 575px)\" sizes=\"(max-width: 575px) 575px\" srcset=\"https:\/\/nextgen-workforce.ch\/wp-content\/uploads\/2026\/04\/it-fachkraeftemangel-schweiz-575x274.png 575w\"><source media=\"(max-width: 991px)\" sizes=\"(max-width: 991px) 991px\" srcset=\"https:\/\/nextgen-workforce.ch\/wp-content\/uploads\/2026\/04\/it-fachkraeftemangel-schweiz-991x472.png 991w\"><img decoding=\"async\" alt=\"Escassez de profissionais de TI na Su\u00ed\u00e7a: as empresas n\u00e3o encontram especialistas de TI e as vagas em aberto ficam por preencher\" title=\"Escassez de profissionais de TI na Su\u00ed\u00e7a \u2013 causas e impactos\" src=\"https:\/\/nextgen-workforce.ch\/wp-content\/uploads\/2026\/04\/it-fachkraeftemangel-schweiz-1024x638.png\" class=\"attachment-post-thumbnail size-post-thumbnail wp-post-image\" \/><\/picture><\/a><\/div><h3 class=\"post-title\"><a href=\"https:\/\/nextgen-workforce.ch\/pt-pt\/escassez-de-profissionais-de-ti-na-suica\/\">Escassez de profissionais de TI na Su\u00ed\u00e7a<\/a><\/h3><div class=\"post-content\">A escassez de profissionais de TI na Su\u00ed\u00e7a j\u00e1 \u00e9 uma realidade.As empresas procuram durante meses especialistas de TI qualificados \u2014 muitas vezes sem sucesso. As consequ\u00eancias s\u00e3o claras: Os projetos atrasam-se <\/div><div class=\"post-labels\"><div class=\"post-categories\"><a class=\"post-category-item\" href=\"https:\/\/nextgen-workforce.ch\/pt-pt\/profissionais-de-ti-recrutamento\/\">Profissionais de TI &amp; recrutamento<\/a><a class=\"post-category-item\" href=\"https:\/\/nextgen-workforce.ch\/pt-pt\/sem-categoria\/\">Sem categoria<\/a><\/div><\/div><div class=\"post-more-button\"><a href=\"https:\/\/nextgen-workforce.ch\/pt-pt\/escassez-de-profissionais-de-ti-na-suica\/\"><span>Ler mais<\/span><svg viewBox=\"0 0 13 20\"><polyline points=\"0.5 19.5 3 19.5 12.5 10 3 0.5\" \/><\/svg><\/a><\/div>    <\/div>\r\n<\/div>            <\/div>\n\n            <div class=\"content-pagination\"><nav class=\"navigation pagination\" role=\"navigation\"><h2 class=\"screen-reader-text\">Pagination<\/h2><div class=\"nav-links\"><span aria-current=\"page\" class=\"page-numbers current\"><span class=\"button-inner\"><\/span>1<\/span>\n<a class=\"page-numbers\" href=\"https:\/\/nextgen-workforce.ch\/pt-pt\/wp-json\/wp\/v2\/pages\/14819\/?eb5a214-paged=2\"><span class=\"button-inner\"><\/span>2<\/a>\n<a class=\"next page-numbers\" href=\"https:\/\/nextgen-workforce.ch\/pt-pt\/wp-json\/wp\/v2\/pages\/14819\/?eb5a214-paged=2\">Next<span class=\"button-inner\"><\/span><span class=\"icon-button-icon\"><\/span><\/a><\/div><\/nav><\/div>        <\/div>\n        \n        \t\t\t\t<\/div>\n\t\t\t\t<\/div>\n\t\t\t\t\t<\/div>\n\t\t\t\t<\/div>\n\t\t\t\t<\/div>\n\t\t","protected":false},"excerpt":{"rendered":"","protected":false},"author":1,"featured_media":14820,"parent":0,"menu_order":0,"comment_status":"closed","ping_status":"closed","template":"","meta":{"footnotes":""},"class_list":["post-14819","page","type-page","status-publish","has-post-thumbnail","hentry"],"yoast_head":"<!-- This site is optimized with the Yoast SEO plugin v27.3 - https:\/\/yoast.com\/product\/yoast-seo-wordpress\/ -->\n<title>Nearshoring de TI na Su\u00ed\u00e7a \u2013 Especialistas dedicados em vez de freelancers<\/title>\n<meta name=\"description\" content=\"Nearshoring de TI para empresas su\u00ed\u00e7as. Especialistas dedicados, integrados de forma permanente, sem freelancers, sem fatura\u00e7\u00e3o por horas. Controlo total\" \/>\n<meta name=\"robots\" content=\"index, follow, max-snippet:-1, max-image-preview:large, max-video-preview:-1\" \/>\n<link rel=\"canonical\" href=\"https:\/\/nextgen-workforce.ch\/pt-pt\/blogue\/\" \/>\n<meta property=\"og:locale\" content=\"pt_PT\" \/>\n<meta property=\"og:type\" content=\"article\" \/>\n<meta property=\"og:title\" content=\"Nearshoring de TI na Su\u00ed\u00e7a \u2013 Especialistas dedicados em vez de freelancers\" \/>\n<meta property=\"og:description\" content=\"Nearshoring de TI para empresas su\u00ed\u00e7as. Especialistas dedicados, integrados de forma permanente, sem freelancers, sem fatura\u00e7\u00e3o por horas. Controlo total.\" \/>\n<meta property=\"og:url\" content=\"https:\/\/nextgen-workforce.ch\/pt-pt\/blogue\/\" \/>\n<meta property=\"og:site_name\" content=\"NextGen WorkForce\" \/>\n<meta property=\"article:modified_time\" content=\"2026-04-13T09:58:34+00:00\" \/>\n<meta property=\"og:image\" content=\"https:\/\/nextgen-workforce.ch\/wp-content\/uploads\/2026\/04\/nearshoring-it-schweiz-nextgen-workforce-300x300.png\" \/>\n<meta name=\"twitter:card\" content=\"summary_large_image\" \/>\n<meta name=\"twitter:title\" content=\"Nearshoring de TI na Su\u00ed\u00e7a \u2013 Especialistas dedicados em vez de freelancers\" \/>\n<meta name=\"twitter:description\" content=\"Nearshoring de TI para empresas su\u00ed\u00e7as. Especialistas dedicados, integrados de forma permanente, sem freelancers, sem fatura\u00e7\u00e3o por horas. Controlo total.\" \/>\n<meta name=\"twitter:image\" content=\"https:\/\/nextgen-workforce.ch\/wp-content\/uploads\/2026\/04\/nearshoring-it-schweiz-nextgen-workforce.png\" \/>\n<meta name=\"twitter:site\" content=\"@nextgenWor\" \/>\n<script type=\"application\/ld+json\" class=\"yoast-schema-graph\">{\"@context\":\"https:\\\/\\\/schema.org\",\"@graph\":[{\"@type\":\"WebPage\",\"@id\":\"https:\\\/\\\/nextgen-workforce.ch\\\/pt-pt\\\/blogue\\\/\",\"url\":\"https:\\\/\\\/nextgen-workforce.ch\\\/pt-pt\\\/blogue\\\/\",\"name\":\"Nearshoring de TI na Su\u00ed\u00e7a \u2013 Especialistas dedicados em vez de freelancers\",\"isPartOf\":{\"@id\":\"https:\\\/\\\/nextgen-workforce.ch\\\/pt-pt\\\/#website\"},\"primaryImageOfPage\":{\"@id\":\"https:\\\/\\\/nextgen-workforce.ch\\\/pt-pt\\\/blogue\\\/#primaryimage\"},\"image\":{\"@id\":\"https:\\\/\\\/nextgen-workforce.ch\\\/pt-pt\\\/blogue\\\/#primaryimage\"},\"thumbnailUrl\":\"https:\\\/\\\/nextgen-workforce.ch\\\/wp-content\\\/uploads\\\/2026\\\/04\\\/nearshoring-it-schweiz-nextgen-workforce.png\",\"datePublished\":\"2025-08-14T17:12:54+00:00\",\"dateModified\":\"2026-04-13T09:58:34+00:00\",\"description\":\"Nearshoring de TI para empresas su\u00ed\u00e7as. Especialistas dedicados, integrados de forma permanente, sem freelancers, sem fatura\u00e7\u00e3o por horas. Controlo total\",\"breadcrumb\":{\"@id\":\"https:\\\/\\\/nextgen-workforce.ch\\\/pt-pt\\\/blogue\\\/#breadcrumb\"},\"inLanguage\":\"pt-PT\",\"potentialAction\":[{\"@type\":\"ReadAction\",\"target\":[\"https:\\\/\\\/nextgen-workforce.ch\\\/pt-pt\\\/blogue\\\/\"]}]},{\"@type\":\"ImageObject\",\"inLanguage\":\"pt-PT\",\"@id\":\"https:\\\/\\\/nextgen-workforce.ch\\\/pt-pt\\\/blogue\\\/#primaryimage\",\"url\":\"https:\\\/\\\/nextgen-workforce.ch\\\/wp-content\\\/uploads\\\/2026\\\/04\\\/nearshoring-it-schweiz-nextgen-workforce.png\",\"contentUrl\":\"https:\\\/\\\/nextgen-workforce.ch\\\/wp-content\\\/uploads\\\/2026\\\/04\\\/nearshoring-it-schweiz-nextgen-workforce.png\",\"width\":1024,\"height\":1024,\"caption\":\"Especialistas de TI dedicados. Custos fixos. Controlo total.\"},{\"@type\":\"BreadcrumbList\",\"@id\":\"https:\\\/\\\/nextgen-workforce.ch\\\/pt-pt\\\/blogue\\\/#breadcrumb\",\"itemListElement\":[{\"@type\":\"ListItem\",\"position\":1,\"name\":\"Start\",\"item\":\"https:\\\/\\\/nextgen-workforce.ch\\\/pt-pt\\\/\"},{\"@type\":\"ListItem\",\"position\":2,\"name\":\"Blogue\"}]},{\"@type\":\"WebSite\",\"@id\":\"https:\\\/\\\/nextgen-workforce.ch\\\/pt-pt\\\/#website\",\"url\":\"https:\\\/\\\/nextgen-workforce.ch\\\/pt-pt\\\/\",\"name\":\"NextGen Workforce\",\"description\":\"Nearshoring f\u00fcr Schweizer Unternehmen \u2013 dedizierte IT-Teams aus Portugal unter Schweizer F\u00fchrung\",\"publisher\":{\"@id\":\"https:\\\/\\\/nextgen-workforce.ch\\\/pt-pt\\\/#organization\"},\"alternateName\":\"NextGen\",\"potentialAction\":[{\"@type\":\"SearchAction\",\"target\":{\"@type\":\"EntryPoint\",\"urlTemplate\":\"https:\\\/\\\/nextgen-workforce.ch\\\/pt-pt\\\/?s={search_term_string}\"},\"query-input\":{\"@type\":\"PropertyValueSpecification\",\"valueRequired\":true,\"valueName\":\"search_term_string\"}}],\"inLanguage\":\"pt-PT\"},{\"@type\":\"Organization\",\"@id\":\"https:\\\/\\\/nextgen-workforce.ch\\\/pt-pt\\\/#organization\",\"name\":\"NextGen Workforce\",\"alternateName\":\"NextGen\",\"url\":\"https:\\\/\\\/nextgen-workforce.ch\\\/pt-pt\\\/\",\"logo\":{\"@type\":\"ImageObject\",\"inLanguage\":\"pt-PT\",\"@id\":\"https:\\\/\\\/nextgen-workforce.ch\\\/pt-pt\\\/#\\\/schema\\\/logo\\\/image\\\/\",\"url\":\"https:\\\/\\\/nextgen-workforce.ch\\\/wp-content\\\/uploads\\\/2026\\\/03\\\/nextgen-workforce-logo.png\",\"contentUrl\":\"https:\\\/\\\/nextgen-workforce.ch\\\/wp-content\\\/uploads\\\/2026\\\/03\\\/nextgen-workforce-logo.png\",\"width\":1024,\"height\":1024,\"caption\":\"NextGen Workforce\"},\"image\":{\"@id\":\"https:\\\/\\\/nextgen-workforce.ch\\\/pt-pt\\\/#\\\/schema\\\/logo\\\/image\\\/\"},\"sameAs\":[\"https:\\\/\\\/x.com\\\/nextgenWor\",\"https:\\\/\\\/www.linkedin.com\\\/in\\\/nextgen-workforce\\\/\"]}]}<\/script>\n<!-- \/ Yoast SEO plugin. -->","yoast_head_json":{"title":"Nearshoring de TI na Su\u00ed\u00e7a \u2013 Especialistas dedicados em vez de freelancers","description":"Nearshoring de TI para empresas su\u00ed\u00e7as. Especialistas dedicados, integrados de forma permanente, sem freelancers, sem fatura\u00e7\u00e3o por horas. Controlo total","robots":{"index":"index","follow":"follow","max-snippet":"max-snippet:-1","max-image-preview":"max-image-preview:large","max-video-preview":"max-video-preview:-1"},"canonical":"https:\/\/nextgen-workforce.ch\/pt-pt\/blogue\/","og_locale":"pt_PT","og_type":"article","og_title":"Nearshoring de TI na Su\u00ed\u00e7a \u2013 Especialistas dedicados em vez de freelancers","og_description":"Nearshoring de TI para empresas su\u00ed\u00e7as. Especialistas dedicados, integrados de forma permanente, sem freelancers, sem fatura\u00e7\u00e3o por horas. Controlo total.","og_url":"https:\/\/nextgen-workforce.ch\/pt-pt\/blogue\/","og_site_name":"NextGen WorkForce","article_modified_time":"2026-04-13T09:58:34+00:00","og_image":[{"url":"https:\/\/nextgen-workforce.ch\/wp-content\/uploads\/2026\/04\/nearshoring-it-schweiz-nextgen-workforce-300x300.png","type":"","width":"","height":""}],"twitter_card":"summary_large_image","twitter_title":"Nearshoring de TI na Su\u00ed\u00e7a \u2013 Especialistas dedicados em vez de freelancers","twitter_description":"Nearshoring de TI para empresas su\u00ed\u00e7as. Especialistas dedicados, integrados de forma permanente, sem freelancers, sem fatura\u00e7\u00e3o por horas. Controlo total.","twitter_image":"https:\/\/nextgen-workforce.ch\/wp-content\/uploads\/2026\/04\/nearshoring-it-schweiz-nextgen-workforce.png","twitter_site":"@nextgenWor","schema":{"@context":"https:\/\/schema.org","@graph":[{"@type":"WebPage","@id":"https:\/\/nextgen-workforce.ch\/pt-pt\/blogue\/","url":"https:\/\/nextgen-workforce.ch\/pt-pt\/blogue\/","name":"Nearshoring de TI na Su\u00ed\u00e7a \u2013 Especialistas dedicados em vez de freelancers","isPartOf":{"@id":"https:\/\/nextgen-workforce.ch\/pt-pt\/#website"},"primaryImageOfPage":{"@id":"https:\/\/nextgen-workforce.ch\/pt-pt\/blogue\/#primaryimage"},"image":{"@id":"https:\/\/nextgen-workforce.ch\/pt-pt\/blogue\/#primaryimage"},"thumbnailUrl":"https:\/\/nextgen-workforce.ch\/wp-content\/uploads\/2026\/04\/nearshoring-it-schweiz-nextgen-workforce.png","datePublished":"2025-08-14T17:12:54+00:00","dateModified":"2026-04-13T09:58:34+00:00","description":"Nearshoring de TI para empresas su\u00ed\u00e7as. Especialistas dedicados, integrados de forma permanente, sem freelancers, sem fatura\u00e7\u00e3o por horas. Controlo total","breadcrumb":{"@id":"https:\/\/nextgen-workforce.ch\/pt-pt\/blogue\/#breadcrumb"},"inLanguage":"pt-PT","potentialAction":[{"@type":"ReadAction","target":["https:\/\/nextgen-workforce.ch\/pt-pt\/blogue\/"]}]},{"@type":"ImageObject","inLanguage":"pt-PT","@id":"https:\/\/nextgen-workforce.ch\/pt-pt\/blogue\/#primaryimage","url":"https:\/\/nextgen-workforce.ch\/wp-content\/uploads\/2026\/04\/nearshoring-it-schweiz-nextgen-workforce.png","contentUrl":"https:\/\/nextgen-workforce.ch\/wp-content\/uploads\/2026\/04\/nearshoring-it-schweiz-nextgen-workforce.png","width":1024,"height":1024,"caption":"Especialistas de TI dedicados. Custos fixos. Controlo total."},{"@type":"BreadcrumbList","@id":"https:\/\/nextgen-workforce.ch\/pt-pt\/blogue\/#breadcrumb","itemListElement":[{"@type":"ListItem","position":1,"name":"Start","item":"https:\/\/nextgen-workforce.ch\/pt-pt\/"},{"@type":"ListItem","position":2,"name":"Blogue"}]},{"@type":"WebSite","@id":"https:\/\/nextgen-workforce.ch\/pt-pt\/#website","url":"https:\/\/nextgen-workforce.ch\/pt-pt\/","name":"NextGen Workforce","description":"Nearshoring f\u00fcr Schweizer Unternehmen \u2013 dedizierte IT-Teams aus Portugal unter Schweizer F\u00fchrung","publisher":{"@id":"https:\/\/nextgen-workforce.ch\/pt-pt\/#organization"},"alternateName":"NextGen","potentialAction":[{"@type":"SearchAction","target":{"@type":"EntryPoint","urlTemplate":"https:\/\/nextgen-workforce.ch\/pt-pt\/?s={search_term_string}"},"query-input":{"@type":"PropertyValueSpecification","valueRequired":true,"valueName":"search_term_string"}}],"inLanguage":"pt-PT"},{"@type":"Organization","@id":"https:\/\/nextgen-workforce.ch\/pt-pt\/#organization","name":"NextGen Workforce","alternateName":"NextGen","url":"https:\/\/nextgen-workforce.ch\/pt-pt\/","logo":{"@type":"ImageObject","inLanguage":"pt-PT","@id":"https:\/\/nextgen-workforce.ch\/pt-pt\/#\/schema\/logo\/image\/","url":"https:\/\/nextgen-workforce.ch\/wp-content\/uploads\/2026\/03\/nextgen-workforce-logo.png","contentUrl":"https:\/\/nextgen-workforce.ch\/wp-content\/uploads\/2026\/03\/nextgen-workforce-logo.png","width":1024,"height":1024,"caption":"NextGen Workforce"},"image":{"@id":"https:\/\/nextgen-workforce.ch\/pt-pt\/#\/schema\/logo\/image\/"},"sameAs":["https:\/\/x.com\/nextgenWor","https:\/\/www.linkedin.com\/in\/nextgen-workforce\/"]}]}},"_links":{"self":[{"href":"https:\/\/nextgen-workforce.ch\/pt-pt\/wp-json\/wp\/v2\/pages\/14819","targetHints":{"allow":["GET"]}}],"collection":[{"href":"https:\/\/nextgen-workforce.ch\/pt-pt\/wp-json\/wp\/v2\/pages"}],"about":[{"href":"https:\/\/nextgen-workforce.ch\/pt-pt\/wp-json\/wp\/v2\/types\/page"}],"author":[{"embeddable":true,"href":"https:\/\/nextgen-workforce.ch\/pt-pt\/wp-json\/wp\/v2\/users\/1"}],"replies":[{"embeddable":true,"href":"https:\/\/nextgen-workforce.ch\/pt-pt\/wp-json\/wp\/v2\/comments?post=14819"}],"version-history":[{"count":1,"href":"https:\/\/nextgen-workforce.ch\/pt-pt\/wp-json\/wp\/v2\/pages\/14819\/revisions"}],"predecessor-version":[{"id":14821,"href":"https:\/\/nextgen-workforce.ch\/pt-pt\/wp-json\/wp\/v2\/pages\/14819\/revisions\/14821"}],"wp:featuredmedia":[{"embeddable":true,"href":"https:\/\/nextgen-workforce.ch\/pt-pt\/wp-json\/wp\/v2\/media\/14820"}],"wp:attachment":[{"href":"https:\/\/nextgen-workforce.ch\/pt-pt\/wp-json\/wp\/v2\/media?parent=14819"}],"curies":[{"name":"wp","href":"https:\/\/api.w.org\/{rel}","templated":true}]}}